{"id":601459,"date":"2025-03-05T02:57:51","date_gmt":"2025-03-05T01:57:51","guid":{"rendered":"https:\/\/shop.kustom.ch\/?post_type=product&#038;p=601459"},"modified":"2025-05-09T10:28:07","modified_gmt":"2025-05-09T09:28:07","slug":"wireless-phone-headset-3m-peltor-ws-alert-xpi-with-mobile-app-headband-including-batteries-and-cha","status":"publish","type":"product","link":"https:\/\/shop.kustom.ch\/fr\/produit\/wireless-phone-headset-3m-peltor-ws-alert-xpi-with-mobile-app-headband-including-batteries-and-cha\/","title":{"rendered":"Casque sans fil 3M Peltor WS Alert XPI avec application mobile - serre-t\u00eate avec piles et cha"},"content":{"rendered":"<p>Le casque 3M Peltor WS Alert XPI avec Bluetooth MultiPoint comprend une application mobile pour des r\u00e9glages et ajustements pratiques de votre casque, qui peut \u00eatre reli\u00e9 sans fil \u00e0 deux appareils externes.* Connect\u00e9 via l'application 3M Connected Equipment* Technologie sans fil Bluetooth* Microphone boom \u00e0 annulation de bruit* Fonction de son ambiant d\u00e9pendant du niveau* Radio FM int\u00e9gr\u00e9e* Nouveaux couvre-casques, roses et bleus, inclus avec le produit* Pour chaque casque vendu, 3M fera un don \u00e0 l'Association su\u00e9doise du cancer du sein et \u00e0 l'Association du cancer de la prostate pour aider \u00e0 financer la recherche et la sensibilisation au cancer.Conforme aux normes EN 352-1:2002 \/ EN 352-3:2002, EN 352-4:2001\/A1:2005, EN 352-6:2002, EN 352-8:2008.Le casque 3M Peltor WS Alert XPI est livr\u00e9 avec une application mobile, un microphone antibruit et la toute derni\u00e8re technologie Bluetooth MultiPoint, qui vous permet de connecter sans fil votre casque \u00e0 un ou deux t\u00e9l\u00e9phones mobiles afin de pouvoir passer ou recevoir des appels dans un environnement bruyant sans devoir arr\u00eater de travailler. Les propri\u00e9t\u00e9s uniques du microphone antibruit vous permettent d'utiliser le t\u00e9l\u00e9phone dans des environnements bruyants. Votre voix est amplifi\u00e9e tandis que le bruit de fond est \u00e9limin\u00e9. La nouvelle application 3M Connected Equipment permet de naviguer dans le menu de l'oreillette pour effectuer rapidement et facilement toutes les configurations. L'application permet \u00e9galement d'acc\u00e9der rapidement au manuel d'utilisation, \u00e0 la FAQ et \u00e0 la fiche technique du produit. Le nouveau 3M Peltor WS Alert XPI avec application mobile a des coques de casque en deux nouvelles couleurs : rose et bleu.<\/p>\n<p>TISSU : noir<\/p>","protected":false},"excerpt":{"rendered":"<p>The 3M Peltor WS Alert XPI Headset with Bluetooth MultiPoint includes a mobile app for convenient settings and adjustments to your headset, which can be wirelessly linked to two external devices.* Connected via 3M Connected Equipment App* Bluetooth wireless technology* Noise-cancelling boom microphone* Level-dependent ambient sound function* Built-in FM radio* New headset covers, pink and [&hellip;]<\/p>\n","protected":false},"featured_media":601518,"template":"","meta":[],"product_brand":[],"product_cat":[9643,4209],"product_tag":[],"class_list":{"0":"post-601459","1":"product","2":"type-product","3":"status-publish","4":"has-post-thumbnail","6":"product_cat-equipment","7":"product_cat-zubehoer","8":"pa_brand-blaklaeder","9":"pa_brand-type-workwear","10":"pa_filter-color-blau","11":"pa_filter-color-schwarz","13":"first","14":"instock","15":"sale","16":"taxable","17":"shipping-taxable","18":"purchasable","19":"product-type-variable","20":"add-to-wishlist-before_image"},"exclude_global_add_ons":[],"addons":[],"acf":[],"_links":{"self":[{"href":"https:\/\/shop.kustom.ch\/fr\/wp-json\/wp\/v2\/product\/601459"}],"collection":[{"href":"https:\/\/shop.kustom.ch\/fr\/wp-json\/wp\/v2\/product"}],"about":[{"href":"https:\/\/shop.kustom.ch\/fr\/wp-json\/wp\/v2\/types\/product"}],"wp:featuredmedia":[{"embeddable":true,"href":"https:\/\/shop.kustom.ch\/fr\/wp-json\/wp\/v2\/media\/601518"}],"wp:attachment":[{"href":"https:\/\/shop.kustom.ch\/fr\/wp-json\/wp\/v2\/media?parent=601459"}],"wp:term":[{"taxonomy":"product_brand","embeddable":true,"href":"https:\/\/shop.kustom.ch\/fr\/wp-json\/wp\/v2\/product_brand?post=601459"},{"taxonomy":"product_cat","embeddable":true,"href":"https:\/\/shop.kustom.ch\/fr\/wp-json\/wp\/v2\/product_cat?post=601459"},{"taxonomy":"product_tag","embeddable":true,"href":"https:\/\/shop.kustom.ch\/fr\/wp-json\/wp\/v2\/product_tag?post=601459"}],"curies":[{"name":"wp","href":"https:\/\/api.w.org\/{rel}","templated":true}]}}