{"id":601447,"date":"2025-03-05T02:57:48","date_gmt":"2025-03-05T01:57:48","guid":{"rendered":"https:\/\/shop.kustom.ch\/?post_type=product&#038;p=601447"},"modified":"2025-03-05T23:58:58","modified_gmt":"2025-03-05T22:58:58","slug":"hoerselkapa-3m-peltor-ws-alert-xp-5-hjaelmfaeste","status":"publish","type":"product","link":"https:\/\/shop.kustom.ch\/fr\/produit\/hoerselkapa-3m-peltor-ws-alert-xp-5-hjaelmfaeste\/","title":{"rendered":"Casque d'\u00e9coute 3M Peltor WS Alert XP 5 Hj\u00e4lmf\u00e4ste"},"content":{"rendered":"<p>\u00c9couteurs avec haut-parleurs, Bluetooth et radio FM int\u00e9gr\u00e9e* Vous pouvez vous connecter \u00e0 un t\u00e9l\u00e9phone portable via Bluetooth* Microphone \u00e0 main pour une transmission claire des sons dans les haut-parleurs* Les microphones plac\u00e9s \u00e0 proximit\u00e9 des \u00e9couteurs permettent de capter les sons qui vous entourent. Le son est analys\u00e9 \u00e9lectroniquement et les sons forts sont automatiquement att\u00e9nu\u00e9s. Vous ne recevez pas de messages vocaux de la part des autres utilisateurs et vous pouvez \u00e9couter les coll\u00e8gues qui vous \u00e9coutent.* Push to Listen - Permet d'\u00e9couter les messages vocaux que vous recevez et d'\u00e9couter les messages vocaux \u00e0 l'aide d'une touche de raccourci.* La dur\u00e9e de vie des piles pour le streaming et la t\u00e9l\u00e9phonie via Bluetooth est de 78 heures, 58 heures pour la radio FM.* Les fonctions de t\u00e9l\u00e9phonie mobile peuvent \u00eatre activ\u00e9es et d\u00e9sactiv\u00e9es lorsqu'un kit d'hygi\u00e8ne est disponible.\u00d6verensst\u00e4mmer med EN 352-1:2002 \/ EN 352-3:2003 \/ EN 352-4:2001\/A1:2005 \/ EN 352-6:2002.Dampungsv\u00e4rden:H = 34M = 28L = 18SNR = 30<\/p>\n<p>TISSU : noir<\/p>","protected":false},"excerpt":{"rendered":"<p>H\u00f6rselk\u00e5pa med hj\u00e4lmf\u00e4ste, Bluetooth och inbygg FM-radio.* Man kan via Bluetooth ansluta en mobiltelefon.* Bullerreducerande bommikrofon f\u00f6r klar \u00f6verf\u00f6ring av talljudet i bullriga milj\u00f6er* Mikrofonerna p\u00e5 utsidan av h\u00f6rselk\u00e5pan f\u00e5ngar upp ljud omkring dig. Ljudet analyseras elektroniskt och starka ljud d\u00e4mpas automatiskt. Du skadar inte h\u00f6rseln samtidigt som tal sorteras ut och du kan h\u00f6ra [&hellip;]<\/p>\n","protected":false},"featured_media":601502,"template":"","meta":[],"product_brand":[],"product_cat":[9643,4209],"product_tag":[],"class_list":{"0":"post-601447","1":"product","2":"type-product","3":"status-publish","4":"has-post-thumbnail","6":"product_cat-equipment","7":"product_cat-zubehoer","8":"pa_brand-blaklaeder","9":"pa_brand-type-workwear","10":"pa_filter-color-schwarz","12":"first","13":"instock","14":"sale","15":"taxable","16":"shipping-taxable","17":"purchasable","18":"product-type-variable","19":"add-to-wishlist-before_image"},"exclude_global_add_ons":[],"addons":[],"acf":[],"_links":{"self":[{"href":"https:\/\/shop.kustom.ch\/fr\/wp-json\/wp\/v2\/product\/601447"}],"collection":[{"href":"https:\/\/shop.kustom.ch\/fr\/wp-json\/wp\/v2\/product"}],"about":[{"href":"https:\/\/shop.kustom.ch\/fr\/wp-json\/wp\/v2\/types\/product"}],"wp:featuredmedia":[{"embeddable":true,"href":"https:\/\/shop.kustom.ch\/fr\/wp-json\/wp\/v2\/media\/601502"}],"wp:attachment":[{"href":"https:\/\/shop.kustom.ch\/fr\/wp-json\/wp\/v2\/media?parent=601447"}],"wp:term":[{"taxonomy":"product_brand","embeddable":true,"href":"https:\/\/shop.kustom.ch\/fr\/wp-json\/wp\/v2\/product_brand?post=601447"},{"taxonomy":"product_cat","embeddable":true,"href":"https:\/\/shop.kustom.ch\/fr\/wp-json\/wp\/v2\/product_cat?post=601447"},{"taxonomy":"product_tag","embeddable":true,"href":"https:\/\/shop.kustom.ch\/fr\/wp-json\/wp\/v2\/product_tag?post=601447"}],"curies":[{"name":"wp","href":"https:\/\/api.w.org\/{rel}","templated":true}]}}