{"id":601283,"date":"2025-03-05T02:50:55","date_gmt":"2025-03-05T01:50:55","guid":{"rendered":"https:\/\/shop.kustom.ch\/?post_type=product&#038;p=601283"},"modified":"2026-03-31T09:15:20","modified_gmt":"2026-03-31T08:15:20","slug":"reparaturset-freelock-stiefel-schwarz-mittelgrau","status":"publish","type":"product","link":"https:\/\/shop.kustom.ch\/fr\/produit\/reparaturset-freelock-stiefel-schwarz-mittelgrau\/","title":{"rendered":"Kit de r\u00e9paration bottes Freelock noir\/gris moyen"},"content":{"rendered":"<p>Un kit de r\u00e9paration complet pour changer le syst\u00e8me Freelock des bottes de s\u00e9curit\u00e9 Bl\u00e5kl\u00e4der.<\/p>\n<p>FONCTIONNALIT\u00c9 : Freelock. TISSU : gris. CONDITIONNEMENT : 1 pack en sachet<\/p>","protected":false},"excerpt":{"rendered":"<p>Ein komplettes Reparaturset zum Wechsel des Freelock Systems bei Bl\u00e5kl\u00e4ders Sicherheitsstiefeln. FUNKTIONALIT\u00c4T: Freelock. STOFF: grau. VERPACKUNG: 1er-Pack im Beutel<\/p>","protected":false},"featured_media":601340,"template":"","meta":[],"product_brand":[],"product_cat":[9643,4197],"product_tag":[],"class_list":{"0":"post-601283","1":"product","2":"type-product","3":"status-publish","4":"has-post-thumbnail","6":"product_cat-equipment","7":"product_cat-schuhe-sandalen","8":"pa_brand-blaklaeder","9":"pa_brand-type-workwear","10":"pa_filter-color-grau","11":"pa_filter-color-schwarz","13":"first","14":"instock","15":"sale","16":"taxable","17":"shipping-taxable","18":"purchasable","19":"product-type-variable","20":"add-to-wishlist-before_image"},"exclude_global_add_ons":[],"addons":[],"acf":[],"_links":{"self":[{"href":"https:\/\/shop.kustom.ch\/fr\/wp-json\/wp\/v2\/product\/601283"}],"collection":[{"href":"https:\/\/shop.kustom.ch\/fr\/wp-json\/wp\/v2\/product"}],"about":[{"href":"https:\/\/shop.kustom.ch\/fr\/wp-json\/wp\/v2\/types\/product"}],"wp:featuredmedia":[{"embeddable":true,"href":"https:\/\/shop.kustom.ch\/fr\/wp-json\/wp\/v2\/media\/601340"}],"wp:attachment":[{"href":"https:\/\/shop.kustom.ch\/fr\/wp-json\/wp\/v2\/media?parent=601283"}],"wp:term":[{"taxonomy":"product_brand","embeddable":true,"href":"https:\/\/shop.kustom.ch\/fr\/wp-json\/wp\/v2\/product_brand?post=601283"},{"taxonomy":"product_cat","embeddable":true,"href":"https:\/\/shop.kustom.ch\/fr\/wp-json\/wp\/v2\/product_cat?post=601283"},{"taxonomy":"product_tag","embeddable":true,"href":"https:\/\/shop.kustom.ch\/fr\/wp-json\/wp\/v2\/product_tag?post=601283"}],"curies":[{"name":"wp","href":"https:\/\/api.w.org\/{rel}","templated":true}]}}