{"id":601261,"date":"2025-03-05T02:50:49","date_gmt":"2025-03-05T01:50:49","guid":{"rendered":"https:\/\/shop.kustom.ch\/?post_type=product&#038;p=601261"},"modified":"2026-03-31T09:14:47","modified_gmt":"2026-03-31T08:14:47","slug":"t-shirt-limited-edition-women","status":"publish","type":"product","link":"https:\/\/shop.kustom.ch\/fr\/produit\/t-shirt-limited-edition-women\/","title":{"rendered":"T-shirt \u00e9dition limit\u00e9e femmes"},"content":{"rendered":"<p>T-shirt en \u00e9dition limit\u00e9e avec impression \u201aLife is too short for poor quality\u201a. Un T-shirt confortable avec une coupe f\u00e9minine en coton 100%. Le T-shirt a une chemise \u00e0 c\u00f4tes et des coutures renforc\u00e9es au niveau du cou et des \u00e9paules.<\/p>\n<p>TISSU : bleu<\/p>\n<p>100% Coton, jersey, 150 g\/m<\/p>","protected":false},"excerpt":{"rendered":"<p>Limited Edition T-shirt with &#8218;Life is too short for poor quality &#8218; print. A comfortable T-shirt with a women&#8217;s fit in 100% cotton. The T-shirt has a ribbed hem and reinforced neck and shoulder seams. STOFF: blau 100% Baumwolle, Jersey, 150 g\/m\u00b2<\/p>","protected":false},"featured_media":601317,"template":"","meta":[],"product_brand":[],"product_cat":[4201],"product_tag":[],"class_list":{"0":"post-601261","1":"product","2":"type-product","3":"status-publish","4":"has-post-thumbnail","6":"product_cat-t-shirts","7":"pa_brand-blaklaeder","8":"pa_brand-type-workwear","9":"pa_filter-color-blau","11":"first","12":"instock","13":"sale","14":"taxable","15":"shipping-taxable","16":"purchasable","17":"product-type-variable","18":"add-to-wishlist-before_image"},"exclude_global_add_ons":[],"addons":[],"acf":[],"_links":{"self":[{"href":"https:\/\/shop.kustom.ch\/fr\/wp-json\/wp\/v2\/product\/601261"}],"collection":[{"href":"https:\/\/shop.kustom.ch\/fr\/wp-json\/wp\/v2\/product"}],"about":[{"href":"https:\/\/shop.kustom.ch\/fr\/wp-json\/wp\/v2\/types\/product"}],"wp:featuredmedia":[{"embeddable":true,"href":"https:\/\/shop.kustom.ch\/fr\/wp-json\/wp\/v2\/media\/601317"}],"wp:attachment":[{"href":"https:\/\/shop.kustom.ch\/fr\/wp-json\/wp\/v2\/media?parent=601261"}],"wp:term":[{"taxonomy":"product_brand","embeddable":true,"href":"https:\/\/shop.kustom.ch\/fr\/wp-json\/wp\/v2\/product_brand?post=601261"},{"taxonomy":"product_cat","embeddable":true,"href":"https:\/\/shop.kustom.ch\/fr\/wp-json\/wp\/v2\/product_cat?post=601261"},{"taxonomy":"product_tag","embeddable":true,"href":"https:\/\/shop.kustom.ch\/fr\/wp-json\/wp\/v2\/product_tag?post=601261"}],"curies":[{"name":"wp","href":"https:\/\/api.w.org\/{rel}","templated":true}]}}