{"id":601190,"date":"2025-03-05T02:49:27","date_gmt":"2025-03-05T01:49:27","guid":{"rendered":"https:\/\/shop.kustom.ch\/?post_type=product&#038;p=601190"},"modified":"2026-03-31T09:13:15","modified_gmt":"2026-03-31T08:13:15","slug":"damen-high-vis-arbeitshose-mit-stretch-3","status":"publish","type":"product","link":"https:\/\/shop.kustom.ch\/fr\/produit\/damen-high-vis-arbeitshose-mit-stretch-3\/","title":{"rendered":"Pantalon de travail haute visibilit\u00e9 pour femmes avec stretch"},"content":{"rendered":"<p>Pantalon de travail haute visibilit\u00e9 robuste, confortable et pratique en coton 100 % avec des sections haute visibilit\u00e9. Ce pantalon pour femmes est dot\u00e9 d'inserts stretch 4 directions \u00e0 l'arri\u00e8re pour un confort et une l\u00e9g\u00e8ret\u00e9 exceptionnels. Poche m\u00e8tre, poches holster, poche t\u00e9l\u00e9phone facilement accessible et poches arri\u00e8re renforc\u00e9es par CORDURA\u00ae. Le pantalon dispose en outre de poches de genouill\u00e8res renforc\u00e9es par du CORDURA\u00ae stretch pour un meilleur confort. \u00c9galement disponible en mod\u00e8le homme 1794. Certifi\u00e9 selon la norme EN ISO 20471, classe 1.<\/p>\n<p>FERMETURE : Bas de jambe avec renfort \u00e0 l'arri\u00e8re. D\u00c9TAILS : Poche amovible pour carte d'identit\u00e9. Boutons-pression en m\u00e9tal. Porte-couteau avec bouton. Couture int\u00e9rieure de la jambe avec triple couture. Fermeture \u00e0 glissi\u00e8re en plastique \u00e0 l'entrejambe. Deux passants de ceinture sur les c\u00f4t\u00e9s avec un bouton pour un passant pour marteau, un passant de ceinture avec anneau en D \u00e0 l'avant. Large passant de ceinture \u00e0 l'arri\u00e8re. Anneau en D \u00e0 la taille. FONCTIONNALIT\u00c9 : Insert stretch \u00e0 l'arri\u00e8re. Jambes de pantalon particuli\u00e8rement ergonomiques. TRAVAILLEURS PRINCIPAUX : Travailleurs de la route et du b\u00e2timent. EN ISO 20471. REFLEX : D\u00e9tails r\u00e9fl\u00e9chissants sur la jambe. TISSU : Disponible pour hommes et femmes. bleu. Poches pour genouill\u00e8res. Tissu stretch. POCHES : Poche sur la jambe avec soufflet, poche pour stylo, poche flexible pour t\u00e9l\u00e9phone portable et deux grandes poches - une avec fermeture \u00e9clair et poche amovible pour carte d'identit\u00e9. Poches arri\u00e8re renforc\u00e9es par un soufflet. Convient \u00e0 tous les mod\u00e8les avec poches genouill\u00e8res Bl\u00e5kl\u00e4der. Poches \u00e0 clous - avec porte-outils et poches suppl\u00e9mentaires \u00e0 fermeture \u00e9clair. Poche ins\u00e9r\u00e9e avec insert stretch. Poche m\u00e8tre renforc\u00e9e avec porte couteau et poche stylo. INSTRUCTIONS DE LAVAGE : Nombre de lavages : 50. 40\u00b0 C. RENFORCEMENT : Poches \u00e0 clous renforc\u00e9es en CORDURA\u00ae, poche m\u00e8tre, poches arri\u00e8re et ourlet de la jambe \u00e0 l'arri\u00e8re. CERTIFICATION : EN 14404:2004+A1:2010 avec genouill\u00e8res 4027, 4057, 4058 et 4032. Groupe de certification W<\/p>\n<p>100% Coton, serg\u00e9, 370 g\/m<\/p>","protected":false},"excerpt":{"rendered":"<p>Robuste, bequeme und praktische High Vis Arbeitshose aus 100 % Baumwolle mit High Vis Abschnitten. Diese Damenhose hat 4-Wege-Stretcheins\u00e4tze auf der R\u00fcckseite f\u00fcr ein besonders leichtes und angenehmes Tragegef\u00fchl. Zollstocktasche, Holstertaschen, leicht zug\u00e4ngliche Handytasche und Ges\u00e4sstaschen, die mit CORDURA\u00ae verst\u00e4rkt sind. Die Hose verf\u00fcgt ausserdem \u00fcber mit CORDURA\u00ae-Stretch verst\u00e4rkte Kniepolstertaschen, um den Tragekomfort zu erh\u00f6hen. [&hellip;]<\/p>\n","protected":false},"featured_media":601210,"template":"","meta":[],"product_brand":[],"product_cat":[4185],"product_tag":[],"class_list":{"0":"post-601190","1":"product","2":"type-product","3":"status-publish","4":"has-post-thumbnail","6":"product_cat-hosen","7":"pa_brand-blaklaeder","8":"pa_brand-type-workwear","9":"pa_filter-color-blau","10":"pa_filter-color-gelb","11":"pa_filter-color-schwarz","13":"first","14":"instock","15":"sale","16":"taxable","17":"shipping-taxable","18":"purchasable","19":"product-type-variable","20":"add-to-wishlist-before_image"},"exclude_global_add_ons":[],"addons":[],"acf":[],"_links":{"self":[{"href":"https:\/\/shop.kustom.ch\/fr\/wp-json\/wp\/v2\/product\/601190"}],"collection":[{"href":"https:\/\/shop.kustom.ch\/fr\/wp-json\/wp\/v2\/product"}],"about":[{"href":"https:\/\/shop.kustom.ch\/fr\/wp-json\/wp\/v2\/types\/product"}],"wp:featuredmedia":[{"embeddable":true,"href":"https:\/\/shop.kustom.ch\/fr\/wp-json\/wp\/v2\/media\/601210"}],"wp:attachment":[{"href":"https:\/\/shop.kustom.ch\/fr\/wp-json\/wp\/v2\/media?parent=601190"}],"wp:term":[{"taxonomy":"product_brand","embeddable":true,"href":"https:\/\/shop.kustom.ch\/fr\/wp-json\/wp\/v2\/product_brand?post=601190"},{"taxonomy":"product_cat","embeddable":true,"href":"https:\/\/shop.kustom.ch\/fr\/wp-json\/wp\/v2\/product_cat?post=601190"},{"taxonomy":"product_tag","embeddable":true,"href":"https:\/\/shop.kustom.ch\/fr\/wp-json\/wp\/v2\/product_tag?post=601190"}],"curies":[{"name":"wp","href":"https:\/\/api.w.org\/{rel}","templated":true}]}}