{"id":601142,"date":"2025-03-05T02:48:47","date_gmt":"2025-03-05T01:48:47","guid":{"rendered":"https:\/\/shop.kustom.ch\/?post_type=product&#038;p=601142"},"modified":"2026-03-31T09:12:36","modified_gmt":"2026-03-31T08:12:36","slug":"damen-handwerker-shorts-4-wege-stretch","status":"publish","type":"product","link":"https:\/\/shop.kustom.ch\/fr\/produit\/damen-handwerker-shorts-4-wege-stretch\/","title":{"rendered":"Short d'artisanat pour femme 4-way stretch"},"content":{"rendered":"<p>Un short d'artisan avec une coupe f\u00e9minine. Une combinaison de mat\u00e9riaux stretch l\u00e9gers \u00e0 4 voies qui offrent le confort ultime. L'arri\u00e8re et l'entrejambe ont un stretch 4 directions avec du coton \u00e0 l'int\u00e9rieur pour un maximum de confort et l'empi\u00e8cement arri\u00e8re a un mat\u00e9riau stretch 4 directions extra l\u00e9ger pour la ventilation. Le short a une coupe plus \u00e9troite et un aspect plus serr\u00e9. Le v\u00eatement d'artisan parfait pour les journ\u00e9es chaudes. \u00c9galement disponible en mod\u00e8le homme 1520.<\/p>\n<p>D\u00c9TAILS : Poche amovible pour carte d'identit\u00e9. Boutons en m\u00e9tal. Porte-couteau avec bouton. Couture \u00e0 l'entrejambe comme double couture. Fermeture \u00e0 glissi\u00e8re en plastique \u00e0 l'entrejambe. Deux passants sur les c\u00f4t\u00e9s avec un bouton pour le porte-marteau. \u00c9lastique \u00e0 la taille. FONCTIONNALIT\u00c9 : stretch 4 directions. Taille pour femme. CARACTERISTIQUES PRINCIPALES : \u00e9lectricien. Femmes . TISSU : Femme. Noir. Empi\u00e8cement en stretch. Tissu stretch. POCHES : Poches arri\u00e8re renforc\u00e9es par un soufflet. Poches \u00e0 clous - avec porte-outils et poche suppl\u00e9mentaire avec fermeture \u00e9clair. Poches avec soufflet, poche pour stylo et couteau. Rabat avec bouton magn\u00e9tique cach\u00e9. Poches lat\u00e9rales. Poche m\u00e8tre renforc\u00e9e avec porte couteau et poche stylo. INSTRUCTIONS DE LAVAGE : Ne pas nettoyer \u00e0 sec. RENFORCEMENT : Poches pendantes renforc\u00e9es en CORDURA\u00ae, poches arri\u00e8res, poche m\u00e8tre, poches sur les jambes<\/p>\n<p>92% polyamide, 8% \u00e9lasthanne, double tissage, stretch quadri-directionnel, 230 g\/m<\/p>","protected":false},"excerpt":{"rendered":"<p>Eine Handwerker Shorts mit einem weiblichen Schnitt. Eine Kombination aus leichten 4-Wege-Stretch-Materialien, die den ultimativen Komfort bieten. R\u00fcckseite und Schritt haben einen 4-Wege-Stretch mit Baumwolle innen f\u00fcr maximalen Komfort und die hintere Passe hat ein extra leichtes 4-Wege-Stretch-Material f\u00fcr Bel\u00fcftung. Die Shorts hat eine engere Passform und ein engeres Aussehen. Die perfekte Handwerkerkleidung f\u00fcr heisse [&hellip;]<\/p>\n","protected":false},"featured_media":601168,"template":"","meta":[],"product_brand":[],"product_cat":[4198],"product_tag":[],"class_list":{"0":"post-601142","1":"product","2":"type-product","3":"status-publish","4":"has-post-thumbnail","6":"product_cat-shorts","7":"pa_brand-blaklaeder","8":"pa_brand-type-workwear","9":"pa_filter-color-blau","10":"pa_filter-color-grau","11":"pa_filter-color-schwarz","13":"first","14":"instock","15":"sale","16":"taxable","17":"shipping-taxable","18":"purchasable","19":"product-type-variable","20":"add-to-wishlist-before_image"},"exclude_global_add_ons":[],"addons":[],"acf":[],"_links":{"self":[{"href":"https:\/\/shop.kustom.ch\/fr\/wp-json\/wp\/v2\/product\/601142"}],"collection":[{"href":"https:\/\/shop.kustom.ch\/fr\/wp-json\/wp\/v2\/product"}],"about":[{"href":"https:\/\/shop.kustom.ch\/fr\/wp-json\/wp\/v2\/types\/product"}],"wp:featuredmedia":[{"embeddable":true,"href":"https:\/\/shop.kustom.ch\/fr\/wp-json\/wp\/v2\/media\/601168"}],"wp:attachment":[{"href":"https:\/\/shop.kustom.ch\/fr\/wp-json\/wp\/v2\/media?parent=601142"}],"wp:term":[{"taxonomy":"product_brand","embeddable":true,"href":"https:\/\/shop.kustom.ch\/fr\/wp-json\/wp\/v2\/product_brand?post=601142"},{"taxonomy":"product_cat","embeddable":true,"href":"https:\/\/shop.kustom.ch\/fr\/wp-json\/wp\/v2\/product_cat?post=601142"},{"taxonomy":"product_tag","embeddable":true,"href":"https:\/\/shop.kustom.ch\/fr\/wp-json\/wp\/v2\/product_tag?post=601142"}],"curies":[{"name":"wp","href":"https:\/\/api.w.org\/{rel}","templated":true}]}}