{"id":601130,"date":"2025-03-05T02:48:45","date_gmt":"2025-03-05T01:48:45","guid":{"rendered":"https:\/\/shop.kustom.ch\/?post_type=product&#038;p=601130"},"modified":"2026-03-31T09:12:14","modified_gmt":"2026-03-31T08:12:14","slug":"damen-maler-shorts-mit-stretch-x1900","status":"publish","type":"product","link":"https:\/\/shop.kustom.ch\/fr\/produit\/damen-maler-shorts-mit-stretch-x1900\/","title":{"rendered":"Short de peintre femme avec stretch X1900"},"content":{"rendered":"<p>Un short de peintre moderne et confortable \u00e0 la coupe f\u00e9minine avec des empi\u00e8cements en stretch \u00e0 des endroits soigneusement choisis pour plus de confort et de libert\u00e9 de mouvement. Le short est dot\u00e9 d'un \u00e9lastique \u00e0 la taille et le pourcentage \u00e9lev\u00e9 de coton permet une bonne absorption de l'humidit\u00e9. \u00c9galement disponible en mod\u00e8le homme 1911.<\/p>\n<p>D\u00c9TAILS : bouton en m\u00e9tal. Fermeture \u00e0 glissi\u00e8re en plastique \u00e0 l'entrejambe. Anneau en D \u00e0 la taille. FONCTIONNALIT\u00c9 : Insert en stretch \u00e0 l'entrejambe et au fessier. Jambes de pantalon particuli\u00e8rement ergonomiques. CARACTERISTIQUES PRINCIPALES : Peintre. Disponible pour femmes et hommes. TISSU : Femme. Noir. Insert en stretch. Peintre. POSSIBILIT\u00c9S : Poche sur la jambe sp\u00e9cialement con\u00e7ue pour les spatules et les pinceaux. Poches arri\u00e8re. Poche pour t\u00e9l\u00e9phone portable \u00e0 l'int\u00e9rieur. Poches \u00e0 clous \u00e0 l'avant. Poches lat\u00e9rales. INSTRUCTIONS DE LAVAGE : Ne pas nettoyer \u00e0 sec. RENFORCEMENT : poches \u00e0 clous et poche m\u00e8tre renforc\u00e9es en CORDURA\u00ae.<\/p>\n<p>100% Coton, toile, 270 g\/m<\/p>","protected":false},"excerpt":{"rendered":"<p>Eine moderne, bequeme Malershorts im Damenschnitt mit Stretch-Eins\u00e4tzen an sorgf\u00e4ltig ausgew\u00e4hlten Stellen f\u00fcr mehr Komfort und Bewegungsfreiheit. Die Shorts hat einen Gummizug in der Taille und der hohe Baumwollanteil erm\u00f6glicht eine gute Feuchtigkeitsaufnahme. Auch erh\u00e4ltlich als Herrenmodell 1911. DETAILS: Metallknopf. Kunststoff-Reissverschluss im Schritt. D-Ring am Bund. FUNKTIONALIT\u00c4T: Stretch Einsatz im Schritt und am Ges\u00e4ss. Besonders [&hellip;]<\/p>\n","protected":false},"featured_media":601167,"template":"","meta":[],"product_brand":[],"product_cat":[4198],"product_tag":[],"class_list":{"0":"post-601130","1":"product","2":"type-product","3":"status-publish","4":"has-post-thumbnail","6":"product_cat-shorts","7":"pa_brand-blaklaeder","8":"pa_brand-type-workwear","9":"pa_filter-color-schwarz","10":"pa_filter-color-weiss","12":"first","13":"instock","14":"sale","15":"taxable","16":"shipping-taxable","17":"purchasable","18":"product-type-variable","19":"add-to-wishlist-before_image"},"exclude_global_add_ons":[],"addons":[],"acf":[],"_links":{"self":[{"href":"https:\/\/shop.kustom.ch\/fr\/wp-json\/wp\/v2\/product\/601130"}],"collection":[{"href":"https:\/\/shop.kustom.ch\/fr\/wp-json\/wp\/v2\/product"}],"about":[{"href":"https:\/\/shop.kustom.ch\/fr\/wp-json\/wp\/v2\/types\/product"}],"wp:featuredmedia":[{"embeddable":true,"href":"https:\/\/shop.kustom.ch\/fr\/wp-json\/wp\/v2\/media\/601167"}],"wp:attachment":[{"href":"https:\/\/shop.kustom.ch\/fr\/wp-json\/wp\/v2\/media?parent=601130"}],"wp:term":[{"taxonomy":"product_brand","embeddable":true,"href":"https:\/\/shop.kustom.ch\/fr\/wp-json\/wp\/v2\/product_brand?post=601130"},{"taxonomy":"product_cat","embeddable":true,"href":"https:\/\/shop.kustom.ch\/fr\/wp-json\/wp\/v2\/product_cat?post=601130"},{"taxonomy":"product_tag","embeddable":true,"href":"https:\/\/shop.kustom.ch\/fr\/wp-json\/wp\/v2\/product_tag?post=601130"}],"curies":[{"name":"wp","href":"https:\/\/api.w.org\/{rel}","templated":true}]}}