{"id":601039,"date":"2025-03-05T02:47:20","date_gmt":"2025-03-05T01:47:20","guid":{"rendered":"https:\/\/shop.kustom.ch\/?post_type=product&#038;p=601039"},"modified":"2026-03-31T09:09:54","modified_gmt":"2026-03-31T08:09:54","slug":"damen-high-vis-softshell-arbeitshose-2","status":"publish","type":"product","link":"https:\/\/shop.kustom.ch\/fr\/produit\/damen-high-vis-softshell-arbeitshose-2\/","title":{"rendered":"Pantalon de travail Softshell haute visibilit\u00e9 pour femmes"},"content":{"rendered":"<p>Pantalon de travail automne-hiver haute visibilit\u00e9, coupe femme, en Softshell extensible 100%. Le mat\u00e9riau rend le pantalon extr\u00eamement doux, confortable et souple et poss\u00e8de des empi\u00e8cements fonc\u00e9s et antisalissure aux endroits expos\u00e9s. Le mat\u00e9riau est imperm\u00e9able, coupe-vent et poss\u00e8de une excellente respirabilit\u00e9. Le pantalon dispose de d\u00e9tails avanc\u00e9s et de poches pratiques renforc\u00e9es en CORDURA\u00ae, d'une poche \u00e0 soufflet sur la jambe, d'une poche m\u00e8tre, de poches holster amovibles avec fermetures \u00e0 glissi\u00e8re, de poches \u00e0 soufflet \u00e0 l'arri\u00e8re et de porte-outils pratiques, comme une boucle pour un porte-marteau. La poche de genouill\u00e8re est renforc\u00e9e \u00e0 l'ext\u00e9rieur par du CORDURA\u00ae stretch. Bas des jambes renforc\u00e9s en CORDURA\u00ae pour une protection efficace contre l'usure. Le meilleur choix pour les travaux par temps difficile. \u00c9galement disponible en mod\u00e8le homme 1820.<\/p>\n<p>FERMETURE : Bas de jambe avec renfort en CORDURA\u00ae. D\u00c9TAILS : Poche amovible pour carte d'identit\u00e9. Boutons en m\u00e9tal. Porte-couteau avec bouton. Couture int\u00e9rieure de la jambe avec triple couture. Fermeture \u00e0 glissi\u00e8re en plastique \u00e0 l'entrejambe. Deux passants sur les c\u00f4t\u00e9s avec un bouton pour le porte-marteau. Taille r\u00e9glable. FONCTIONNALIT\u00c9 : coupe-vent &amp; imperm\u00e9able, coutures non scell\u00e9es, respirant. Coupe normale. ACTIVIT\u00c9S PRINCIPALES : Travailleurs de la route et du b\u00e2timent. RIS-3279-TOM . REFLEX : mat\u00e9riau r\u00e9fl\u00e9chissant autour des jambes. TISSU : Femmes. bleu. hydrofuge. Protection haute visibilit\u00e9. POCHES : Poche sur la jambe avec soufflet et rabat avec fermeture velcro et poche int\u00e9rieure pour t\u00e9l\u00e9phone portable en mesh. Poches arri\u00e8re renforc\u00e9es par un soufflet. Poches rembourr\u00e9es aux genoux. Poches \u00e0 clous - amovibles et extra larges, avec boucles pour outils et compartiments \u00e0 outils suppl\u00e9mentaires. Poches lat\u00e9rales. Poche m\u00e8tre renforc\u00e9e avec porte couteau et poche stylo. INSTRUCTIONS DE LAVAGE : Nombre de lavages : 25. Ne pas repasser. RENFORCEMENT : Poches \u00e0 clous, poches arri\u00e8re et poche m\u00e8tre renforc\u00e9es en CORDURA\u00ae. CERTIFICATION : EN 14404:2004+A1:2010 avec genouill\u00e8res 4027, 4057, 4058 et 4032. Les v\u00eatements de classe 2 et 3 en orange sont conformes au RIS-3279-TOM Issue 2.<\/p>\n<p>92% polyester, 8% \u00e9lasthanne, softshell 3 couches, imperm\u00e9able 11.000 mm, coupe-vent, respirant Ret 20,0, stretch, 255 g\/m<\/p>","protected":false},"excerpt":{"rendered":"<p>Herbst und Winter High Vis Arbeitshose im Damenschnitt aus 100% dehnbarem Softshell. Das Material macht die Hose extrem weich, bequem und geschmeidig und hat dunkle, schmutzabweisende Eins\u00e4tze an exponierten Stellen. Das Material ist wasserdicht, winddicht und hat eine ausgezeichnete Atmungsaktivit\u00e4t. Die Hose verf\u00fcgt \u00fcber fortschrittliche Details und praktische Taschen mit CORDURA\u00ae-Verst\u00e4rkung, eine Beintasche mit Balg, [&hellip;]<\/p>\n","protected":false},"featured_media":601048,"template":"","meta":[],"product_brand":[],"product_cat":[4185],"product_tag":[],"class_list":{"0":"post-601039","1":"product","2":"type-product","3":"status-publish","4":"has-post-thumbnail","6":"product_cat-hosen","7":"pa_brand-blaklaeder","8":"pa_brand-type-workwear","9":"pa_filter-color-blau","10":"pa_filter-color-gelb","11":"pa_filter-color-orange","12":"pa_filter-color-rot","13":"pa_filter-color-schwarz","15":"first","16":"instock","17":"sale","18":"taxable","19":"shipping-taxable","20":"purchasable","21":"product-type-variable","22":"add-to-wishlist-before_image"},"exclude_global_add_ons":[],"addons":[],"acf":[],"_links":{"self":[{"href":"https:\/\/shop.kustom.ch\/fr\/wp-json\/wp\/v2\/product\/601039"}],"collection":[{"href":"https:\/\/shop.kustom.ch\/fr\/wp-json\/wp\/v2\/product"}],"about":[{"href":"https:\/\/shop.kustom.ch\/fr\/wp-json\/wp\/v2\/types\/product"}],"wp:featuredmedia":[{"embeddable":true,"href":"https:\/\/shop.kustom.ch\/fr\/wp-json\/wp\/v2\/media\/601048"}],"wp:attachment":[{"href":"https:\/\/shop.kustom.ch\/fr\/wp-json\/wp\/v2\/media?parent=601039"}],"wp:term":[{"taxonomy":"product_brand","embeddable":true,"href":"https:\/\/shop.kustom.ch\/fr\/wp-json\/wp\/v2\/product_brand?post=601039"},{"taxonomy":"product_cat","embeddable":true,"href":"https:\/\/shop.kustom.ch\/fr\/wp-json\/wp\/v2\/product_cat?post=601039"},{"taxonomy":"product_tag","embeddable":true,"href":"https:\/\/shop.kustom.ch\/fr\/wp-json\/wp\/v2\/product_tag?post=601039"}],"curies":[{"name":"wp","href":"https:\/\/api.w.org\/{rel}","templated":true}]}}