{"id":600959,"date":"2025-03-05T02:45:39","date_gmt":"2025-03-05T01:45:39","guid":{"rendered":"https:\/\/shop.kustom.ch\/?post_type=product&#038;p=600959"},"modified":"2026-03-31T09:09:43","modified_gmt":"2026-03-31T08:09:43","slug":"damen-high-vis-arbeitshose-softshell","status":"publish","type":"product","link":"https:\/\/shop.kustom.ch\/fr\/produit\/damen-high-vis-arbeitshose-softshell\/","title":{"rendered":"Pantalon de travail haute visibilit\u00e9 Softshell pour femmes"},"content":{"rendered":"<p>Pantalon de travail automne-hiver de classe 1, coupe femme, en Softshell extensible 100%. Ce mat\u00e9riau rend le pantalon extr\u00eamement doux, confortable et souple. Le mat\u00e9riau est imperm\u00e9able, coupe-vent et poss\u00e8de une excellente respirabilit\u00e9. Le pantalon dispose de d\u00e9tails avanc\u00e9s et de poches pratiques renforc\u00e9es en CORDURA\u00ae, d'une poche sur la jambe avec soufflet, d'une poche m\u00e8tre, de poches holster amovibles avec fermetures \u00e0 glissi\u00e8re, de poches avec soufflet \u00e0 l'arri\u00e8re et de porte-outils pratiques, comme une boucle pour porte-marteau. Les poches pour genouill\u00e8res sont renforc\u00e9es \u00e0 l'ext\u00e9rieur par du CORDURA\u00ae stretch. Les bas de jambes sont renforc\u00e9s en CORDURA\u00ae pour une protection efficace contre l'usure. Le meilleur choix pour les travaux par temps difficile. \u00c9galement disponible en mod\u00e8le homme 1821.<\/p>\n<p>FERMETURE : Bas de jambe avec renfort en CORDURA\u00ae. D\u00c9TAILS : Poche amovible pour carte d'identit\u00e9. Boutons en m\u00e9tal. Porte-couteau avec bouton. Couture int\u00e9rieure de la jambe avec triple couture. Fermeture \u00e0 glissi\u00e8re en plastique \u00e0 l'entrejambe. Larges passants de ceinture \u00e0 l'arri\u00e8re et sur les c\u00f4t\u00e9s. Anneau en D \u00e0 la taille. FONCTIONNALIT\u00c9 : Stretch dans les deux sens. Jambes de pantalon de forme particuli\u00e8rement ergonomique. TRAVAILLEURS PRINCIPAUX : Travailleurs de la route et du b\u00e2timent. EN ISO 20471. REFLEX : Mat\u00e9riau r\u00e9fl\u00e9chissant tout autour des jambes. TISSU : Femmes. Bleu. Poches pour genouill\u00e8res. Protection haute visibilit\u00e9. POCHES : Poche sur la jambe avec soufflet et rabat avec fermeture velcro et poche int\u00e9rieure pour t\u00e9l\u00e9phone portable en mesh. Poches arri\u00e8re renforc\u00e9es par un soufflet. Poches rembourr\u00e9es aux genoux. Poches \u00e0 clous - amovibles et extra larges, avec boucles pour outils et compartiments \u00e0 outils suppl\u00e9mentaires. Poches lat\u00e9rales. Poche m\u00e8tre renforc\u00e9e avec porte couteau et poche stylo. INSTRUCTIONS DE LAVAGE : Nombre de lavages : 25. 40\u00b0 C. RENFORCEMENT : Poches \u00e0 clous, poches arri\u00e8re et poche m\u00e8tre renforc\u00e9es en CORDURA\u00ae. CERTIFICATION : EN 14404:2004+A1:2010 avec genouill\u00e8res 4027, 4057, 4058 et 4032. Groupe de certification W<\/p>\n<p>92% polyester, 8% \u00e9lasthanne, softshell 3 couches, imperm\u00e9able 11.000 mm, coupe-vent, respirant Ret 20,0, stretch, 255 g\/m<\/p>","protected":false},"excerpt":{"rendered":"<p>Herbst- und Winter Arbeitshose der Klasse 1 im Damenschnitt, aus 100% dehnbarem Softshell. Das Material macht die Hose extrem weich, bequem und geschmeidig. Das Material ist wasserdicht, winddicht und hat eine ausgezeichnete Atmungsaktivit\u00e4t. Die Hose verf\u00fcgt \u00fcber fortschrittliche Details und praktische Taschen mit CORDURA\u00ae-Verst\u00e4rkung, eine Beintasche mit Balg, eine Zollstocktasche, abnehmbare Holstertaschen mit Reissverschl\u00fcssen, Taschen [&hellip;]<\/p>\n","protected":false},"featured_media":600996,"template":"","meta":[],"product_brand":[],"product_cat":[4185],"product_tag":[],"class_list":{"0":"post-600959","1":"product","2":"type-product","3":"status-publish","4":"has-post-thumbnail","6":"product_cat-hosen","7":"pa_brand-blaklaeder","8":"pa_brand-type-workwear","9":"pa_filter-color-blau","10":"pa_filter-color-gelb","11":"pa_filter-color-orange","12":"pa_filter-color-rot","13":"pa_filter-color-schwarz","15":"first","16":"instock","17":"sale","18":"taxable","19":"shipping-taxable","20":"purchasable","21":"product-type-variable","22":"add-to-wishlist-before_image"},"exclude_global_add_ons":[],"addons":[],"acf":[],"_links":{"self":[{"href":"https:\/\/shop.kustom.ch\/fr\/wp-json\/wp\/v2\/product\/600959"}],"collection":[{"href":"https:\/\/shop.kustom.ch\/fr\/wp-json\/wp\/v2\/product"}],"about":[{"href":"https:\/\/shop.kustom.ch\/fr\/wp-json\/wp\/v2\/types\/product"}],"wp:featuredmedia":[{"embeddable":true,"href":"https:\/\/shop.kustom.ch\/fr\/wp-json\/wp\/v2\/media\/600996"}],"wp:attachment":[{"href":"https:\/\/shop.kustom.ch\/fr\/wp-json\/wp\/v2\/media?parent=600959"}],"wp:term":[{"taxonomy":"product_brand","embeddable":true,"href":"https:\/\/shop.kustom.ch\/fr\/wp-json\/wp\/v2\/product_brand?post=600959"},{"taxonomy":"product_cat","embeddable":true,"href":"https:\/\/shop.kustom.ch\/fr\/wp-json\/wp\/v2\/product_cat?post=600959"},{"taxonomy":"product_tag","embeddable":true,"href":"https:\/\/shop.kustom.ch\/fr\/wp-json\/wp\/v2\/product_tag?post=600959"}],"curies":[{"name":"wp","href":"https:\/\/api.w.org\/{rel}","templated":true}]}}