{"id":600917,"date":"2025-03-05T02:44:58","date_gmt":"2025-03-05T01:44:58","guid":{"rendered":"https:\/\/shop.kustom.ch\/?post_type=product&#038;p=600917"},"modified":"2025-03-05T23:54:13","modified_gmt":"2025-03-05T22:54:13","slug":"overall-3","status":"publish","type":"product","link":"https:\/\/shop.kustom.ch\/fr\/produit\/overall-3\/","title":{"rendered":"Combinaison"},"content":{"rendered":"<p>FERMETURE : Poignets r\u00e9glables. D\u00c9TAILS : Boutons en m\u00e9tal. Coutures renforc\u00e9es \u00e0 l'entrejambe. Taille \u00e9lastique r\u00e9glable. FERMETURE AVANT : Fermeture avant avec boutons brevet\u00e9s. CARACTERISTIQUES PRINCIPALES : Magasinier. Messieurs. EN 14004. TISSU : bleu. Poches pour genouill\u00e8res. POCHES : Poches poitrine avec rabats. Poches arri\u00e8re renforc\u00e9es. Poches rembourr\u00e9es aux genoux. Poche pour m\u00e8tre pliant. INSTRUCTIONS DE LAVAGE : repassage - moyen. CERTIFICATION : EN 14404:2004+A1:2010 avec genouill\u00e8res 4027, 4057, 4058 et 4032.<\/p>\n<p>65% polyester\/35% coton, serg\u00e9, 240 g\/m<\/p>","protected":false},"excerpt":{"rendered":"<p>ABSCHLUSS: Verstellbare \u00c4rmelb\u00fcndchen. DETAILS: Metallkn\u00f6pfe. Verst\u00e4rkte N\u00e4hte am Schritt. Verstellbare elastische Taille. FRONTVERSCHLUSS: Frontverschluss mit patentierten Kn\u00f6pfen. HAUPTEIGENSCHAFTEN: Lagerarbeiter. Herren. EN 14004. STOFF: blau. Kniepolstertaschen. TASCHEN: Brusttaschen mit Patten. Ges\u00e4sstaschen verst\u00e4rkt. Kniepolstertaschen. Zollstocktasche. WASCHANLEITUNG: B\u00fcgeln &#8211; mittel. ZERTIFIZIERUNG: EN 14404:2004+A1:2010 zusammen mit Kniepolster 4027, 4057, 4058 und 4032 65% Polyester\/35% Baumwolle, K\u00f6per, 240 g\/m\u00b2<\/p>","protected":false},"featured_media":530734,"template":"","meta":[],"product_brand":[],"product_cat":[10454],"product_tag":[],"class_list":{"0":"post-600917","1":"product","2":"type-product","3":"status-publish","4":"has-post-thumbnail","6":"product_cat-overalls","7":"pa_brand-blaklaeder","8":"pa_brand-type-workwear","9":"pa_filter-color-blau","11":"first","12":"outofstock","13":"sale","14":"taxable","15":"shipping-taxable","16":"product-type-variable","17":"add-to-wishlist-before_image"},"exclude_global_add_ons":[],"addons":[],"acf":[],"_links":{"self":[{"href":"https:\/\/shop.kustom.ch\/fr\/wp-json\/wp\/v2\/product\/600917"}],"collection":[{"href":"https:\/\/shop.kustom.ch\/fr\/wp-json\/wp\/v2\/product"}],"about":[{"href":"https:\/\/shop.kustom.ch\/fr\/wp-json\/wp\/v2\/types\/product"}],"wp:featuredmedia":[{"embeddable":true,"href":"https:\/\/shop.kustom.ch\/fr\/wp-json\/wp\/v2\/media\/530734"}],"wp:attachment":[{"href":"https:\/\/shop.kustom.ch\/fr\/wp-json\/wp\/v2\/media?parent=600917"}],"wp:term":[{"taxonomy":"product_brand","embeddable":true,"href":"https:\/\/shop.kustom.ch\/fr\/wp-json\/wp\/v2\/product_brand?post=600917"},{"taxonomy":"product_cat","embeddable":true,"href":"https:\/\/shop.kustom.ch\/fr\/wp-json\/wp\/v2\/product_cat?post=600917"},{"taxonomy":"product_tag","embeddable":true,"href":"https:\/\/shop.kustom.ch\/fr\/wp-json\/wp\/v2\/product_tag?post=600917"}],"curies":[{"name":"wp","href":"https:\/\/api.w.org\/{rel}","templated":true}]}}