{"id":600903,"date":"2025-03-05T02:44:55","date_gmt":"2025-03-05T01:44:55","guid":{"rendered":"https:\/\/shop.kustom.ch\/?post_type=product&#038;p=600903"},"modified":"2026-03-31T09:05:41","modified_gmt":"2026-03-31T08:05:41","slug":"damen-multinorm-winterjacke","status":"publish","type":"product","link":"https:\/\/shop.kustom.ch\/fr\/produit\/damen-multinorm-winterjacke\/","title":{"rendered":"Veste d'hiver multi-normes pour femmes"},"content":{"rendered":"<p>Le nec plus ultra des vestes d'hiver ignifug\u00e9es de Bl\u00e5kl\u00e4der, avec une coupe adapt\u00e9e aux femmes. Cette veste est le choix id\u00e9al si vous travaillez dans des environnements \u00e0 risque d'incendie. Avec sa doublure chaude, son tissu lamin\u00e9 et ses coutures scell\u00e9es, elle vous prot\u00e8ge \u00e9galement du froid, du vent et de la pluie. C'est un v\u00eatement enti\u00e8rement exempt de m\u00e9tal, dot\u00e9 de bandes r\u00e9fl\u00e9chissantes de transfert segment\u00e9es et de d\u00e9tails r\u00e9fl\u00e9chissants sur les \u00e9paules pour une visibilit\u00e9 dans toutes les directions, d'une polaire douillette dans les poches et d'une fermeture \u00e0 glissi\u00e8re en plastique \u00e0 double sens. Cette veste r\u00e9sistante \u00e0 l'huile, \u00e0 la salet\u00e9 et \u00e0 l'eau r\u00e9siste \u00e0 toutes les intemp\u00e9ries, ce qui vous permet d'aborder n'importe quel travail. La capuche 2167 compatible avec le casque est vendue s\u00e9par\u00e9ment. La veste est \u00e9galement disponible dans un mod\u00e8le pour hommes 4517. Certifi\u00e9 selon IEC 61482-2 : APC 2, ELIM 33 cal\/cm\u00b2 et ATPV 39 cal\/cm\u00b2. EN 1149, EN ISO 11612, EN ISO 11611, EN 13034 et EN ISO 20471. EN 343 4\/1 - \u00c9valuation de la colonne d'eau : 12.000 mm. EN 342 avec le mod\u00e8le 1817 - valeur CLO 2,19, Icler 0,326 m\u00b2 K\/W.<\/p>\n<p>FERMETURE : Dos rallong\u00e9. Poignets r\u00e9glables avec fermeture velcro et poignets. D\u00c9TAILS : Bonnes surfaces pour les finitions. Anneau en D. \u00c9tiquettes de certification ext\u00e9rieures. Boutons-pression en plastique. Avec boutons pour fixer une capuche (vendue s\u00e9par\u00e9ment, 2167). Coutures soud\u00e9es. Passants de chaque c\u00f4t\u00e9 de la poitrine pour microphones et autres \u00e9quipements. FERMETURE FRONTALE : fermeture \u00e9clair cach\u00e9e \u00e0 double sens en plastique. FONCTIONNALIT\u00c9 : Mat\u00e9riau imperm\u00e9able au vent et \u00e0 l'eau avec respirabilit\u00e9, coutures soud\u00e9es. CARACT\u00c9RISTIQUES PRINCIPALES : Employ\u00e9 de service. EN 1149-5. REFLEX : Bandes r\u00e9fl\u00e9chissantes de transfert ignifuges interrompues. TISSU : Femmes. Jaune haute visibilit\u00e9. Sans m\u00e9tal. Protection contre les flammes. POCHES : Poches poitrine avec fermetures \u00e0 glissi\u00e8re et anneau en D. Poche int\u00e9rieure pour documents. Poches int\u00e9rieures, dont une avec fermeture \u00e9clair. Poche de rangement doubl\u00e9e de polaire avec fermeture \u00e0 glissi\u00e8re. INSTRUCTIONS DE LAVAGE : 60\u00b0 C. CERTIFICATION : EN 1149-5. 20 lavages maximum. Certifi\u00e9 selon EN 342 avec l'article 1817. EN 343, classe 4,1. ATPV - 39 cal\/cm\u00b2. EN ISO 11611, classe 1 A1+A2. EN ISO 11612 A1, A2, B1, C1, E3, F1. EN ISO 20471, classe 2<\/p>\n<p>44% modacrylique, 30% coton, 20% polyamide, 5% aramide, 1% antistatique, ripstop, ignifug\u00e9, antistatique, enduit, imperm\u00e9able 12000 mm, coupe-vent, respirant Ret 8,15, 290 g\/m<\/p>","protected":false},"excerpt":{"rendered":"<p>Die ultimative flammhemmende Winterjacke von Bl\u00e5kl\u00e4der, mit einem Schnitt f\u00fcr Frauen. Diese Jacke ist die ideale Wahl, wenn Sie in flammengef\u00e4hrdeten Umgebungen arbeiten. Mit ihrem warmen Futter, dem laminierten Stoff und den versiegelten N\u00e4hten sch\u00fctzt sie Sie auch vor K\u00e4lte, Wind und Regen. Ein komplett metallfreies Kleidungsst\u00fcck mit segmentierten Transferreflexstreifen und reflektierenden Details an den [&hellip;]<\/p>\n","protected":false},"featured_media":600950,"template":"","meta":[],"product_brand":[],"product_cat":[4186],"product_tag":[],"class_list":{"0":"post-600903","1":"product","2":"type-product","3":"status-publish","4":"has-post-thumbnail","6":"product_cat-jacken","7":"pa_brand-blaklaeder","8":"pa_brand-type-workwear","9":"pa_filter-color-blau","10":"pa_filter-color-gelb","12":"first","13":"instock","14":"sale","15":"taxable","16":"shipping-taxable","17":"purchasable","18":"product-type-variable","19":"add-to-wishlist-before_image"},"exclude_global_add_ons":[],"addons":[],"acf":[],"_links":{"self":[{"href":"https:\/\/shop.kustom.ch\/fr\/wp-json\/wp\/v2\/product\/600903"}],"collection":[{"href":"https:\/\/shop.kustom.ch\/fr\/wp-json\/wp\/v2\/product"}],"about":[{"href":"https:\/\/shop.kustom.ch\/fr\/wp-json\/wp\/v2\/types\/product"}],"wp:featuredmedia":[{"embeddable":true,"href":"https:\/\/shop.kustom.ch\/fr\/wp-json\/wp\/v2\/media\/600950"}],"wp:attachment":[{"href":"https:\/\/shop.kustom.ch\/fr\/wp-json\/wp\/v2\/media?parent=600903"}],"wp:term":[{"taxonomy":"product_brand","embeddable":true,"href":"https:\/\/shop.kustom.ch\/fr\/wp-json\/wp\/v2\/product_brand?post=600903"},{"taxonomy":"product_cat","embeddable":true,"href":"https:\/\/shop.kustom.ch\/fr\/wp-json\/wp\/v2\/product_cat?post=600903"},{"taxonomy":"product_tag","embeddable":true,"href":"https:\/\/shop.kustom.ch\/fr\/wp-json\/wp\/v2\/product_tag?post=600903"}],"curies":[{"name":"wp","href":"https:\/\/api.w.org\/{rel}","templated":true}]}}