{"id":600826,"date":"2025-03-05T02:43:06","date_gmt":"2025-03-05T01:43:06","guid":{"rendered":"https:\/\/shop.kustom.ch\/?post_type=product&#038;p=600826"},"modified":"2026-03-31T09:01:49","modified_gmt":"2026-03-31T08:01:49","slug":"multinorm-winter-parka","status":"publish","type":"product","link":"https:\/\/shop.kustom.ch\/fr\/produit\/multinorm-winter-parka\/","title":{"rendered":"Parka d'hiver multi-normes"},"content":{"rendered":"<p>Parka d'hiver ignifuge et non-m\u00e9tallique qui offre tout ce dont tu as besoin par mauvais temps, et m\u00eame plus. Cette parka haute visibilit\u00e9 de classe 3, r\u00e9sistante \u00e0 l'huile, aux salissures et \u00e0 l'eau, est id\u00e9ale si vous travaillez dans des environnements avec des flammes nues. La doublure thermiquement isol\u00e9e, le tissu lamin\u00e9 et les coutures scell\u00e9es vous prot\u00e8gent du froid, du vent et de la pluie. La parka poss\u00e8de des poches chauffe-mains des deux c\u00f4t\u00e9s, des poches de poitrine suffisamment grandes pour contenir une mini-tablette et des poches int\u00e9rieures zipp\u00e9es. La taille est r\u00e9glable \u00e0 l'int\u00e9rieur et les manches peuvent \u00eatre ajust\u00e9es avec du velcro. Fermeture \u00e9clair \u00e0 double sens, manchettes aux extr\u00e9mit\u00e9s des manches et r\u00e9flecteurs de transfert segment\u00e9s. Avec cette parka, on est \u00e9quip\u00e9 pour tous les travaux en hiver. La capuche 2167 boutonnable et compatible avec un casque est disponible s\u00e9par\u00e9ment. Certifi\u00e9e selon IEC 61482-2 : APC 2, ELIM 33 cal\/cm\u00b2 et ATPV 39 cal\/cm\u00b2. EN 1149, EN ISO 11612, EN ISO 11611, EN 13034 et EN ISO 20471. EN 343 4\/1 - \u00c9valuation de la colonne d'eau : 12.000 mm. EN 342 avec le mod\u00e8le 1817 - valeur CLO 2,19, Icler 0,339 m\u00b2 K\/W.<\/p>\n<p>FERMETURE : Dos rallong\u00e9. Poignets r\u00e9glables avec fermeture velcro et poignets. D\u00c9TAILS : Bonnes surfaces pour les finitions. Anneau en D. \u00c9tiquettes de certification ext\u00e9rieures. Boutons-pression en plastique. Col haut avec fermeture \u00e9clair cach\u00e9e. Coutures soud\u00e9es. Passants de chaque c\u00f4t\u00e9 de la poitrine pour microphones et autres \u00e9quipements. R\u00e9glable par cordon de serrage \u00e0 la taille. FERMETURE FRONTALE : fermeture \u00e9clair cach\u00e9e \u00e0 double sens en plastique. FONCTIONNALIT\u00c9 : Mat\u00e9riau coupe-vent &amp; imperm\u00e9able avec respirabilit\u00e9, coutures soud\u00e9es. TRAVAUX PRINCIPAUX : Travailleurs de la route et du b\u00e2timent. EN ISO 11611. REFLEX : D\u00e9tails r\u00e9fl\u00e9chissants sur les \u00e9paules. TISSU : pour hommes. Jaune haute visibilit\u00e9. Sans m\u00e9tal. Protection contre les flammes. POCHES : Poches poitrine avec fermetures \u00e0 glissi\u00e8re et anneau en D. Poche int\u00e9rieure pour documents. Poches avant avec rabat, poches sur le c\u00f4t\u00e9 avec fermeture \u00e9clair et doublure en polaire. INSTRUCTIONS DE LAVAGE : 60\u00b0 C. CERTIFICATION : EN 1149-5. EN 13034 PB (6). Certifi\u00e9 selon EN 342 avec l'article 1817. EN 343, classe 4,1. ELIM - 33 cal\/cm\u00b2. EN ISO 11611, classe 1 A1+A2. EN ISO 11612 A1, A2, C1, E3, F1. EN ISO 20471, classe 3<\/p>\n<p>44% modacrylique, 30% coton, 20% polyamide, 5% aramide, 1% antistatique, ripstop, ignifug\u00e9, antistatique, enduit, imperm\u00e9able 12000 mm, coupe-vent, respirant Ret 8,15, 290 g\/m<\/p>","protected":false},"excerpt":{"rendered":"<p>Flammhemmender und metallfreier Winterparka, der alles bietet, was man bei schlechtem Wetter braucht, und noch mehr. Dieser \u00f6l-, schmutz und wasserabweisende High-Vis Klasse 3 Parka ist ideal, wenn Sie in Umgebungen mit offener Flamme arbeiten. Das w\u00e4rmeisolierte Futter, das laminierte Gewebe und die versiegelten N\u00e4hte sch\u00fctzen Sie vor K\u00e4lte, Wind und Regen. Der Parka hat [&hellip;]<\/p>\n","protected":false},"featured_media":600846,"template":"","meta":[],"product_brand":[],"product_cat":[4186],"product_tag":[],"class_list":{"0":"post-600826","1":"product","2":"type-product","3":"status-publish","4":"has-post-thumbnail","6":"product_cat-jacken","7":"pa_brand-blaklaeder","8":"pa_brand-type-workwear","9":"pa_filter-color-blau","10":"pa_filter-color-gelb","12":"first","13":"instock","14":"sale","15":"taxable","16":"shipping-taxable","17":"purchasable","18":"product-type-variable","19":"add-to-wishlist-before_image"},"exclude_global_add_ons":[],"addons":[],"acf":[],"_links":{"self":[{"href":"https:\/\/shop.kustom.ch\/fr\/wp-json\/wp\/v2\/product\/600826"}],"collection":[{"href":"https:\/\/shop.kustom.ch\/fr\/wp-json\/wp\/v2\/product"}],"about":[{"href":"https:\/\/shop.kustom.ch\/fr\/wp-json\/wp\/v2\/types\/product"}],"wp:featuredmedia":[{"embeddable":true,"href":"https:\/\/shop.kustom.ch\/fr\/wp-json\/wp\/v2\/media\/600846"}],"wp:attachment":[{"href":"https:\/\/shop.kustom.ch\/fr\/wp-json\/wp\/v2\/media?parent=600826"}],"wp:term":[{"taxonomy":"product_brand","embeddable":true,"href":"https:\/\/shop.kustom.ch\/fr\/wp-json\/wp\/v2\/product_brand?post=600826"},{"taxonomy":"product_cat","embeddable":true,"href":"https:\/\/shop.kustom.ch\/fr\/wp-json\/wp\/v2\/product_cat?post=600826"},{"taxonomy":"product_tag","embeddable":true,"href":"https:\/\/shop.kustom.ch\/fr\/wp-json\/wp\/v2\/product_tag?post=600826"}],"curies":[{"name":"wp","href":"https:\/\/api.w.org\/{rel}","templated":true}]}}