{"id":600809,"date":"2025-03-05T02:43:02","date_gmt":"2025-03-05T01:43:02","guid":{"rendered":"https:\/\/shop.kustom.ch\/?post_type=product&#038;p=600809"},"modified":"2026-03-31T09:01:47","modified_gmt":"2026-03-31T08:01:47","slug":"multinorm-winterjacke-3","status":"publish","type":"product","link":"https:\/\/shop.kustom.ch\/fr\/produit\/multinorm-winterjacke-3\/","title":{"rendered":"Veste d'hiver Multinorm"},"content":{"rendered":"<p>Le nec plus ultra des vestes d'hiver ignifug\u00e9es de Bl\u00e5kl\u00e4der. Cette veste est le choix id\u00e9al si vous travaillez dans un environnement avec des flammes nues. Avec sa doublure chaude, son tissu lamin\u00e9 et ses coutures scell\u00e9es, elle vous prot\u00e8ge en outre du froid, du vent et de la pluie. Un v\u00eatement enti\u00e8rement exempt de m\u00e9tal avec des r\u00e9flecteurs de transfert discontinus et des d\u00e9tails r\u00e9fl\u00e9chissants sur les \u00e9paules qui assurent une visibilit\u00e9 dans toutes les directions, un thermofleece douillet dans les poches et une fermeture \u00e0 glissi\u00e8re en plastique \u00e0 double sens. Cette veste r\u00e9sistante \u00e0 l'huile, \u00e0 la salet\u00e9 et \u00e0 l'eau rel\u00e8ve tous les d\u00e9fis climatiques, ce qui vous permet d'aborder n'importe quel travail. La capuche 2167 compatible avec le casque est vendue s\u00e9par\u00e9ment. La veste est \u00e9galement disponible dans un mod\u00e8le pour femmes 4917. Certifi\u00e9 selon IEC 61482-2 : APC 2, ELIM 33 cal\/cm\u00b2 et ATPV 39 cal\/cm\u00b2. EN 1149, EN ISO 11612, EN ISO 11611, EN 13034 et EN ISO 20471. EN 343 4\/1 - \u00e9valuation de la colonne d'eau : 12.000 mm. EN 342 avec le mod\u00e8le 1817 - valeur CLO 2,19, Icler 0,339 m\u00b2 K\/W.<\/p>\n<p>FERMETURE : Ceinture r\u00e9glable avec cordon de serrage. Poignets r\u00e9glables avec velcro et poignets. D\u00c9TAILS : Bonnes surfaces pour la finition. Pochette pour carte d'identit\u00e9 vendue s\u00e9par\u00e9ment. \u00c9tiquettes de certification ext\u00e9rieures. Boutons-pression en plastique. Int\u00e9rieur du col de couleur contrast\u00e9e. Boucles de chaque c\u00f4t\u00e9 de la poitrine pour le d\u00e9tecteur de gaz \/ l'oxyg\u00e9nom\u00e8tre \/ le microphone. FERMETURE FRONTALE : Ferm\u00e9e \u00e0 l'avant par un bouton-pression. FONCTIONNALIT\u00c9 : Champs de couleur fonc\u00e9e dans les zones expos\u00e9es \u00e0 la salet\u00e9. PRINCIPALES CARACT\u00c9RISTIQUES : Artisan. EN 1149-5. REFLEX : Bandes r\u00e9fl\u00e9chissantes de transfert ignifuges interrompues. TISSU : Disponible pour hommes et femmes. Jaune haute visibilit\u00e9. Fermeture \u00e9clair \u00e0 double sens. Protection contre les flammes. POCHES : Poches poitrine avec fermetures \u00e0 glissi\u00e8re et anneau en D. Poche int\u00e9rieure pour documents. Poches int\u00e9rieures, dont une avec fermeture \u00e9clair. Poches avant avec soufflet. INSTRUCTIONS DE LAVAGE : Ne pas blanchir. CERTIFICATION : EN 1149-5. EN 13034 PB (6). Certifi\u00e9 selon EN 342 avec l'article 1817. EN 343, classe 4,1. EN 61482-2, APC 2. EN ISO 11611, classe 1 A1+A2. EN ISO 11612 A1, A2, C1, E3, F1. EN ISO 20471, XS-S classe 2, M et plus classe 3.<\/p>\n<p>44% modacrylique, 30% coton, 20% polyamide, 5% aramide, 1% antistatique, ripstop, ignifug\u00e9, antistatique, enduit, imperm\u00e9able 12000 mm, coupe-vent, respirant Ret 8,15, 290 g\/m<\/p>","protected":false},"excerpt":{"rendered":"<p>Die ultimative flammhemmende Winterjacke von Bl\u00e5kl\u00e4der. Diese Jacke ist die ideale Wahl, wenn Sie in Umgebungen mit offener Flamme arbeiten. Mit ihrem warmen Futter, dem laminierten Stoff und den versiegelten N\u00e4hten sch\u00fctzt sie Sie ausserdem vor K\u00e4lte, Wind und Regen. Ein komplett metallfreies Kleidungsst\u00fcck mit unterbrochenen Transferreflektoren und reflektierenden Details an den Schultern, die f\u00fcr [&hellip;]<\/p>\n","protected":false},"featured_media":600845,"template":"","meta":[],"product_brand":[],"product_cat":[4186],"product_tag":[],"class_list":{"0":"post-600809","1":"product","2":"type-product","3":"status-publish","4":"has-post-thumbnail","6":"product_cat-jacken","7":"pa_brand-blaklaeder","8":"pa_brand-type-workwear","9":"pa_filter-color-blau","10":"pa_filter-color-gelb","12":"first","13":"instock","14":"sale","15":"taxable","16":"shipping-taxable","17":"purchasable","18":"product-type-variable","19":"add-to-wishlist-before_image"},"exclude_global_add_ons":[],"addons":[],"acf":[],"_links":{"self":[{"href":"https:\/\/shop.kustom.ch\/fr\/wp-json\/wp\/v2\/product\/600809"}],"collection":[{"href":"https:\/\/shop.kustom.ch\/fr\/wp-json\/wp\/v2\/product"}],"about":[{"href":"https:\/\/shop.kustom.ch\/fr\/wp-json\/wp\/v2\/types\/product"}],"wp:featuredmedia":[{"embeddable":true,"href":"https:\/\/shop.kustom.ch\/fr\/wp-json\/wp\/v2\/media\/600845"}],"wp:attachment":[{"href":"https:\/\/shop.kustom.ch\/fr\/wp-json\/wp\/v2\/media?parent=600809"}],"wp:term":[{"taxonomy":"product_brand","embeddable":true,"href":"https:\/\/shop.kustom.ch\/fr\/wp-json\/wp\/v2\/product_brand?post=600809"},{"taxonomy":"product_cat","embeddable":true,"href":"https:\/\/shop.kustom.ch\/fr\/wp-json\/wp\/v2\/product_cat?post=600809"},{"taxonomy":"product_tag","embeddable":true,"href":"https:\/\/shop.kustom.ch\/fr\/wp-json\/wp\/v2\/product_tag?post=600809"}],"curies":[{"name":"wp","href":"https:\/\/api.w.org\/{rel}","templated":true}]}}