{"id":600668,"date":"2025-03-05T02:40:19","date_gmt":"2025-03-05T01:40:19","guid":{"rendered":"https:\/\/shop.kustom.ch\/?post_type=product&#038;p=600668"},"modified":"2026-03-31T08:55:57","modified_gmt":"2026-03-31T07:55:57","slug":"kapuzensweater-mit-reissverschluss-2","status":"publish","type":"product","link":"https:\/\/shop.kustom.ch\/fr\/produit\/kapuzensweater-mit-reissverschluss-2\/","title":{"rendered":"Sweat \u00e0 capuche avec fermeture \u00e9clair"},"content":{"rendered":"<p>Sweat \u00e0 capuche styl\u00e9 qui convient aussi bien pour le travail que pour les loisirs. Ce sweat \u00e0 capuche en polyester est dot\u00e9 d'une fermeture \u00e9clair sur toute la longueur et d'un col l\u00e9g\u00e8rement plus long. Il est dot\u00e9 d'un cordon de serrage \u00e0 l'ourlet, de bandes r\u00e9fl\u00e9chissantes noires discr\u00e8tes sur le devant et sur la capuche, ainsi que d'une poche de poitrine avec espace pour un logo.<\/p>\n<p>FERMETURE : Bande \u00e9lastique dans l'ourlet inf\u00e9rieur. D\u00c9TAILS : Capuche fixe. FERMETURE FRONTALE : Patte de boutonnage \u00e0 l'int\u00e9rieur. FONCTIONNALIT\u00c9 : Coupe slim. CARACTERISTIQUES PRINCIPALES : Jardinier. Hommes . REFLEX : D\u00e9tails r\u00e9fl\u00e9chissants. TISSU : Disponible pour hommes et femmes. vert. profil. POCHES : Poche de poitrine avec fermeture \u00e0 glissi\u00e8re. Poches avant avec fermetures \u00e0 glissi\u00e8re. INSTRUCTIONS DE LAVAGE : Ne pas essorer.<\/p>\n<p>100% Polaire en polyester, bross\u00e9 d'un c\u00f4t\u00e9, 235 g\/m<\/p>","protected":false},"excerpt":{"rendered":"<p>Stylischer Kapuzensweater, der sich sowohl f\u00fcr den Einsatz bei der Arbeit als auch im Freizeitbereich eignet. Dieser Polyester-Kapuzensweater verf\u00fcgt \u00fcber einen durchg\u00e4ngigen Reissverschluss und einen etwas l\u00e4ngeren Hals. Er hat einen Kordelzug am Saum, schwarze, dezente Reflexstreifen auf der Vorderseite und der Kapuze, sowie eine Brusttasche mit Platz f\u00fcr ein Logo. ABSCHLUSS: Elastisches Band im [&hellip;]<\/p>\n","protected":false},"featured_media":600684,"template":"","meta":[],"product_brand":[],"product_cat":[4184],"product_tag":[],"class_list":{"0":"post-600668","1":"product","2":"type-product","3":"status-publish","4":"has-post-thumbnail","6":"product_cat-hoodies-pullover","7":"pa_brand-blaklaeder","8":"pa_brand-type-workwear","9":"pa_filter-color-blau","10":"pa_filter-color-gruen","11":"pa_filter-color-rot","12":"pa_filter-color-schwarz","14":"first","15":"instock","16":"sale","17":"taxable","18":"shipping-taxable","19":"purchasable","20":"product-type-variable","21":"add-to-wishlist-before_image"},"exclude_global_add_ons":[],"addons":[],"acf":[],"_links":{"self":[{"href":"https:\/\/shop.kustom.ch\/fr\/wp-json\/wp\/v2\/product\/600668"}],"collection":[{"href":"https:\/\/shop.kustom.ch\/fr\/wp-json\/wp\/v2\/product"}],"about":[{"href":"https:\/\/shop.kustom.ch\/fr\/wp-json\/wp\/v2\/types\/product"}],"wp:featuredmedia":[{"embeddable":true,"href":"https:\/\/shop.kustom.ch\/fr\/wp-json\/wp\/v2\/media\/600684"}],"wp:attachment":[{"href":"https:\/\/shop.kustom.ch\/fr\/wp-json\/wp\/v2\/media?parent=600668"}],"wp:term":[{"taxonomy":"product_brand","embeddable":true,"href":"https:\/\/shop.kustom.ch\/fr\/wp-json\/wp\/v2\/product_brand?post=600668"},{"taxonomy":"product_cat","embeddable":true,"href":"https:\/\/shop.kustom.ch\/fr\/wp-json\/wp\/v2\/product_cat?post=600668"},{"taxonomy":"product_tag","embeddable":true,"href":"https:\/\/shop.kustom.ch\/fr\/wp-json\/wp\/v2\/product_tag?post=600668"}],"curies":[{"name":"wp","href":"https:\/\/api.w.org\/{rel}","templated":true}]}}