{"id":600383,"date":"2025-03-05T02:34:45","date_gmt":"2025-03-05T01:34:45","guid":{"rendered":"https:\/\/shop.kustom.ch\/?post_type=product&#038;p=600383"},"modified":"2026-03-31T08:42:32","modified_gmt":"2026-03-31T07:42:32","slug":"original-einlegesohle-retro-elite","status":"publish","type":"product","link":"https:\/\/shop.kustom.ch\/fr\/produit\/original-einlegesohle-retro-elite\/","title":{"rendered":"Semelle int\u00e9rieure originale RETRO &amp; ELITE"},"content":{"rendered":"<p>Semelle int\u00e9rieure originale Bl\u00e5kl\u00e4der, approuv\u00e9e pour une utilisation avec les collections de chaussures de s\u00e9curit\u00e9 Retro et Elite. Elle est de forme anatomique et se compose d'un mat\u00e9riau PU souple pour un confort optimal. Tige en textile avec perforations et bonne absorption de l'humidit\u00e9. D\u00e9velopp\u00e9 en collaboration avec Camp Pro. Test\u00e9 ESD.<\/p>\n<p>FONCTIONNALIT\u00c9 : Elite. Approuv\u00e9 ESD (IEC 61340-5-1). Amortissement maximal des chocs. FORME : Courbure normale. TISSU : Disponible pour hommes et femmes. noir<\/p>","protected":false},"excerpt":{"rendered":"<p>Bl\u00e5kl\u00e4der original Einlegesohle, zugelassen f\u00fcr die Verwendung mit den Sicherheitsschuhkollektionen Retro und Elite. Sie ist anatomisch geformt und besteht aus weichem PU-Material f\u00fcr besten Komfort. Obermaterial aus Textil mit Perforationen und guter Feuchtigkeitsaufnahme. Entwickelt in Zusammenarbeit mit Camp Pro. ESD-gepr\u00fcft. FUNKTIONALIT\u00c4T: Elite. ESD (IEC 61340-5-1) genehmigt. Maximale Stossd\u00e4mpfung. PASSFORM: Normale W\u00f6lbung. STOFF: Erh\u00e4ltlich f\u00fcr Damen [&hellip;]<\/p>\n","protected":false},"featured_media":600428,"template":"","meta":[],"product_brand":[],"product_cat":[9643,4197],"product_tag":[],"class_list":{"0":"post-600383","1":"product","2":"type-product","3":"status-publish","4":"has-post-thumbnail","6":"product_cat-equipment","7":"product_cat-schuhe-sandalen","8":"pa_brand-blaklaeder","9":"pa_brand-type-workwear","10":"pa_filter-color-schwarz","12":"first","13":"instock","14":"sale","15":"taxable","16":"shipping-taxable","17":"purchasable","18":"product-type-variable","19":"add-to-wishlist-before_image"},"exclude_global_add_ons":[],"addons":[],"acf":[],"_links":{"self":[{"href":"https:\/\/shop.kustom.ch\/fr\/wp-json\/wp\/v2\/product\/600383"}],"collection":[{"href":"https:\/\/shop.kustom.ch\/fr\/wp-json\/wp\/v2\/product"}],"about":[{"href":"https:\/\/shop.kustom.ch\/fr\/wp-json\/wp\/v2\/types\/product"}],"wp:featuredmedia":[{"embeddable":true,"href":"https:\/\/shop.kustom.ch\/fr\/wp-json\/wp\/v2\/media\/600428"}],"wp:attachment":[{"href":"https:\/\/shop.kustom.ch\/fr\/wp-json\/wp\/v2\/media?parent=600383"}],"wp:term":[{"taxonomy":"product_brand","embeddable":true,"href":"https:\/\/shop.kustom.ch\/fr\/wp-json\/wp\/v2\/product_brand?post=600383"},{"taxonomy":"product_cat","embeddable":true,"href":"https:\/\/shop.kustom.ch\/fr\/wp-json\/wp\/v2\/product_cat?post=600383"},{"taxonomy":"product_tag","embeddable":true,"href":"https:\/\/shop.kustom.ch\/fr\/wp-json\/wp\/v2\/product_tag?post=600383"}],"curies":[{"name":"wp","href":"https:\/\/api.w.org\/{rel}","templated":true}]}}