{"id":600357,"date":"2025-03-05T02:34:39","date_gmt":"2025-03-05T01:34:39","guid":{"rendered":"https:\/\/shop.kustom.ch\/?post_type=product&#038;p=600357"},"modified":"2026-03-31T08:35:51","modified_gmt":"2026-03-31T07:35:51","slug":"unterhose-dry","status":"publish","type":"product","link":"https:\/\/shop.kustom.ch\/fr\/produit\/unterhose-dry\/","title":{"rendered":"Cale\u00e7on DRY"},"content":{"rendered":"<p>DRY est notre couche de base la plus performante, temp\u00e9rature recommand\u00e9e +15\u00b0C \u00e0 +0\u00b0C. Un v\u00eatement \u00e0 s\u00e9chage rapide et sans odeurs gr\u00e2ce \u00e0 une fibre polyester unique contenant du charbon actif de bambou. Avec des inserts en maille filet pour une ventilation suppl\u00e9mentaire dans les zones o\u00f9 la transpiration est plus importante.Assure un maintien au sec pendant le travail physique.<\/p>\n<p>FINITION : Finition souple \u00e0 la taille. Bas de jambes \u00e9lastiques. D\u00c9TAILS : \u00c9tiquette de taille imprim\u00e9e. Logo en mesh Bl\u00e5kl\u00e4der sur la jambe droite. FONCTIONNALIT\u00c9 : Mat\u00e9riaux avec fonctionnalit\u00e9 anti-odeur. TISSU : Hommes. Gris. Vent \/ humidit\u00e9 \/ froid. INSTRUCTIONS DE LAVAGE : 40\u00b0 C - doux<\/p>\n<p>55% polyester, 38% polyamide, 7% \u00e9lasthanne, tricot tubulaire jersey, r\u00e9gulation de l'humidit\u00e9 et anti-odeurs gr\u00e2ce \u00e0 la fibre de charbon de bambou, 170g\/m<\/p>","protected":false},"excerpt":{"rendered":"<p>DRY ist unsere leistungsf\u00e4higste Basislage, empfohlene Temperatur +15\u00b0C bis +0\u00b0C. Ein schnelltrocknendes, geruchsneutrales Kleidungsst\u00fcck dank einzigartiger Polyesterfaser mit Bambus-Aktivkohle. Mit Netzeins\u00e4tzen f\u00fcr zus\u00e4tzliche Bel\u00fcftung in Bereichen mit erh\u00f6hter Schweissbildung.Sorgt f\u00fcr Trockenheit bei k\u00f6rperlicher Arbeit. ABSCHLUSS: Weicher Abschluss in der Taille. Elastische Beinabschl\u00fcsse. DETAILS: Gedrucktes Gr\u00f6ssenetikett. Meshlogo Bl\u00e5kl\u00e4der auf dem rechten Bein. FUNKTIONALIT\u00c4T: Materialien mit Anti-Geruchs-Funktionalit\u00e4t. [&hellip;]<\/p>\n","protected":false},"featured_media":600408,"template":"","meta":[],"product_brand":[],"product_cat":[4206],"product_tag":[],"class_list":{"0":"post-600357","1":"product","2":"type-product","3":"status-publish","4":"has-post-thumbnail","6":"product_cat-underwear","7":"pa_brand-blaklaeder","8":"pa_brand-type-workwear","9":"pa_filter-color-grau","11":"first","12":"instock","13":"sale","14":"taxable","15":"shipping-taxable","16":"purchasable","17":"product-type-variable","18":"add-to-wishlist-before_image"},"exclude_global_add_ons":[],"addons":[],"acf":[],"_links":{"self":[{"href":"https:\/\/shop.kustom.ch\/fr\/wp-json\/wp\/v2\/product\/600357"}],"collection":[{"href":"https:\/\/shop.kustom.ch\/fr\/wp-json\/wp\/v2\/product"}],"about":[{"href":"https:\/\/shop.kustom.ch\/fr\/wp-json\/wp\/v2\/types\/product"}],"wp:featuredmedia":[{"embeddable":true,"href":"https:\/\/shop.kustom.ch\/fr\/wp-json\/wp\/v2\/media\/600408"}],"wp:attachment":[{"href":"https:\/\/shop.kustom.ch\/fr\/wp-json\/wp\/v2\/media?parent=600357"}],"wp:term":[{"taxonomy":"product_brand","embeddable":true,"href":"https:\/\/shop.kustom.ch\/fr\/wp-json\/wp\/v2\/product_brand?post=600357"},{"taxonomy":"product_cat","embeddable":true,"href":"https:\/\/shop.kustom.ch\/fr\/wp-json\/wp\/v2\/product_cat?post=600357"},{"taxonomy":"product_tag","embeddable":true,"href":"https:\/\/shop.kustom.ch\/fr\/wp-json\/wp\/v2\/product_tag?post=600357"}],"curies":[{"name":"wp","href":"https:\/\/api.w.org\/{rel}","templated":true}]}}