{"id":600356,"date":"2025-03-05T02:34:39","date_gmt":"2025-03-05T01:34:39","guid":{"rendered":"https:\/\/shop.kustom.ch\/?post_type=product&#038;p=600356"},"modified":"2026-03-31T08:35:42","modified_gmt":"2026-03-31T07:35:42","slug":"high-vis-arbeitshose-softshell","status":"publish","type":"product","link":"https:\/\/shop.kustom.ch\/fr\/produit\/high-vis-arbeitshose-softshell\/","title":{"rendered":"Pantalon de travail haute visibilit\u00e9 Softshell"},"content":{"rendered":"<p>Pantalon de travail d'automne et d'hiver de classe 1 en Softshell extensible 100%. Ce mat\u00e9riau rend le pantalon extr\u00eamement doux, confortable et souple. Le mat\u00e9riau est imperm\u00e9able, coupe-vent et poss\u00e8de une excellente respirabilit\u00e9. Le pantalon dispose de d\u00e9tails avanc\u00e9s et de poches pratiques renforc\u00e9es en CORDURA\u00ae, d'une poche sur la jambe avec soufflet, d'une poche m\u00e8tre, de poches holster amovibles avec fermetures \u00e0 glissi\u00e8re, de poches avec soufflet \u00e0 l'arri\u00e8re et de porte-outils pratiques, comme par exemple une boucle servant de porte-marteau. Les poches pour genouill\u00e8res sont renforc\u00e9es \u00e0 l'ext\u00e9rieur par du CORDURA\u00ae stretch. Les bas de jambes sont renforc\u00e9s en CORDURA\u00ae pour une protection efficace contre l'usure. Le meilleur choix pour les travaux par temps difficile. \u00c9galement disponible en mod\u00e8le pour femmes 7114.<\/p>\n<p>FERMETURE : Cordon de serrage au bas des jambes avec bouton-pression. D\u00c9TAILS : Poche amovible pour carte d'identit\u00e9. Boutons en m\u00e9tal. Porte-couteau avec bouton. Couture int\u00e9rieure de la jambe avec triple couture. Fermeture \u00e0 glissi\u00e8re en plastique \u00e0 l'entrejambe. Deux passants sur les c\u00f4t\u00e9s avec un bouton pour porte marteau. Taille haute \u00e0 l'arri\u00e8re. FONCTIONNALIT\u00c9 : coupe-vent &amp; imperm\u00e9able, coutures non scell\u00e9es, respirant. Coupe normale. TRAVAILLEURS PRINCIPAUX : Travailleurs de la route et du b\u00e2timent. RIS-3279-TOM . REFLEX : Mat\u00e9riau r\u00e9fl\u00e9chissant autour des jambes. TISSU : Disponible pour hommes et femmes. bleu. hydrofuge. Protection haute visibilit\u00e9. POCHES : Poche sur la jambe avec soufflet et rabat avec fermeture velcro et poche int\u00e9rieure pour t\u00e9l\u00e9phone portable en mesh. Poches arri\u00e8re renforc\u00e9es par un soufflet. Poches rembourr\u00e9es aux genoux. Poches \u00e0 clous - amovibles et extra larges, avec boucles pour outils et compartiments \u00e0 outils suppl\u00e9mentaires. Poches lat\u00e9rales. Poche m\u00e8tre renforc\u00e9e avec porte couteau et poche stylo. INSTRUCTIONS DE LAVAGE : Nombre de lavages : 25. Ne pas blanchir. RENFORCEMENT : Poches genouill\u00e8res renforc\u00e9es en Cordura\u00ae Stretch. CERTIFICATION : EN 14404:2004+A1:2010 avec genouill\u00e8res 4027, 4057, 4058 et 4032. EN ISO 20471, classe 1.<\/p>\n<p>92% polyester, 8% \u00e9lasthanne, softshell 3 couches, imperm\u00e9able 11.000 mm, coupe-vent, respirant Ret 20,0, stretch, 255 g\/m<\/p>","protected":false},"excerpt":{"rendered":"<p>Herbst- und Winter Arbeitshose der Klasse 1 aus 100% dehnbarem Softshell. Das Material macht die Hose extrem weich, bequem und geschmeidig. Das Material ist wasserdicht, winddicht und hat eine ausgezeichnete Atmungsaktivit\u00e4t. Die Hose verf\u00fcgt \u00fcber fortschrittliche Details und praktische Taschen mit CORDURA\u00ae-Verst\u00e4rkung, eine Beintasche mit Balg, eine Zollstocktasche, abnehmbare Holstertaschen mit Reissverschl\u00fcssen, Taschen mit Balg [&hellip;]<\/p>\n","protected":false},"featured_media":530291,"template":"","meta":[],"product_brand":[],"product_cat":[4185],"product_tag":[],"class_list":{"0":"post-600356","1":"product","2":"type-product","3":"status-publish","4":"has-post-thumbnail","6":"product_cat-hosen","7":"pa_brand-blaklaeder","8":"pa_brand-type-workwear","9":"pa_filter-color-blau","10":"pa_filter-color-gelb","11":"pa_filter-color-orange","12":"pa_filter-color-rot","13":"pa_filter-color-schwarz","15":"first","16":"instock","17":"sale","18":"taxable","19":"shipping-taxable","20":"purchasable","21":"product-type-variable","22":"add-to-wishlist-before_image"},"exclude_global_add_ons":[],"addons":[],"acf":[],"_links":{"self":[{"href":"https:\/\/shop.kustom.ch\/fr\/wp-json\/wp\/v2\/product\/600356"}],"collection":[{"href":"https:\/\/shop.kustom.ch\/fr\/wp-json\/wp\/v2\/product"}],"about":[{"href":"https:\/\/shop.kustom.ch\/fr\/wp-json\/wp\/v2\/types\/product"}],"wp:featuredmedia":[{"embeddable":true,"href":"https:\/\/shop.kustom.ch\/fr\/wp-json\/wp\/v2\/media\/530291"}],"wp:attachment":[{"href":"https:\/\/shop.kustom.ch\/fr\/wp-json\/wp\/v2\/media?parent=600356"}],"wp:term":[{"taxonomy":"product_brand","embeddable":true,"href":"https:\/\/shop.kustom.ch\/fr\/wp-json\/wp\/v2\/product_brand?post=600356"},{"taxonomy":"product_cat","embeddable":true,"href":"https:\/\/shop.kustom.ch\/fr\/wp-json\/wp\/v2\/product_cat?post=600356"},{"taxonomy":"product_tag","embeddable":true,"href":"https:\/\/shop.kustom.ch\/fr\/wp-json\/wp\/v2\/product_tag?post=600356"}],"curies":[{"name":"wp","href":"https:\/\/api.w.org\/{rel}","templated":true}]}}