{"id":600212,"date":"2025-03-05T02:32:53","date_gmt":"2025-03-05T01:32:53","guid":{"rendered":"https:\/\/shop.kustom.ch\/?post_type=product&#038;p=600212"},"modified":"2026-03-31T08:35:30","modified_gmt":"2026-03-31T07:35:30","slug":"multinorm-winter-latzhose","status":"publish","type":"product","link":"https:\/\/shop.kustom.ch\/fr\/produit\/multinorm-winter-latzhose\/","title":{"rendered":"Salopette d'hiver Multinorm"},"content":{"rendered":"<p>Cette salopette non-m\u00e9tallique et difficilement inflammable de classe High Vis 2 est une v\u00e9ritable protection contre le froid, le vent et la pluie en hiver. Pour une r\u00e9sistance et une protection suppl\u00e9mentaires, la salopette est renforc\u00e9e au niveau des poches ext\u00e9rieures des genouill\u00e8res et \u00e0 l'arri\u00e8re de la jambe. Largeur r\u00e9glable, bande r\u00e9fl\u00e9chissante coup\u00e9e pour une meilleure visibilit\u00e9, largeur de pied r\u00e9glable et tissu fonc\u00e9 aux endroits expos\u00e9s aux salissures. Les bretelles sont r\u00e9glables et amovibles. La salopette a des passants de ceinture \u00e0 la taille et une fermeture \u00e0 glissi\u00e8re jusqu'au genou, ainsi qu'une poche sur la jambe, une poche m\u00e8tre et des poches qui r\u00e9chauffent les mains. Cette salopette r\u00e9sistante \u00e0 l'huile, \u00e0 la salet\u00e9 et \u00e0 l'eau est pr\u00eate \u00e0 tout ! Certifi\u00e9e selon IEC 61482-2 : APC 2, ELIM 33 cal\/cm\u00b2 et ATPV 39 cal\/cm\u00b2. EN 1149, EN ISO 11612, EN ISO 11611, EN 13034, EN ISO 20471 et EN 14404. EN 343 4\/1 - \u00c9valuation de la colonne d'eau : 12.000 mm. EN 342 avec le mod\u00e8le 4517, 4917, 4527 - valeur CLO 2,19, Icler 0,334 m\u00b2 K\/W.<\/p>\n<p>FERMETURE : Bas de jambe avec jupe pare-neige amovible. D\u00c9TAILS : Poche d'identification amovible pour les v\u00eatements ignifuges. \u00c9tiquettes de certification ext\u00e9rieures. Bretelles r\u00e9glables et amovibles avec \u00e9lastique. Boutons-pression en plastique. Coutures soud\u00e9es. Fermeture \u00e9clair en plastique \u00e0 l'entrejambe. Passants pour la ceinture. Jupe pare-neige avec fermeture velcro et bouton. Taille haute \u00e0 l'arri\u00e8re. FONCTIONNALIT\u00c9 : R\u00e9sistant \u00e0 l'huile, \u00e0 la salet\u00e9 et \u00e0 l'eau. CARACT\u00c9RISTIQUES PRINCIPALES : Artisan. EN 14004. REFLEX : Bandes r\u00e9fl\u00e9chissantes de transfert ignifuges interrompues. TISSU : Hommes. Jaune haute visibilit\u00e9. Sans m\u00e9tal. Protection contre les flammes. POCHES : Poche sur la jambe avec soufflet et rabat, avec fermeture velcro et poche int\u00e9rieure pour t\u00e9l\u00e9phone portable. Poches ext\u00e9rieures pour genouill\u00e8res. Poche avant avec doublure en polaire et rabat. Poche m\u00e8tre renforc\u00e9e avec porte couteau et poche stylo. INSTRUCTIONS DE LAVAGE : Ne pas blanchir. CERTIFICATION : EN 1149-5. EN 13034 PB (6). EN 14404:2004+A1:2010 avec les genouill\u00e8res 4027 et 4057. Certifi\u00e9 EN 342 avec les articles 4517, 4527, 4917. EN 343, classe 4,1. ELIM - 33 cal\/cm\u00b2. EN ISO 11611, classe 1 A1+A2. EN ISO 11612 A1, A2, C1, E3, F1. EN ISO 20471, classe 2<\/p>\n<p>44% modacrylique, 30% coton, 20% polyamide, 5% aramide, 1% antistatique, ripstop, ignifug\u00e9, antistatique, enduit, imperm\u00e9able 12000 mm, coupe-vent, respirant Ret 8,15, 290 g\/m<\/p>","protected":false},"excerpt":{"rendered":"<p>Diese metallfreie, schwer entflammbare Latzhose in High Vis Klasse 2 ist ein echter Schutz vor K\u00e4lte, Wind und Regen im Winter. F\u00fcr zus\u00e4tzliche Festigkeit und Schutz ist die Latzhose an den \u00e4usseren Kniepolstertaschen und an der R\u00fcckseite des Beinabschlusses verst\u00e4rkt. Verstellbare Weite, geschnittenes Reflektorband f\u00fcr bessere Sichtbarkeit, verstellbare Fussweite und dunkler Stoff an schmutzanf\u00e4lligen Stellen. [&hellip;]<\/p>\n","protected":false},"featured_media":600259,"template":"","meta":[],"product_brand":[],"product_cat":[4185],"product_tag":[],"class_list":{"0":"post-600212","1":"product","2":"type-product","3":"status-publish","4":"has-post-thumbnail","6":"product_cat-hosen","7":"pa_brand-blaklaeder","8":"pa_brand-type-workwear","9":"pa_filter-color-blau","10":"pa_filter-color-gelb","12":"first","13":"instock","14":"sale","15":"taxable","16":"shipping-taxable","17":"purchasable","18":"product-type-variable","19":"add-to-wishlist-before_image"},"exclude_global_add_ons":[],"addons":[],"acf":[],"_links":{"self":[{"href":"https:\/\/shop.kustom.ch\/fr\/wp-json\/wp\/v2\/product\/600212"}],"collection":[{"href":"https:\/\/shop.kustom.ch\/fr\/wp-json\/wp\/v2\/product"}],"about":[{"href":"https:\/\/shop.kustom.ch\/fr\/wp-json\/wp\/v2\/types\/product"}],"wp:featuredmedia":[{"embeddable":true,"href":"https:\/\/shop.kustom.ch\/fr\/wp-json\/wp\/v2\/media\/600259"}],"wp:attachment":[{"href":"https:\/\/shop.kustom.ch\/fr\/wp-json\/wp\/v2\/media?parent=600212"}],"wp:term":[{"taxonomy":"product_brand","embeddable":true,"href":"https:\/\/shop.kustom.ch\/fr\/wp-json\/wp\/v2\/product_brand?post=600212"},{"taxonomy":"product_cat","embeddable":true,"href":"https:\/\/shop.kustom.ch\/fr\/wp-json\/wp\/v2\/product_cat?post=600212"},{"taxonomy":"product_tag","embeddable":true,"href":"https:\/\/shop.kustom.ch\/fr\/wp-json\/wp\/v2\/product_tag?post=600212"}],"curies":[{"name":"wp","href":"https:\/\/api.w.org\/{rel}","templated":true}]}}