{"id":600152,"date":"2025-03-05T02:32:13","date_gmt":"2025-03-05T01:32:13","guid":{"rendered":"https:\/\/shop.kustom.ch\/?post_type=product&#038;p=600152"},"modified":"2026-03-31T08:35:24","modified_gmt":"2026-03-31T07:35:24","slug":"handwerker-arbeitshose-mit-stretch-2","status":"publish","type":"product","link":"https:\/\/shop.kustom.ch\/fr\/produit\/handwerker-arbeitshose-mit-stretch-2\/","title":{"rendered":"Pantalon de travail d'artisan avec stretch"},"content":{"rendered":"<p>Un pantalon d'artisan confortable et souple qui ne laisse rien au hasard en termes de durabilit\u00e9, de confort et de d\u00e9tails pratiques. Le pantalon est dot\u00e9 d'un stretch quadri-directionnel \u00e9tonnant sur le devant, le mollet et l'empi\u00e8cement, ainsi que d'un stretch bidirectionnel \u00e0 l'entrejambe. Il poss\u00e8de des poches genouill\u00e8res s'ouvrant vers le bas avec un stretch CORDURA\u00ae. Si vous voulez travailler librement et avec concentration, ce pantalon d'artisan est le v\u00eatement qu'il vous faut.<\/p>\n<p>FERMETURE : Bas de jambe avec renfort \u00e0 l'arri\u00e8re. D\u00c9TAILS : Poche amovible pour carte d'identit\u00e9. Boutons en m\u00e9tal. Porte-couteau avec bouton. Couture int\u00e9rieure de la jambe avec triple couture. Fermeture \u00e0 glissi\u00e8re en plastique \u00e0 l'entrejambe. Deux passants de ceinture sur les c\u00f4t\u00e9s avec un bouton pour un passant pour marteau, un passant de ceinture avec anneau en D \u00e0 l'avant. Large passant de ceinture \u00e0 l'arri\u00e8re. Anneau en D \u00e0 la taille. FONCTIONNALIT\u00c9 : Empi\u00e8cements en stretch sur le devant, aux genoux, au-dessus des fesses, sur les poches avant, au mollet et \u00e0 l'entrejambe. CARACT\u00c9RISTIQUES PRINCIPALES : Artisan. EN 14004. REFLEX : D\u00e9tails r\u00e9fl\u00e9chissants sur la jambe. TISSU : Hommes. Noir. Poches pour genouill\u00e8res. Artisanat. POCHES : Poche sur la jambe avec soufflet, poche pour stylo, poche flexible pour t\u00e9l\u00e9phone portable et deux grandes poches - une avec fermeture \u00e9clair et poche amovible pour carte d'identit\u00e9. Poches arri\u00e8re \u00e0 soufflet. Poches rembourr\u00e9es aux genoux. Poche ins\u00e9r\u00e9e avec insert stretch. Poche m\u00e8tre renforc\u00e9e avec porte couteau et poche stylo. INSTRUCTIONS DE LAVAGE : 40\u00b0 C. RENFORCEMENT : Poches genouill\u00e8res renforc\u00e9es en Cordura\u00ae stretch. CERTIFICATION : EN 14404:2004+A1:2010 avec genouill\u00e8res 4027, 4057, 4058 et 4032.<\/p>\n<p>65% polyester, 35% coton, serg\u00e9, 300g\/m<\/p>","protected":false},"excerpt":{"rendered":"<p>Eine bequeme, anschmiegsame Handwerkerhose, die in puncto Haltbarkeit, Komfort und praktische Details nichts dem Zufall \u00fcberl\u00e4sst. Die Hose hat einen erstaunlichen 4-Wege-Stretch an der Vorderseite, Wade und Passe sowie einen 2-Wege-Stretch im Schritt. Sie besitzt nach unten \u00f6ffnende Kniepolstertaschen mit CORDURA\u00ae-Stretch. Wenn Sie frei und konzentriert arbeiten wollen, ist diese Handwerkerhose das richtige Kleidungsst\u00fcck f\u00fcr [&hellip;]<\/p>\n","protected":false},"featured_media":600203,"template":"","meta":[],"product_brand":[],"product_cat":[4185],"product_tag":[],"class_list":{"0":"post-600152","1":"product","2":"type-product","3":"status-publish","4":"has-post-thumbnail","6":"product_cat-hosen","7":"pa_brand-blaklaeder","8":"pa_brand-type-workwear","9":"pa_filter-color-blau","10":"pa_filter-color-schwarz","12":"first","13":"instock","14":"sale","15":"taxable","16":"shipping-taxable","17":"purchasable","18":"product-type-variable","19":"add-to-wishlist-before_image"},"exclude_global_add_ons":[],"addons":[],"acf":[],"_links":{"self":[{"href":"https:\/\/shop.kustom.ch\/fr\/wp-json\/wp\/v2\/product\/600152"}],"collection":[{"href":"https:\/\/shop.kustom.ch\/fr\/wp-json\/wp\/v2\/product"}],"about":[{"href":"https:\/\/shop.kustom.ch\/fr\/wp-json\/wp\/v2\/types\/product"}],"wp:featuredmedia":[{"embeddable":true,"href":"https:\/\/shop.kustom.ch\/fr\/wp-json\/wp\/v2\/media\/600203"}],"wp:attachment":[{"href":"https:\/\/shop.kustom.ch\/fr\/wp-json\/wp\/v2\/media?parent=600152"}],"wp:term":[{"taxonomy":"product_brand","embeddable":true,"href":"https:\/\/shop.kustom.ch\/fr\/wp-json\/wp\/v2\/product_brand?post=600152"},{"taxonomy":"product_cat","embeddable":true,"href":"https:\/\/shop.kustom.ch\/fr\/wp-json\/wp\/v2\/product_cat?post=600152"},{"taxonomy":"product_tag","embeddable":true,"href":"https:\/\/shop.kustom.ch\/fr\/wp-json\/wp\/v2\/product_tag?post=600152"}],"curies":[{"name":"wp","href":"https:\/\/api.w.org\/{rel}","templated":true}]}}