{"id":600117,"date":"2025-03-05T02:31:33","date_gmt":"2025-03-05T01:31:33","guid":{"rendered":"https:\/\/shop.kustom.ch\/?post_type=product&#038;p=600117"},"modified":"2026-03-31T08:35:17","modified_gmt":"2026-03-31T07:35:17","slug":"handwerker-shorts-mit-stretch","status":"publish","type":"product","link":"https:\/\/shop.kustom.ch\/fr\/produit\/handwerker-shorts-mit-stretch\/","title":{"rendered":"Short d'artisan avec stretch"},"content":{"rendered":"<p>Une version short du pantalon d'artisan 1799, avec un \u00e9tonnant stretch 4 directions sur le devant et l'empi\u00e8cement et un stretch 2 directions \u00e0 l'entrejambe. Si vous voulez travailler librement et avec concentration, ce short d'artisan est le v\u00eatement qu'il vous faut.<\/p>\n<p>D\u00c9TAILS : Poche amovible pour carte d'identit\u00e9. Boutons en m\u00e9tal. Porte-couteau avec bouton. Couture int\u00e9rieure de la jambe avec triple couture. Fermeture \u00e0 glissi\u00e8re en plastique \u00e0 l'entrejambe. Larges passants de ceinture \u00e0 l'arri\u00e8re et sur les c\u00f4t\u00e9s. Anneau en D \u00e0 la taille. FONCTIONNALIT\u00c9 : Empi\u00e8cements en stretch sur le devant, au-dessus des fesses, sur les poches avant et \u00e0 l'entrejambe. CARACTERISTIQUES PRINCIPALES : Jardinier. Hommes . REFLEX : D\u00e9tail r\u00e9fl\u00e9chissant sur la poche de jambe. TISSU : Hommes. Bleu. Insert en stretch. Artisanat. POCHES : Poche sur la jambe avec soufflet, poche pour stylo, poche flexible pour t\u00e9l\u00e9phone portable et deux grandes poches - une avec fermeture \u00e9clair et une poche amovible pour carte d'identit\u00e9. Poches arri\u00e8re \u00e0 soufflet. Poche ins\u00e9r\u00e9e avec insert stretch. Poche m\u00e8tre renforc\u00e9e avec porte couteau et poche stylo. INSTRUCTIONS DE LAVAGE : Ne pas nettoyer \u00e0 sec. RENFORCEMENT : Renfort en CORDURA\u00ae sur les poches arri\u00e8re.<\/p>\n<p>65% polyester, 35% coton, serg\u00e9, 300g\/m<\/p>","protected":false},"excerpt":{"rendered":"<p>Eine Shorts-Version der Handwerkerhose 1799, mit erstaunlichem 4-Wege-Stretch an der Vorderseite und Passe sowie 2-Wege-Stretch im Schritt. Wenn Sie frei und konzentriert arbeiten wollen, ist diese Handwerker Shorts das richtige Kleidungsst\u00fcck f\u00fcr Sie. DETAILS: Abnehmbare Ausweistasche. Metallkn\u00f6pfe. Messerhalter mit Knopf. Innenbeinnaht mit 3-fach-Naht. Kunststoff-Reissverschluss im Schritt. Breite G\u00fcrtelschlaufen hinten und an den Seiten. D-Ring am [&hellip;]<\/p>\n","protected":false},"featured_media":600141,"template":"","meta":[],"product_brand":[],"product_cat":[4198],"product_tag":[],"class_list":{"0":"post-600117","1":"product","2":"type-product","3":"status-publish","4":"has-post-thumbnail","6":"product_cat-shorts","7":"pa_brand-blaklaeder","8":"pa_brand-type-workwear","9":"pa_filter-color-blau","10":"pa_filter-color-grau","11":"pa_filter-color-schwarz","13":"first","14":"instock","15":"sale","16":"taxable","17":"shipping-taxable","18":"purchasable","19":"product-type-variable","20":"add-to-wishlist-before_image"},"exclude_global_add_ons":[],"addons":[],"acf":[],"_links":{"self":[{"href":"https:\/\/shop.kustom.ch\/fr\/wp-json\/wp\/v2\/product\/600117"}],"collection":[{"href":"https:\/\/shop.kustom.ch\/fr\/wp-json\/wp\/v2\/product"}],"about":[{"href":"https:\/\/shop.kustom.ch\/fr\/wp-json\/wp\/v2\/types\/product"}],"wp:featuredmedia":[{"embeddable":true,"href":"https:\/\/shop.kustom.ch\/fr\/wp-json\/wp\/v2\/media\/600141"}],"wp:attachment":[{"href":"https:\/\/shop.kustom.ch\/fr\/wp-json\/wp\/v2\/media?parent=600117"}],"wp:term":[{"taxonomy":"product_brand","embeddable":true,"href":"https:\/\/shop.kustom.ch\/fr\/wp-json\/wp\/v2\/product_brand?post=600117"},{"taxonomy":"product_cat","embeddable":true,"href":"https:\/\/shop.kustom.ch\/fr\/wp-json\/wp\/v2\/product_cat?post=600117"},{"taxonomy":"product_tag","embeddable":true,"href":"https:\/\/shop.kustom.ch\/fr\/wp-json\/wp\/v2\/product_tag?post=600117"}],"curies":[{"name":"wp","href":"https:\/\/api.w.org\/{rel}","templated":true}]}}