{"id":600078,"date":"2025-03-05T02:30:52","date_gmt":"2025-03-05T01:30:52","guid":{"rendered":"https:\/\/shop.kustom.ch\/?post_type=product&#038;p=600078"},"modified":"2026-03-31T08:35:16","modified_gmt":"2026-03-31T07:35:16","slug":"handwerker-piraten-shorts-4-wege-stretch","status":"publish","type":"product","link":"https:\/\/shop.kustom.ch\/fr\/produit\/handwerker-piraten-shorts-4-wege-stretch\/","title":{"rendered":"Short pirate artisanal 4-way stretch"},"content":{"rendered":"<p>Un short de pirate souple et confortable, extr\u00eamement doux et flexible. Ce short de pirate a \u00e9t\u00e9 con\u00e7u pour r\u00e9pondre \u00e0 des t\u00e2ches exigeantes sans faire de compromis sur le confort et la coupe. Le mat\u00e9riau est un tissu stretch doux \u00e0 4 voies, solide et extensible dans toutes les directions. Le short de pirate poss\u00e8de des poches pratiques avec des renforts, une poche m\u00e8tre, des poches avant et des porte-outils fonctionnels, comme une boucle pour un porte-marteau. Les poches pour genouill\u00e8res qui s'ouvrent par le bas sont dot\u00e9es de CORDURA\u00ae stretch et de stretch \u00e0 l'int\u00e9rieur pour plus de flexibilit\u00e9. Le tissu en mesh stretch doux \u00e0 l'arri\u00e8re des genoux assure une bonne ventilation.<\/p>\n<p>D\u00c9TAILS : Poche amovible pour carte d'identit\u00e9. Boutons en m\u00e9tal. Porte-couteau avec bouton. Couture int\u00e9rieure de la jambe avec triple couture. Fermeture \u00e0 glissi\u00e8re en plastique \u00e0 l'entrejambe. Deux passants sur les c\u00f4t\u00e9s avec un bouton pour porte marteau. Anneau en D \u00e0 la taille. FONCTIONNALIT\u00c9 : Insert en mesh \u00e0 l'arri\u00e8re du genou. CARACTERISTIQUES PRINCIPALES : manutentionnaire. Messieurs. EN 14004. REFLEX : D\u00e9tail r\u00e9fl\u00e9chissant sur la poche de jambe. TISSU : Hommes. Noir. Stretch. Tissu stretch. POCHES : Poche sur la jambe avec fermeture \u00e9clair. Poches arri\u00e8re avec soufflet. Poches pour genouill\u00e8res. Poches \u00e0 clous - extra larges avec porte-outils et compartiments \u00e0 outils suppl\u00e9mentaires et poches suppl\u00e9mentaires avec fermeture \u00e9clair. Poches lat\u00e9rales. Poche m\u00e8tre renforc\u00e9e avec porte couteau et poche stylo. INSTRUCTIONS DE LAVAGE : Ne pas repasser. RENFORCEMENT : Poche m\u00e8tre renforc\u00e9e, poches \u00e0 clous et poches arri\u00e8re. CERTIFICATION : EN 14404:2004+A1:2010 avec genouill\u00e8res 4027, 4057, 4058 et 4032.<\/p>\n<p>93% Polyamide, 7% \u00c9lasthanne, Dobby, stretch 4 directions, 295 g\/m<\/p>","protected":false},"excerpt":{"rendered":"<p>Eine geschmeidige, bequeme Piratenshorts, extrem weich und flexibel. Diese Piratenshorts wurde entwickelt, um anspruchsvollen Aufgaben gerecht zu werden, ohne Kompromisse bei Komfort und Passform einzugehen. Das Material ist ein weicher 4-Wege-Stretch-Stoff, der in alle Richtungen stark und dehnbar ist. Die Piratenshorts hat praktische Taschen mit Verst\u00e4rkungen, eine Zollstocktasche, Vordertaschen und funktionelle Werkzeughalterungen, wie z. B. [&hellip;]<\/p>\n","protected":false},"featured_media":600104,"template":"","meta":[],"product_brand":[],"product_cat":[4198],"product_tag":[],"class_list":{"0":"post-600078","1":"product","2":"type-product","3":"status-publish","4":"has-post-thumbnail","6":"product_cat-shorts","7":"pa_brand-blaklaeder","8":"pa_brand-type-workwear","9":"pa_filter-color-schwarz","11":"first","12":"instock","13":"sale","14":"taxable","15":"shipping-taxable","16":"purchasable","17":"product-type-variable","18":"add-to-wishlist-before_image"},"exclude_global_add_ons":[],"addons":[],"acf":[],"_links":{"self":[{"href":"https:\/\/shop.kustom.ch\/fr\/wp-json\/wp\/v2\/product\/600078"}],"collection":[{"href":"https:\/\/shop.kustom.ch\/fr\/wp-json\/wp\/v2\/product"}],"about":[{"href":"https:\/\/shop.kustom.ch\/fr\/wp-json\/wp\/v2\/types\/product"}],"wp:featuredmedia":[{"embeddable":true,"href":"https:\/\/shop.kustom.ch\/fr\/wp-json\/wp\/v2\/media\/600104"}],"wp:attachment":[{"href":"https:\/\/shop.kustom.ch\/fr\/wp-json\/wp\/v2\/media?parent=600078"}],"wp:term":[{"taxonomy":"product_brand","embeddable":true,"href":"https:\/\/shop.kustom.ch\/fr\/wp-json\/wp\/v2\/product_brand?post=600078"},{"taxonomy":"product_cat","embeddable":true,"href":"https:\/\/shop.kustom.ch\/fr\/wp-json\/wp\/v2\/product_cat?post=600078"},{"taxonomy":"product_tag","embeddable":true,"href":"https:\/\/shop.kustom.ch\/fr\/wp-json\/wp\/v2\/product_tag?post=600078"}],"curies":[{"name":"wp","href":"https:\/\/api.w.org\/{rel}","templated":true}]}}