{"id":600061,"date":"2025-03-05T02:30:48","date_gmt":"2025-03-05T01:30:48","guid":{"rendered":"https:\/\/shop.kustom.ch\/?post_type=product&#038;p=600061"},"modified":"2026-03-31T08:35:05","modified_gmt":"2026-03-31T07:35:05","slug":"handwerker-arbeitshose-mit-stretch","status":"publish","type":"product","link":"https:\/\/shop.kustom.ch\/fr\/produit\/handwerker-arbeitshose-mit-stretch\/","title":{"rendered":"Pantalon de travail d'artisan avec stretch"},"content":{"rendered":"<p>Ce pantalon d'artisanat en coton 100% est r\u00e9sistant, confortable et enti\u00e8rement \u00e9quip\u00e9 de caract\u00e9ristiques fonctionnelles. Il a \u00e9t\u00e9 con\u00e7u pour rendre la vie professionnelle beaucoup plus facile. Le pantalon a une coupe plus fine et, bien qu'il soit fabriqu\u00e9 dans un tissu robuste, il est a\u00e9r\u00e9 et agr\u00e9able \u00e0 porter. Afin de rendre le pantalon particuli\u00e8rement l\u00e9ger et confortable, il est dot\u00e9 d'inserts en stretch quadri-directionnel au niveau des fesses, de la taille, des mollets et des ouvertures de poches. De plus, ils disposent de poches renforc\u00e9es aux genoux en tissu CORDURA\u00ae stretch, ce qui contribue \u00e0 la sensation imbattable de confort absolu.<\/p>\n<p>FERMETURE : Bas de jambe avec renfort \u00e0 l'arri\u00e8re. D\u00c9TAILS : Poche amovible pour carte d'identit\u00e9. Boutons en m\u00e9tal. Porte-couteau avec bouton. Couture int\u00e9rieure de la jambe avec triple couture. Fermeture \u00e0 glissi\u00e8re en plastique \u00e0 l'entrejambe. Deux passants de ceinture sur les c\u00f4t\u00e9s avec un bouton pour un passant pour marteau, un passant de ceinture avec anneau en D \u00e0 l'avant. Large passant de ceinture \u00e0 l'arri\u00e8re. Anneau en D \u00e0 la taille. FONCTIONNALIT\u00c9 : Insert stretch \u00e0 l'entrejambe, aux genoux, aux hanches et au mollet. CARACT\u00c9RISTIQUES PRINCIPALES : Jardinier. EN 14004. REFLEX : D\u00e9tails r\u00e9fl\u00e9chissants sur la jambe. TISSU : Hommes. Noir. Insert en stretch. Tissu stretch. POCHES : Poche sur la jambe avec soufflet, poche pour stylo, poche flexible pour t\u00e9l\u00e9phone portable et deux grandes poches - une avec fermeture \u00e9clair et poche amovible pour carte d'identit\u00e9. Poches arri\u00e8re \u00e0 soufflet. Poches rembourr\u00e9es pour les genoux. Poches \u00e0 clous - avec porte-outils et poches suppl\u00e9mentaires \u00e0 fermeture \u00e9clair. Poche ins\u00e9r\u00e9e avec insert stretch. Poche m\u00e8tre renforc\u00e9e avec porte couteau et poche stylo. INSTRUCTION DE LAVAGE : repassage - moyen. RENFORCEMENT : Poche m\u00e8tre renforc\u00e9e, poches \u00e0 clous, poches arri\u00e8res, et arri\u00e8re de la jambe. CERTIFICATION : EN 14404:2004+A1:2010 avec genouill\u00e8res 4027, 4057, 4058 et 4032.<\/p>\n<p>100% Coton, serg\u00e9, 370 g\/m<\/p>","protected":false},"excerpt":{"rendered":"<p>Diese Handwerker Hose aus 100% Baumwolle ist strapazierf\u00e4hig, komfortabel und voll ausgestattet mit funktionellen Merkmalen und wurde entwickelt um das Arbeitsleben sehr viel einfacher zu machen. Die Hose hat eine schlankere Passform und ist zwar aus einem robusten Stoff gefertigt, aber dennoch luftig und angenehm zu tragen. Um der Hose ein besonders leichtes und komfortables [&hellip;]<\/p>\n","protected":false},"featured_media":600103,"template":"","meta":[],"product_brand":[],"product_cat":[4185],"product_tag":[],"class_list":{"0":"post-600061","1":"product","2":"type-product","3":"status-publish","4":"has-post-thumbnail","6":"product_cat-hosen","7":"pa_brand-blaklaeder","8":"pa_brand-type-workwear","9":"pa_filter-color-schwarz","11":"first","12":"instock","13":"sale","14":"taxable","15":"shipping-taxable","16":"purchasable","17":"product-type-variable","18":"add-to-wishlist-before_image"},"exclude_global_add_ons":[],"addons":[],"acf":[],"_links":{"self":[{"href":"https:\/\/shop.kustom.ch\/fr\/wp-json\/wp\/v2\/product\/600061"}],"collection":[{"href":"https:\/\/shop.kustom.ch\/fr\/wp-json\/wp\/v2\/product"}],"about":[{"href":"https:\/\/shop.kustom.ch\/fr\/wp-json\/wp\/v2\/types\/product"}],"wp:featuredmedia":[{"embeddable":true,"href":"https:\/\/shop.kustom.ch\/fr\/wp-json\/wp\/v2\/media\/600103"}],"wp:attachment":[{"href":"https:\/\/shop.kustom.ch\/fr\/wp-json\/wp\/v2\/media?parent=600061"}],"wp:term":[{"taxonomy":"product_brand","embeddable":true,"href":"https:\/\/shop.kustom.ch\/fr\/wp-json\/wp\/v2\/product_brand?post=600061"},{"taxonomy":"product_cat","embeddable":true,"href":"https:\/\/shop.kustom.ch\/fr\/wp-json\/wp\/v2\/product_cat?post=600061"},{"taxonomy":"product_tag","embeddable":true,"href":"https:\/\/shop.kustom.ch\/fr\/wp-json\/wp\/v2\/product_tag?post=600061"}],"curies":[{"name":"wp","href":"https:\/\/api.w.org\/{rel}","templated":true}]}}