{"id":600008,"date":"2025-03-05T02:29:59","date_gmt":"2025-03-05T01:29:59","guid":{"rendered":"https:\/\/shop.kustom.ch\/?post_type=product&#038;p=600008"},"modified":"2026-03-31T08:33:32","modified_gmt":"2026-03-31T07:33:32","slug":"handwerker-arbeitshose-4-wege-stretch-2","status":"publish","type":"product","link":"https:\/\/shop.kustom.ch\/fr\/produit\/handwerker-arbeitshose-4-wege-stretch-2\/","title":{"rendered":"Pantalon de travail artisanal 4-way stretch"},"content":{"rendered":"<p>Un pantalon de travail artisanal fabriqu\u00e9 dans un mat\u00e9riau stretch 4 directions un peu plus fin, qui offre un confort ultime. Le pantalon a une coupe plus \u00e9troite et semble plus serr\u00e9. Il est dot\u00e9 de poches genouill\u00e8res en CORDURA\u00ae stretch s'ouvrant vers le bas, de poches holster amovibles, de poches arri\u00e8re \u00e0 soufflet, d'une poche m\u00e8tre et d'une boucle pour porte-marteau sur le c\u00f4t\u00e9 gauche et le c\u00f4t\u00e9 droit.<\/p>\n<p>FERMETURE : Bas de jambe avec renfort en CORDURA\u00ae. D\u00c9TAILS : Poche amovible pour carte d'identit\u00e9. Boutons en m\u00e9tal. Porte-couteau avec bouton. Fermeture \u00e0 glissi\u00e8re en plastique \u00e0 l'entrejambe. Deux passants sur les c\u00f4t\u00e9s avec un bouton pour porte marteau. Anneau en D \u00e0 la taille. FONCTIONNALIT\u00c9 : stretch 4 directions. CARACT\u00c9RISTIQUES PRINCIPALES : Artisan. EN 14004. REFLEX : D\u00e9tails r\u00e9fl\u00e9chissants sur la jambe. TISSU : Hommes. Noir. Poches \u00e0 clous. Artisanat. POCHES : Poches arri\u00e8re renforc\u00e9es par un soufflet. Poches ext\u00e9rieures pour genouill\u00e8res. Poches \u00e0 clous - amovibles avec porte-outils et une poche suppl\u00e9mentaire avec fermeture \u00e9clair. Poches avec soufflet, poche pour stylo et couteau. Rabat avec bouton magn\u00e9tique cach\u00e9. Poches lat\u00e9rales. Poche m\u00e8tre renforc\u00e9e avec porte couteau et poche stylo. INSTRUCTIONS DE LAVAGE : Ne pas nettoyer \u00e0 sec. RENFORCEMENT : Poches genouill\u00e8res renforc\u00e9es en Cordura\u00ae Stretch. CERTIFICATION : EN 14404:2004+A1:2010 avec genouill\u00e8res 4027, 4057, 4058 et 4032.<\/p>\n<p>92% polyamide, 8% \u00e9lasthanne, double tissage, stretch quadri-directionnel, 230 g\/m<\/p>","protected":false},"excerpt":{"rendered":"<p>Eine Handwerker Arbeitshose aus einem etwas d\u00fcnneren 4-Wege-Stretchmaterial, das ultimativen Komfort bietet. Die Hose ist schmaler geschnitten und sieht enger aus. Sie hat nach unten \u00f6ffnende Kniepolstertaschen mit CORDURA\u00ae-Stretch, abnehmbare Holstertaschen, Ges\u00e4sstaschen mit Balg, eine Zollstocktasche und je eine Schlaufe f\u00fcr Hammerhalter auf der linken und rechten Seite. ABSCHLUSS: Beinabschluss mit CORDURA\u00ae-Verst\u00e4rkung. DETAILS: Abnehmbare Ausweistasche. [&hellip;]<\/p>\n","protected":false},"featured_media":600056,"template":"","meta":[],"product_brand":[],"product_cat":[4185],"product_tag":[],"class_list":{"0":"post-600008","1":"product","2":"type-product","3":"status-publish","4":"has-post-thumbnail","6":"product_cat-hosen","7":"pa_brand-blaklaeder","8":"pa_brand-type-workwear","9":"pa_filter-color-schwarz","11":"first","12":"instock","13":"sale","14":"taxable","15":"shipping-taxable","16":"purchasable","17":"product-type-variable","18":"add-to-wishlist-before_image"},"exclude_global_add_ons":[],"addons":[],"acf":[],"_links":{"self":[{"href":"https:\/\/shop.kustom.ch\/fr\/wp-json\/wp\/v2\/product\/600008"}],"collection":[{"href":"https:\/\/shop.kustom.ch\/fr\/wp-json\/wp\/v2\/product"}],"about":[{"href":"https:\/\/shop.kustom.ch\/fr\/wp-json\/wp\/v2\/types\/product"}],"wp:featuredmedia":[{"embeddable":true,"href":"https:\/\/shop.kustom.ch\/fr\/wp-json\/wp\/v2\/media\/600056"}],"wp:attachment":[{"href":"https:\/\/shop.kustom.ch\/fr\/wp-json\/wp\/v2\/media?parent=600008"}],"wp:term":[{"taxonomy":"product_brand","embeddable":true,"href":"https:\/\/shop.kustom.ch\/fr\/wp-json\/wp\/v2\/product_brand?post=600008"},{"taxonomy":"product_cat","embeddable":true,"href":"https:\/\/shop.kustom.ch\/fr\/wp-json\/wp\/v2\/product_cat?post=600008"},{"taxonomy":"product_tag","embeddable":true,"href":"https:\/\/shop.kustom.ch\/fr\/wp-json\/wp\/v2\/product_tag?post=600008"}],"curies":[{"name":"wp","href":"https:\/\/api.w.org\/{rel}","templated":true}]}}