{"id":599692,"date":"2025-03-05T02:25:16","date_gmt":"2025-03-05T01:25:16","guid":{"rendered":"https:\/\/shop.kustom.ch\/?post_type=product&#038;p=599692"},"modified":"2026-03-31T09:12:37","modified_gmt":"2026-03-31T08:12:37","slug":"damen-multinorm-arbeitshose-inhaerent-mit-stretch-3","status":"publish","type":"product","link":"https:\/\/shop.kustom.ch\/fr\/produit\/damen-multinorm-arbeitshose-inhaerent-mit-stretch-3\/","title":{"rendered":"Pantalon de travail multi-normes pour femmes Intransigeant avec stretch"},"content":{"rendered":"<p>Pantalon confortable ignifug\u00e9 de coupe f\u00e9minine avec fonction stretch. Le pantalon de travail id\u00e9al, tr\u00e8s confortable, pour les personnes qui travaillent dans des environnements expos\u00e9s. \u00c9quip\u00e9 de poches suspendues et de d\u00e9tails intelligents tels que des empi\u00e8cements en stretch pour une plus grande libert\u00e9 de mouvement et une plus grande flexibilit\u00e9. Le tissu ol\u00e9ofuge, antisalissant et hydrofuge se caract\u00e9rise par une grande r\u00e9sistance \u00e0 l'usure. Renforts CORDURA\u00ae\/Kevlar\u00ae\/Protal\u00ae aux genoux, m\u00e8tre pliant et poche pour couteau avec espace pour un t\u00e9l\u00e9phone. Certifi\u00e9 selon les normes EN ISO 20471 ; EN 1149-5 ; EN ISO 11612 et IEC 61482-2. R\u00e9sistance \u00e0 l'arc \u00e9lectrique : 10,7 cal\/cm\u00b2 (valable pour le tissu stretch).<\/p>\n<p>D\u00c9TAILS : Poche amovible pour carte d'identit\u00e9. \u00c9tiquettes de certification ext\u00e9rieures. Boutons en plastique. Fermeture \u00e0 glissi\u00e8re en plastique \u00e0 l'entrejambe. \u00c9lastique \u00e0 la taille. FONCTIONNALIT\u00c9 : Sans m\u00e9tal. PRINCIPALES CARACT\u00c9RISTIQUES : Employ\u00e9 de service. IEC 61482-2. REFLEX : Bandes r\u00e9fl\u00e9chissantes ignifuges avec doubles coutures. TISSU : Femme. Jaune. Poches pour genouill\u00e8res. Protection contre les flammes. POCHES : Poche sur la jambe avec soufflet, rabat et poche pour t\u00e9l\u00e9phone portable. Poche arri\u00e8re. Poches ext\u00e9rieures pour genouill\u00e8res. Poches \u00e0 clous renforc\u00e9es en trois parties. Poche m\u00e8tre renforc\u00e9e avec porte couteau et poche stylo. CONDITION DE LAVAGE : S\u00e8che-linge - bas. RENFORCEMENT : CORDURA\u00ae\/Kevlar\u00ae\/Protal\u00ae - renforc\u00e9 aux genoux. CERTIFICATION : EN 1149-5. EN 14404:2004+A1:2010 avec genouill\u00e8res 4027 et 4057. ISO 11612 A1, B1, C1, E1. Max. 50 cycles de lavage. ATPV - 10,7 cal\/cm\u00b2.<\/p>\n<p>44% Modacrylique, 30% Coton, 20% FR Polyamide, 5% Aramide, 1% antistatique, Ripstop, ignifug\u00e9, antistatique, 260 g\/m<\/p>","protected":false},"excerpt":{"rendered":"<p>Bequeme flammhemmende Hose im Damenschnitt mit Stretchfunktion. Die ideale Arbeitshose mit hohem Tragekomfort f\u00fcr Menschen, die in exponierter Umgebung arbeiten. Ausgestattet mit H\u00e4ngetaschen und intelligenten Details wie Stretcheins\u00e4tzen f\u00fcr mehr Bewegungsfreiheit und Flexibilit\u00e4t. Das \u00f6l-, schmutz- und wasserabweisende Gewebe zeichnet sich durch eine hohe Verschleissfestigkeit aus. CORDURA\u00ae\/Kevlar\u00ae\/Protal\u00ae-Verst\u00e4rkung an den Knien, Zollstock und Messertasche mit Platz [&hellip;]<\/p>\n","protected":false},"featured_media":599697,"template":"","meta":[],"product_brand":[],"product_cat":[4185],"product_tag":[],"class_list":{"0":"post-599692","1":"product","2":"type-product","3":"status-publish","4":"has-post-thumbnail","6":"product_cat-hosen","7":"pa_brand-blaklaeder","8":"pa_brand-type-workwear","9":"pa_filter-color-blau","10":"pa_filter-color-gelb","12":"first","13":"instock","14":"sale","15":"taxable","16":"shipping-taxable","17":"purchasable","18":"product-type-variable","19":"add-to-wishlist-before_image"},"exclude_global_add_ons":[],"addons":[],"acf":[],"_links":{"self":[{"href":"https:\/\/shop.kustom.ch\/fr\/wp-json\/wp\/v2\/product\/599692"}],"collection":[{"href":"https:\/\/shop.kustom.ch\/fr\/wp-json\/wp\/v2\/product"}],"about":[{"href":"https:\/\/shop.kustom.ch\/fr\/wp-json\/wp\/v2\/types\/product"}],"wp:featuredmedia":[{"embeddable":true,"href":"https:\/\/shop.kustom.ch\/fr\/wp-json\/wp\/v2\/media\/599697"}],"wp:attachment":[{"href":"https:\/\/shop.kustom.ch\/fr\/wp-json\/wp\/v2\/media?parent=599692"}],"wp:term":[{"taxonomy":"product_brand","embeddable":true,"href":"https:\/\/shop.kustom.ch\/fr\/wp-json\/wp\/v2\/product_brand?post=599692"},{"taxonomy":"product_cat","embeddable":true,"href":"https:\/\/shop.kustom.ch\/fr\/wp-json\/wp\/v2\/product_cat?post=599692"},{"taxonomy":"product_tag","embeddable":true,"href":"https:\/\/shop.kustom.ch\/fr\/wp-json\/wp\/v2\/product_tag?post=599692"}],"curies":[{"name":"wp","href":"https:\/\/api.w.org\/{rel}","templated":true}]}}