{"id":599581,"date":"2025-03-05T02:23:44","date_gmt":"2025-03-05T01:23:44","guid":{"rendered":"https:\/\/shop.kustom.ch\/?post_type=product&#038;p=599581"},"modified":"2026-03-31T09:09:20","modified_gmt":"2026-03-31T08:09:20","slug":"maler-umstandshose-zip-off","status":"publish","type":"product","link":"https:\/\/shop.kustom.ch\/fr\/produit\/maler-umstandshose-zip-off\/","title":{"rendered":"Pantalon de grossesse Zip-off pour peintre"},"content":{"rendered":"<p>Le pantalon de maternit\u00e9 r\u00e9volutionnaire de Bl\u00e5kl\u00e4der en version peintre. Ce pantalon de peintre doux, confortable et r\u00e9sistant est con\u00e7u pour faciliter le travail physique pendant la grossesse aussi longtemps que possible. Le pantalon anti-rayures en stretch 4 directions est dot\u00e9 d'une fermeture \u00e0 glissi\u00e8re, ce qui signifie que vous pouvez retirer les parties au-dessus des genoux pour obtenir \u00e0 la fois un pantalon long et un pantalon court en un seul v\u00eatement. Il poss\u00e8de des poches suspendues et une poche m\u00e8tre.<\/p>\n<p>FERMETURE : Possibilit\u00e9 de rallonger l'ourlet de la jambe. D\u00c9TAILS : Anneau en D. Taille haute \u00e0 l'arri\u00e8re. FONCTIONNALIT\u00c9 : Stretch 4 directions. Taille pour femme. CARACT\u00c9RISTIQUES PRINCIPALES : Peintre. EN 14004. REFLEX : D\u00e9tails r\u00e9fl\u00e9chissants sur la jambe. TISSU : Femme. Noir. Stretch. Tissu stretch. POCHES : Poche sur la jambe avec soufflet et rabat avec fermeture velcro et poche int\u00e9rieure pour t\u00e9l\u00e9phone portable en mesh. Poche pour t\u00e9l\u00e9phone portable \u00e0 l'int\u00e9rieur. Poches rembourr\u00e9es aux genoux. Poches lat\u00e9rales. Poches lat\u00e9rales. Poche pour m\u00e8tre pliant. INSTRUCTIONS DE LAVAGE : Ne pas repasser. RENFORCEMENT : Poches genouill\u00e8res renforc\u00e9es en Cordura\u00ae Stretch. CERTIFICATION : EN 14404:2004+A1:2010 avec genouill\u00e8res 4027, 4057, 4058 et 4032.<\/p>\n<p>94% polyester, 6% \u00e9lasthanne, stretch 4 directions, 320 g\/m<\/p>","protected":false},"excerpt":{"rendered":"<p>Die revolution\u00e4re Umstandshose von Bl\u00e5kl\u00e4der in Malerausf\u00fchrung. Diese weiche, bequeme und strapazierf\u00e4hige Malerhose soll die k\u00f6rperliche Arbeit w\u00e4hrend der Schwangerschaft so lange wie m\u00f6glich erleichtern. Die kratzfreie Hose aus 4-Wege-Stretch hat einen Reissverschluss, d.h. Sie k\u00f6nnen die Teile \u00fcber den Knien abnehmen, so dass Sie sowohl eine lange als auch eine kurze Hose in einem [&hellip;]<\/p>\n","protected":false},"featured_media":599634,"template":"","meta":[],"product_brand":[],"product_cat":[4185],"product_tag":[],"class_list":{"0":"post-599581","1":"product","2":"type-product","3":"status-publish","4":"has-post-thumbnail","6":"product_cat-hosen","7":"pa_brand-blaklaeder","8":"pa_brand-type-workwear","9":"pa_filter-color-schwarz","10":"pa_filter-color-weiss","12":"first","13":"instock","14":"sale","15":"taxable","16":"shipping-taxable","17":"purchasable","18":"product-type-variable","19":"add-to-wishlist-before_image"},"exclude_global_add_ons":[],"addons":[],"acf":[],"_links":{"self":[{"href":"https:\/\/shop.kustom.ch\/fr\/wp-json\/wp\/v2\/product\/599581"}],"collection":[{"href":"https:\/\/shop.kustom.ch\/fr\/wp-json\/wp\/v2\/product"}],"about":[{"href":"https:\/\/shop.kustom.ch\/fr\/wp-json\/wp\/v2\/types\/product"}],"wp:featuredmedia":[{"embeddable":true,"href":"https:\/\/shop.kustom.ch\/fr\/wp-json\/wp\/v2\/media\/599634"}],"wp:attachment":[{"href":"https:\/\/shop.kustom.ch\/fr\/wp-json\/wp\/v2\/media?parent=599581"}],"wp:term":[{"taxonomy":"product_brand","embeddable":true,"href":"https:\/\/shop.kustom.ch\/fr\/wp-json\/wp\/v2\/product_brand?post=599581"},{"taxonomy":"product_cat","embeddable":true,"href":"https:\/\/shop.kustom.ch\/fr\/wp-json\/wp\/v2\/product_cat?post=599581"},{"taxonomy":"product_tag","embeddable":true,"href":"https:\/\/shop.kustom.ch\/fr\/wp-json\/wp\/v2\/product_tag?post=599581"}],"curies":[{"name":"wp","href":"https:\/\/api.w.org\/{rel}","templated":true}]}}