{"id":599529,"date":"2025-03-05T02:23:03","date_gmt":"2025-03-05T01:23:03","guid":{"rendered":"https:\/\/shop.kustom.ch\/?post_type=product&#038;p=599529"},"modified":"2026-03-31T09:03:00","modified_gmt":"2026-03-31T08:03:00","slug":"damen-fleecejacke","status":"publish","type":"product","link":"https:\/\/shop.kustom.ch\/fr\/produit\/damen-fleecejacke\/","title":{"rendered":"Veste polaire pour femme"},"content":{"rendered":"<p>Cette veste polaire \u00e0 la coupe f\u00e9minine convient bien comme deuxi\u00e8me couche. Le mat\u00e9riau Grid-Fleece est extensible, confortable et tr\u00e8s flexible. La veste a une coupe pr\u00e8s du corps et du mesh sous les aisselles pour une meilleure a\u00e9ration. Existe aussi en mod\u00e8le pour hommes 4735.<\/p>\n<p>FERMETURE : Poignets avec ouverture pour le pouce. D\u00c9TAILS : Col haut. Broderie Bl\u00e5kl\u00e4der \u00e0 l'arri\u00e8re. FERMETURE FRONTALE : Patte \u00e0 vent \u00e0 l'int\u00e9rieur. FONCTIONNALIT\u00c9 : Insert en mesh \u00e0 l'emmanchure. Coupe slim. CARACTERISTIQUES PRINCIPALES : Conducteur. Disponible pour hommes et femmes. TISSU : Disponible pour hommes et femmes. bleu. Vent \/ humidit\u00e9 \/ froid. POCHES : poches frontales, dont une avec anneau en D. INSTRUCTIONS DE LAVAGE : 40\u00b0 C<\/p>\n<p>95% polyester, 5% \u00e9lasthanne, non-tiss\u00e9 en grille, 265g\/m<\/p>","protected":false},"excerpt":{"rendered":"<p>Die Fleecejacke mit Damenpassform eignet sich gut als zweite Schicht. Das Grid-Fleece-Material ist dehnbar, bequem und sehr flexibel. Die Jacke hat eine k\u00f6rpernahe Passform und Mesh in den Achselh\u00f6hlen f\u00fcr bessere Bel\u00fcftung. Auch als Herrenmodell 4735 erh\u00e4ltlich. ABSCHLUSS: \u00c4rmelb\u00fcndchen mit Daumen\u00f6ffnung. DETAILS: Hoher Kragen. Bl\u00e5kl\u00e4der-Stick hinten. FRONTVERSCHLUSS: Windleiste innen. FUNKTIONALIT\u00c4T: Mesh-Einsatz am Armausschnitt. Slim Fit. [&hellip;]<\/p>\n","protected":false},"featured_media":599590,"template":"","meta":[],"product_brand":[],"product_cat":[4184],"product_tag":[],"class_list":{"0":"post-599529","1":"product","2":"type-product","3":"status-publish","4":"has-post-thumbnail","6":"product_cat-hoodies-pullover","7":"pa_brand-blaklaeder","8":"pa_brand-type-workwear","9":"pa_filter-color-blau","10":"pa_filter-color-schwarz","12":"first","13":"instock","14":"sale","15":"taxable","16":"shipping-taxable","17":"purchasable","18":"product-type-variable","19":"add-to-wishlist-before_image"},"exclude_global_add_ons":[],"addons":[],"acf":[],"_links":{"self":[{"href":"https:\/\/shop.kustom.ch\/fr\/wp-json\/wp\/v2\/product\/599529"}],"collection":[{"href":"https:\/\/shop.kustom.ch\/fr\/wp-json\/wp\/v2\/product"}],"about":[{"href":"https:\/\/shop.kustom.ch\/fr\/wp-json\/wp\/v2\/types\/product"}],"wp:featuredmedia":[{"embeddable":true,"href":"https:\/\/shop.kustom.ch\/fr\/wp-json\/wp\/v2\/media\/599590"}],"wp:attachment":[{"href":"https:\/\/shop.kustom.ch\/fr\/wp-json\/wp\/v2\/media?parent=599529"}],"wp:term":[{"taxonomy":"product_brand","embeddable":true,"href":"https:\/\/shop.kustom.ch\/fr\/wp-json\/wp\/v2\/product_brand?post=599529"},{"taxonomy":"product_cat","embeddable":true,"href":"https:\/\/shop.kustom.ch\/fr\/wp-json\/wp\/v2\/product_cat?post=599529"},{"taxonomy":"product_tag","embeddable":true,"href":"https:\/\/shop.kustom.ch\/fr\/wp-json\/wp\/v2\/product_tag?post=599529"}],"curies":[{"name":"wp","href":"https:\/\/api.w.org\/{rel}","templated":true}]}}