{"id":599460,"date":"2025-03-05T02:21:53","date_gmt":"2025-03-05T01:21:53","guid":{"rendered":"https:\/\/shop.kustom.ch\/?post_type=product&#038;p=599460"},"modified":"2026-03-31T09:00:48","modified_gmt":"2026-03-31T08:00:48","slug":"damen-multinorm-softshelljacke","status":"publish","type":"product","link":"https:\/\/shop.kustom.ch\/fr\/produit\/damen-multinorm-softshelljacke\/","title":{"rendered":"Veste Softshell multi-normes pour femmes"},"content":{"rendered":"<p>Veste softshell sans m\u00e9tal ni polyester, de coupe f\u00e9minine et en haute visibilit\u00e9, qui est par nature difficilement inflammable. La veste coupe-vent et imperm\u00e9able est fabriqu\u00e9e dans un mat\u00e9riau softshell r\u00e9sistant \u00e0 l'huile, \u00e0 la salet\u00e9 et \u00e0 l'eau et dispose d'une excellente respirabilit\u00e9. Elle est \u00e9galement dot\u00e9e d'un dos allong\u00e9, de manches pr\u00e9form\u00e9es et de poignets qui am\u00e9liorent encore son confort d\u00e9j\u00e0 excellent. La veste est dot\u00e9e de poches fonctionnelles et de deux boucles \u00e0 gaz permettant d'accrocher des d\u00e9tecteurs de gaz et des appareils de mesure de l'oxyg\u00e8ne. Cela rend la veste softshell particuli\u00e8rement utile pour les travaux dans des environnements p\u00e9trochimiques ou dans l'industrie du p\u00e9trole et du gaz, par exemple. Elle est certifi\u00e9e selon : EN 1149-5. EN 13034. EN ISO 20471. EN ISO 11611. EN ISO 11612. IEC 61482-2.<\/p>\n<p>FERMETURE : Dos rallong\u00e9. Poignet int\u00e9rieur. D\u00c9TAILS : Anneau en D. \u00c9tiquettes de certification ext\u00e9rieures. Boutons en plastique. Col haut avec fermeture \u00e0 glissi\u00e8re dissimul\u00e9e. FERMETURE FRONTALE : Fermeture \u00e0 glissi\u00e8re plastique \u00e0 double sens dissimul\u00e9e. FONCTIONNALIT\u00c9 : R\u00e9sistant \u00e0 l'huile, \u00e0 la salet\u00e9 et \u00e0 l'eau. CARACT\u00c9RISTIQUES PRINCIPALES : Artisan. EN ISO 11611. REFLEX : Bandes r\u00e9fl\u00e9chissantes de transfert ignifuges interrompues. TISSU : Femme. Bleu. Sans m\u00e9tal. Protection contre les flammes. POCHES : Poche de poitrine avec fermeture \u00e0 glissi\u00e8re. Poches avant avec fermetures \u00e0 glissi\u00e8re. INSTRUCTIONS DE LAVAGE : Ne pas nettoyer \u00e0 sec. CERTIFICATION : EN 1149-5. 20 cycles de lavage maximum. EBT - 33 cal\/cm\u00b2. EN ISO 11611 classe 2 , A1+A2. EN ISO 11612 A1,A2, B1,C2,F2. EN ISO 20471, classe 2<\/p>\n<p>44% modacrylique, 29% coton, 11% polyamide, 6% polyur\u00e9thane, 5% polyester, 3% aramide, 2% antistatique, softshell 3 couches, ignifug\u00e9, antistatique, enduit, \u00e9claboussures chimiques (EN13034), 490 g\/m\u00b2.<\/p>","protected":false},"excerpt":{"rendered":"<p>Metall- und polyesterfreie Softshelljacke mit Damenpassform und in High Vis, die von Haus aus schwer entflammbar ist. Die wind- und wasserabweisende Jacke ist aus einem \u00f6l-, schmutz- und wasserabweisenden Softshell-Material gefertigt und verf\u00fcgt \u00fcber eine hervorragende Atmungsaktivit\u00e4t. Ausserdem hat sie einen verl\u00e4ngerten R\u00fccken, vorgeformte \u00c4rmel und B\u00fcndchen an den \u00c4rmelenden, die den ohnehin schon hervorragenden [&hellip;]<\/p>\n","protected":false},"featured_media":599515,"template":"","meta":[],"product_brand":[],"product_cat":[4186],"product_tag":[],"class_list":{"0":"post-599460","1":"product","2":"type-product","3":"status-publish","4":"has-post-thumbnail","6":"product_cat-jacken","7":"pa_brand-blaklaeder","8":"pa_brand-type-workwear","9":"pa_filter-color-blau","10":"pa_filter-color-gelb","12":"first","13":"instock","14":"sale","15":"taxable","16":"shipping-taxable","17":"purchasable","18":"product-type-variable","19":"add-to-wishlist-before_image"},"exclude_global_add_ons":[],"addons":[],"acf":[],"_links":{"self":[{"href":"https:\/\/shop.kustom.ch\/fr\/wp-json\/wp\/v2\/product\/599460"}],"collection":[{"href":"https:\/\/shop.kustom.ch\/fr\/wp-json\/wp\/v2\/product"}],"about":[{"href":"https:\/\/shop.kustom.ch\/fr\/wp-json\/wp\/v2\/types\/product"}],"wp:featuredmedia":[{"embeddable":true,"href":"https:\/\/shop.kustom.ch\/fr\/wp-json\/wp\/v2\/media\/599515"}],"wp:attachment":[{"href":"https:\/\/shop.kustom.ch\/fr\/wp-json\/wp\/v2\/media?parent=599460"}],"wp:term":[{"taxonomy":"product_brand","embeddable":true,"href":"https:\/\/shop.kustom.ch\/fr\/wp-json\/wp\/v2\/product_brand?post=599460"},{"taxonomy":"product_cat","embeddable":true,"href":"https:\/\/shop.kustom.ch\/fr\/wp-json\/wp\/v2\/product_cat?post=599460"},{"taxonomy":"product_tag","embeddable":true,"href":"https:\/\/shop.kustom.ch\/fr\/wp-json\/wp\/v2\/product_tag?post=599460"}],"curies":[{"name":"wp","href":"https:\/\/api.w.org\/{rel}","templated":true}]}}