{"id":599392,"date":"2025-03-05T02:21:10","date_gmt":"2025-03-05T01:21:10","guid":{"rendered":"https:\/\/shop.kustom.ch\/?post_type=product&#038;p=599392"},"modified":"2026-03-31T09:00:02","modified_gmt":"2026-03-31T08:00:02","slug":"leichte-gefuetterte-damen-winterjacke-stretch","status":"publish","type":"product","link":"https:\/\/shop.kustom.ch\/fr\/produit\/leichte-gefuetterte-damen-winterjacke-stretch\/","title":{"rendered":"Veste d'hiver l\u00e9g\u00e8re et doubl\u00e9e pour femmes Stretch"},"content":{"rendered":"<p>Veste d'hiver doubl\u00e9e d'Air-Mesh, parfaite pour les conditions hivernales plus froides. Elle est imperm\u00e9able au vent et \u00e0 l'eau, avec une excellente respirabilit\u00e9 et des coutures scell\u00e9es. La veste \u00e0 la coupe f\u00e9minine est fabriqu\u00e9e en stretch 4 directions incroyablement confortable et doux. \u00c9galement disponible en mod\u00e8le 4484 pour hommes.<\/p>\n<p>FERMETURE : Dos rallong\u00e9. Poignet int\u00e9rieur avec trou pour le pouce. D\u00c9TAILS : fermeture \u00e9clair dans la doublure, pour une finition textile facile. Capuche amovible avec doublure en mesh. FERMETURE FRONTALE : Fermeture \u00e9clair plastique \u00e0 double sens. FONCTIONNALIT\u00c9 : Mat\u00e9riau coupe-vent &amp; imperm\u00e9able avec respirabilit\u00e9, coutures soud\u00e9es. CARACT\u00c9RISTIQUES PRINCIPALES : Pose au sol. REFLEX : Mat\u00e9riau r\u00e9fl\u00e9chissant sur les manches. TISSU : Femmes. Stretch. Unite. POCHES : Poche de poitrine avec fermeture \u00e0 glissi\u00e8re. Poches avant avec fermetures \u00e0 glissi\u00e8re. INSTRUCTIONS DE LAVAGE : Ne pas essorer. CERTIFICATION : EN 342 avec art. 1810. EN 343, classe 4,1. Non certifi\u00e9 High Vis.<\/p>\n<p>83% polyamide, 17% spandex, lamin\u00e9, \u00e9tanche \u00e0 l'eau 15000 mm, coupe-vent, respirant Ret 11,3, stretch, 170 g\/m<\/p>","protected":false},"excerpt":{"rendered":"<p>Mit Air-Mesh gef\u00fctterte Winterjacke, die sich perfekt f\u00fcr k\u00e4ltere Winterbedingungen eignet. Sie ist wind- und wasserdicht mit hervorragender Atmungsaktivit\u00e4t und hat versiegelte N\u00e4hte. Die Jacke in Damenpassform ist aus unglaublich komfortablem und weichem 4-Wege-Stretch gefertigt. Auch als Herrenmodell 4484 erh\u00e4ltlich. ABSCHLUSS: Verl\u00e4ngerter R\u00fccken. Innenb\u00fcndchen mit Daumenloch. DETAILS: Reissverschluss im Futter, f\u00fcr einfache Textilveredelung. Abnehmbare Kapuze [&hellip;]<\/p>\n","protected":false},"featured_media":599449,"template":"","meta":[],"product_brand":[],"product_cat":[4186],"product_tag":[],"class_list":{"0":"post-599392","1":"product","2":"type-product","3":"status-publish","4":"has-post-thumbnail","6":"product_cat-jacken","7":"pa_brand-blaklaeder","8":"pa_brand-type-workwear","9":"pa_filter-color-blau","10":"pa_filter-color-gelb","11":"pa_filter-color-rot","12":"pa_filter-color-schwarz","14":"first","15":"instock","16":"sale","17":"taxable","18":"shipping-taxable","19":"purchasable","20":"product-type-variable","21":"add-to-wishlist-before_image"},"exclude_global_add_ons":[],"addons":[],"acf":[],"_links":{"self":[{"href":"https:\/\/shop.kustom.ch\/fr\/wp-json\/wp\/v2\/product\/599392"}],"collection":[{"href":"https:\/\/shop.kustom.ch\/fr\/wp-json\/wp\/v2\/product"}],"about":[{"href":"https:\/\/shop.kustom.ch\/fr\/wp-json\/wp\/v2\/types\/product"}],"wp:featuredmedia":[{"embeddable":true,"href":"https:\/\/shop.kustom.ch\/fr\/wp-json\/wp\/v2\/media\/599449"}],"wp:attachment":[{"href":"https:\/\/shop.kustom.ch\/fr\/wp-json\/wp\/v2\/media?parent=599392"}],"wp:term":[{"taxonomy":"product_brand","embeddable":true,"href":"https:\/\/shop.kustom.ch\/fr\/wp-json\/wp\/v2\/product_brand?post=599392"},{"taxonomy":"product_cat","embeddable":true,"href":"https:\/\/shop.kustom.ch\/fr\/wp-json\/wp\/v2\/product_cat?post=599392"},{"taxonomy":"product_tag","embeddable":true,"href":"https:\/\/shop.kustom.ch\/fr\/wp-json\/wp\/v2\/product_tag?post=599392"}],"curies":[{"name":"wp","href":"https:\/\/api.w.org\/{rel}","templated":true}]}}