{"id":599391,"date":"2025-03-05T02:21:10","date_gmt":"2025-03-05T01:21:10","guid":{"rendered":"https:\/\/shop.kustom.ch\/?post_type=product&#038;p=599391"},"modified":"2026-03-31T08:59:09","modified_gmt":"2026-03-31T07:59:09","slug":"damen-flammschutz-jacke","status":"publish","type":"product","link":"https:\/\/shop.kustom.ch\/fr\/produit\/damen-flammschutz-jacke\/","title":{"rendered":"Veste ignifug\u00e9e pour femmes"},"content":{"rendered":"<p>Veste ignifuge r\u00e9sistante de coupe f\u00e9minine avec fermeture \u00e0 glissi\u00e8re m\u00e9tallique robuste et dissimul\u00e9e et poches pratiques. Soufflet dans le dos et coudes pr\u00e9form\u00e9s pour plus de confort. D\u00e9tails r\u00e9fl\u00e9chissants pour une meilleure visibilit\u00e9. Lavable en machine industrielle. Le mat\u00e9riau est r\u00e9sistant \u00e0 l'huile, \u00e0 la salet\u00e9 et \u00e0 l'eau. Certifi\u00e9 selon EN 1149-5, IEC 61482-2. EN ISO 11611. EN ISO 11612. EN 13034. ATPV : 16,0 cal\/cm\u00b2.<\/p>\n<p>FERMETURE : Ceinture r\u00e9glable avec boutons-pression. Poignets r\u00e9glables avec boutons-pression. D\u00c9TAILS : Anneau en D. \u00c9tiquettes de certification ext\u00e9rieures. Boutons-pression en plastique. Col haut avec fermeture \u00e0 glissi\u00e8re dissimul\u00e9e. FERMETURE FRONTALE : Fermeture \u00e0 glissi\u00e8re m\u00e9tallique dissimul\u00e9e. FONCTIONNALIT\u00c9 : R\u00e9sistant \u00e0 l'huile, \u00e0 la salet\u00e9 et \u00e0 l'eau. CARACT\u00c9RISTIQUES PRINCIPALES : Artisan. EN 13034. REFLEX : D\u00e9tails r\u00e9fl\u00e9chissants. TISSU : Femme. Noir. Protection contre les flammes. POCHES : Poches poitrine avec fermetures \u00e0 glissi\u00e8re et anneau en D. Poche int\u00e9rieure avec poche pour t\u00e9l\u00e9phone portable. Poches avant avec soufflet et rabat. INSTRUCTIONS DE LAVAGE : Ne pas nettoyer \u00e0 sec. CERTIFICATION : EN 1149-5. EN 13034 PB (6). EN ISO 11611, classe 1 A1+A2. EN ISO 11612 A1, A2, B1, C1, E3, F1. IEC 61482-2, APC 1<\/p>\n<p>85% coton, 14% polyester, 1% antistatique, serg\u00e9, ignifug\u00e9, antistatique, 350 g\/m<\/p>","protected":false},"excerpt":{"rendered":"<p>Strapazierf\u00e4hige Flammschutz Jacke im Damenschnitt mit robustem, verdeckten Metallreissverschluss und praktischen Taschen. Faltenbalg im R\u00fcckenbereich und vorgeformte Ellbogen f\u00fcr mehr Komfort. Reflektierende Details f\u00fcr bessere Sichtbarkeit. Industriell waschbar. Das Material ist \u00f6l-, schmutz- und wasserabweisend. Zertifiziert nach EN 1149-5, IEC 61482-2. EN ISO 11611. EN ISO 11612. EN 13034. ATPV: 16,0 cal\/cm\u00b2. ABSCHLUSS: Verstellbarer Bund [&hellip;]<\/p>\n","protected":false},"featured_media":599448,"template":"","meta":[],"product_brand":[],"product_cat":[4186],"product_tag":[],"class_list":{"0":"post-599391","1":"product","2":"type-product","3":"status-publish","4":"has-post-thumbnail","6":"product_cat-jacken","7":"pa_brand-blaklaeder","8":"pa_brand-type-workwear","9":"pa_filter-color-grau","10":"pa_filter-color-schwarz","12":"first","13":"instock","14":"sale","15":"taxable","16":"shipping-taxable","17":"purchasable","18":"product-type-variable","19":"add-to-wishlist-before_image"},"exclude_global_add_ons":[],"addons":[],"acf":[],"_links":{"self":[{"href":"https:\/\/shop.kustom.ch\/fr\/wp-json\/wp\/v2\/product\/599391"}],"collection":[{"href":"https:\/\/shop.kustom.ch\/fr\/wp-json\/wp\/v2\/product"}],"about":[{"href":"https:\/\/shop.kustom.ch\/fr\/wp-json\/wp\/v2\/types\/product"}],"wp:featuredmedia":[{"embeddable":true,"href":"https:\/\/shop.kustom.ch\/fr\/wp-json\/wp\/v2\/media\/599448"}],"wp:attachment":[{"href":"https:\/\/shop.kustom.ch\/fr\/wp-json\/wp\/v2\/media?parent=599391"}],"wp:term":[{"taxonomy":"product_brand","embeddable":true,"href":"https:\/\/shop.kustom.ch\/fr\/wp-json\/wp\/v2\/product_brand?post=599391"},{"taxonomy":"product_cat","embeddable":true,"href":"https:\/\/shop.kustom.ch\/fr\/wp-json\/wp\/v2\/product_cat?post=599391"},{"taxonomy":"product_tag","embeddable":true,"href":"https:\/\/shop.kustom.ch\/fr\/wp-json\/wp\/v2\/product_tag?post=599391"}],"curies":[{"name":"wp","href":"https:\/\/api.w.org\/{rel}","templated":true}]}}