{"id":599330,"date":"2025-03-05T02:19:48","date_gmt":"2025-03-05T01:19:48","guid":{"rendered":"https:\/\/shop.kustom.ch\/?post_type=product&#038;p=599330"},"modified":"2026-03-31T08:54:42","modified_gmt":"2026-03-31T07:54:42","slug":"damen-high-vis-sweater","status":"publish","type":"product","link":"https:\/\/shop.kustom.ch\/fr\/produit\/damen-high-vis-sweater\/","title":{"rendered":"Sweat haute visibilit\u00e9 pour femme"},"content":{"rendered":"<p>Sweat haute visibilit\u00e9 doux et confortable dans une belle qualit\u00e9 de coton avec une bande r\u00e9fl\u00e9chissante segment\u00e9e pour de bonnes propri\u00e9t\u00e9s d'\u00e9lasticit\u00e9 et de respirabilit\u00e9. Il a une coupe f\u00e9minine, des poches sur les c\u00f4t\u00e9s, un col haut, une fermeture \u00e9clair sur toute la longueur \u00e0 l'avant et des poignets en bas et aux extr\u00e9mit\u00e9s des manches pour plus de confort. La partie sombre du sweat est en 100 % coton, la partie haute visibilit\u00e9 en 100 % polyester. \u00c9galement disponible en mod\u00e8le homme 3551.<\/p>\n<p>FERMETURE : Finition des manches avec poignets. D\u00c9TAILS : imprim\u00e9 Bl\u00e5kl\u00e4der sur l'\u00e9paule. Col haut avec fermeture \u00e0 glissi\u00e8re. FERMETURE FRONTALE : Fermeture \u00e0 glissi\u00e8re en plastique. TYPE DE TRAVAIL PRINCIPAL : Travailleur de la route et du b\u00e2timent. Disponible pour hommes et femmes. EN ISO 20471. REFLEX : bandes r\u00e9fl\u00e9chissantes de transfert de 50 mm de large. TISSU : Femmes. Jaune. Haute visibilit\u00e9. Coton 100%. POCHES : Poche int\u00e9rieure avec poche zipp\u00e9e cach\u00e9e. INSTRUCTIONS DE LAVAGE : Nombre de lavages : 25. 60\u00b0 C. CERTIFICATION : EN ISO 20471, classe 1<\/p>\n<p>100% Coton, French Terry, 320 g\/m<\/p>","protected":false},"excerpt":{"rendered":"<p>Weicher und bequemer High Vis Sweater in sch\u00f6ner Baumwollqualit\u00e4t mit segmentiertem Reflexband f\u00fcr gute Stretch-Eigenschaften und Atmungsaktivit\u00e4t. Er hat eine Damenpassform, Taschen an den Seiten, einen hohen Kragen, einen durchgehenden Reissverschluss vorne und B\u00fcndchen unten und an den \u00c4rmelenden f\u00fcr zus\u00e4tzlichen Komfort. Der dunkle Teil des Sweaters besteht aus 100 Prozent Baumwolle, der High Vis [&hellip;]<\/p>\n","protected":false},"featured_media":0,"template":"","meta":[],"product_brand":[],"product_cat":[4184],"product_tag":[],"class_list":{"0":"post-599330","1":"product","2":"type-product","3":"status-publish","5":"product_cat-hoodies-pullover","6":"pa_brand-blaklaeder","7":"pa_brand-type-workwear","8":"pa_filter-color-blau","9":"pa_filter-color-gelb","10":"pa_filter-color-orange","11":"pa_filter-color-rot","12":"pa_filter-color-schwarz","14":"first","15":"instock","16":"sale","17":"taxable","18":"shipping-taxable","19":"purchasable","20":"product-type-variable","21":"add-to-wishlist-before_image"},"exclude_global_add_ons":[],"addons":[],"acf":[],"_links":{"self":[{"href":"https:\/\/shop.kustom.ch\/fr\/wp-json\/wp\/v2\/product\/599330"}],"collection":[{"href":"https:\/\/shop.kustom.ch\/fr\/wp-json\/wp\/v2\/product"}],"about":[{"href":"https:\/\/shop.kustom.ch\/fr\/wp-json\/wp\/v2\/types\/product"}],"wp:attachment":[{"href":"https:\/\/shop.kustom.ch\/fr\/wp-json\/wp\/v2\/media?parent=599330"}],"wp:term":[{"taxonomy":"product_brand","embeddable":true,"href":"https:\/\/shop.kustom.ch\/fr\/wp-json\/wp\/v2\/product_brand?post=599330"},{"taxonomy":"product_cat","embeddable":true,"href":"https:\/\/shop.kustom.ch\/fr\/wp-json\/wp\/v2\/product_cat?post=599330"},{"taxonomy":"product_tag","embeddable":true,"href":"https:\/\/shop.kustom.ch\/fr\/wp-json\/wp\/v2\/product_tag?post=599330"}],"curies":[{"name":"wp","href":"https:\/\/api.w.org\/{rel}","templated":true}]}}