{"id":599301,"date":"2025-03-05T02:19:11","date_gmt":"2025-03-05T01:19:11","guid":{"rendered":"https:\/\/shop.kustom.ch\/?post_type=product&#038;p=599301"},"modified":"2026-03-31T08:54:41","modified_gmt":"2026-03-31T07:54:41","slug":"damen-high-vis-t-shirt-3","status":"publish","type":"product","link":"https:\/\/shop.kustom.ch\/fr\/produit\/damen-high-vis-t-shirt-3\/","title":{"rendered":"T-shirt haute visibilit\u00e9 pour femmes"},"content":{"rendered":"<p>Si vous travaillez en ext\u00e9rieur, vous savez \u00e0 quel point il est important de porter des v\u00eatements adapt\u00e9s qui fonctionnent lorsque les temp\u00e9ratures augmentent. Ce t-shirt \u00e0 la coupe f\u00e9minine est fabriqu\u00e9 dans un mat\u00e9riau qui absorbe parfaitement l'humidit\u00e9 et \u00e9vacue la transpiration de l'int\u00e9rieur du v\u00eatement vers l'ext\u00e9rieur. \u00c0 l'ext\u00e9rieur, l'humidit\u00e9 s\u00e8che rapidement, cr\u00e9ant ainsi un climat corporel agr\u00e9able. Ne peut pas \u00eatre lav\u00e9 industriellement.<\/p>\n<p>DETAILS : Impression - Bl\u00e5kl\u00e4der. Col rond. Inserts pour optimiser l'\u00e9vacuation de l'humidit\u00e9. FONCTIONNALIT\u00c9 : Inserts en mesh sur les principales zones de transpiration. Taille pour femmes. TRAVAILLEURS PRINCIPAUX : Travailleurs de la route et du b\u00e2timent. EN ISO 20471. REFLEX : Mat\u00e9riau r\u00e9fl\u00e9chissant sur le torse, les manches et les \u00e9paules. TISSU : Disponible pour hommes et femmes. Jaune haute visibilit\u00e9. Protection haute visibilit\u00e9. INSTRUCTIONS DE LAVAGE : Nombre de lavages : 50. 60\u00b0 C. CERTIFICATION : EN ISO 20471, classe 2<\/p>\n<p>55% polyester, 45% polypropyl\u00e8ne, interlock, 160g\/m<\/p>","protected":false},"excerpt":{"rendered":"<p>Wenn Sie im Freien arbeiten, wissen Sie, wie wichtig geeignete Kleidung ist, die bei steigenden Temperaturen funktioniert. Dieses T-Shirt mit Damenpassform besteht aus einem Material mit hervorragender Feuchtigkeitsaufnahme, das den Schweiss von der Innenseite des Kleidungsst\u00fccks nach aussen transportiert. An der Aussenseite trocknet die Feuchtigkeit schnell und schafft so ein angenehmes K\u00f6rperklima. Kann nicht industriell [&hellip;]<\/p>\n","protected":false},"featured_media":599339,"template":"","meta":[],"product_brand":[],"product_cat":[4201],"product_tag":[],"class_list":{"0":"post-599301","1":"product","2":"type-product","3":"status-publish","4":"has-post-thumbnail","6":"product_cat-t-shirts","7":"pa_brand-blaklaeder","8":"pa_brand-type-workwear","9":"pa_filter-color-blau","10":"pa_filter-color-gelb","11":"pa_filter-color-orange","12":"pa_filter-color-rot","13":"pa_filter-color-schwarz","15":"first","16":"instock","17":"sale","18":"taxable","19":"shipping-taxable","20":"purchasable","21":"product-type-variable","22":"add-to-wishlist-before_image"},"exclude_global_add_ons":[],"addons":[],"acf":[],"_links":{"self":[{"href":"https:\/\/shop.kustom.ch\/fr\/wp-json\/wp\/v2\/product\/599301"}],"collection":[{"href":"https:\/\/shop.kustom.ch\/fr\/wp-json\/wp\/v2\/product"}],"about":[{"href":"https:\/\/shop.kustom.ch\/fr\/wp-json\/wp\/v2\/types\/product"}],"wp:featuredmedia":[{"embeddable":true,"href":"https:\/\/shop.kustom.ch\/fr\/wp-json\/wp\/v2\/media\/599339"}],"wp:attachment":[{"href":"https:\/\/shop.kustom.ch\/fr\/wp-json\/wp\/v2\/media?parent=599301"}],"wp:term":[{"taxonomy":"product_brand","embeddable":true,"href":"https:\/\/shop.kustom.ch\/fr\/wp-json\/wp\/v2\/product_brand?post=599301"},{"taxonomy":"product_cat","embeddable":true,"href":"https:\/\/shop.kustom.ch\/fr\/wp-json\/wp\/v2\/product_cat?post=599301"},{"taxonomy":"product_tag","embeddable":true,"href":"https:\/\/shop.kustom.ch\/fr\/wp-json\/wp\/v2\/product_tag?post=599301"}],"curies":[{"name":"wp","href":"https:\/\/api.w.org\/{rel}","templated":true}]}}