{"id":599255,"date":"2025-03-05T02:18:25","date_gmt":"2025-03-05T01:18:25","guid":{"rendered":"https:\/\/shop.kustom.ch\/?post_type=product&#038;p=599255"},"modified":"2026-03-31T08:53:26","modified_gmt":"2026-03-31T07:53:26","slug":"multinorm-poloshirt-langaermelig-4","status":"publish","type":"product","link":"https:\/\/shop.kustom.ch\/fr\/produit\/multinorm-poloshirt-langaermelig-4\/","title":{"rendered":"Polo multi-normes \u00e0 manches longues"},"content":{"rendered":"<p>Polo ignifuge \u00e0 manches longues High-Vis (classe 3) avec bandes r\u00e9fl\u00e9chissantes de transfert diagonales. Parfait si vous voulez \u00eatre bien habill\u00e9 au travail tout en assurant une protection ad\u00e9quate contre les flammes dans les environnements expos\u00e9s. Le polo a un col en tricot c\u00f4tel\u00e9 et des poignets \u00e9lastiques pour plus de confort. Certifi\u00e9 EN ISO 20471, ce qui augmente votre visibilit\u00e9 lorsque vous travaillez dans des environnements expos\u00e9s. Certifi\u00e9 ignifuge, anti-arc \u00e9lectrique et antistatique selon les normes EN 1149-5, EN ISO 11612, EN 61482-2.<\/p>\n<p>FERMETURE : Finition des manches avec poignets. D\u00c9TAILS : \u00c9tiquettes de certification ext\u00e9rieures. Encolure avec boutons. Col \u00e0 c\u00f4tes. PRINCIPALES CARACT\u00c9RISTIQUES : Employ\u00e9 de service. IEC 61482-2. REFLEX : Bandes r\u00e9fl\u00e9chissantes de transfert ignifuges interrompues. TISSU : Hommes. Jaune haute visibilit\u00e9. Protection contre les flammes. INSTRUCTIONS DE LAVAGE : 60\u00b0 C. CERTIFICATION : EN 1149-5. EN 61482-2, APC 1. EN ISO 11612 A1, A2, B1, C1. EN ISO 20471, classe 3<\/p>\n<p>60% modacrylique, 39% coton, 1% autres fibres. Tricot piqu\u00e9, ignifug\u00e9, antistatique, 210g\/m<\/p>","protected":false},"excerpt":{"rendered":"<p>Lang\u00e4rmeliges, flammhemmendes High-Vis (Klasse 3) Poloshirt mit diagonalen Transfer-Reflexstreifen. Perfekt, wenn Sie bei der Arbeit gut gekleidet sein wollen und gleichzeitig einen angemessenen Flammschutz in exponierten Umgebungen sicherstellen wollen. Das Poloshirt hat einen Rippstrickkragen und elastische B\u00fcndchen f\u00fcr zus\u00e4tzlichen Komfort. Zertifiziert nach EN ISO 20471, was Ihre Sichtbarkeit bei der Arbeit in exponierten Umgebungen erh\u00f6ht. [&hellip;]<\/p>\n","protected":false},"featured_media":0,"template":"","meta":[],"product_brand":[],"product_cat":[4201],"product_tag":[],"class_list":{"0":"post-599255","1":"product","2":"type-product","3":"status-publish","5":"product_cat-t-shirts","6":"pa_brand-blaklaeder","7":"pa_brand-type-workwear","8":"pa_filter-color-gelb","10":"first","11":"instock","12":"sale","13":"taxable","14":"shipping-taxable","15":"purchasable","16":"product-type-variable","17":"add-to-wishlist-before_image"},"exclude_global_add_ons":[],"addons":[],"acf":[],"_links":{"self":[{"href":"https:\/\/shop.kustom.ch\/fr\/wp-json\/wp\/v2\/product\/599255"}],"collection":[{"href":"https:\/\/shop.kustom.ch\/fr\/wp-json\/wp\/v2\/product"}],"about":[{"href":"https:\/\/shop.kustom.ch\/fr\/wp-json\/wp\/v2\/types\/product"}],"wp:attachment":[{"href":"https:\/\/shop.kustom.ch\/fr\/wp-json\/wp\/v2\/media?parent=599255"}],"wp:term":[{"taxonomy":"product_brand","embeddable":true,"href":"https:\/\/shop.kustom.ch\/fr\/wp-json\/wp\/v2\/product_brand?post=599255"},{"taxonomy":"product_cat","embeddable":true,"href":"https:\/\/shop.kustom.ch\/fr\/wp-json\/wp\/v2\/product_cat?post=599255"},{"taxonomy":"product_tag","embeddable":true,"href":"https:\/\/shop.kustom.ch\/fr\/wp-json\/wp\/v2\/product_tag?post=599255"}],"curies":[{"name":"wp","href":"https:\/\/api.w.org\/{rel}","templated":true}]}}