{"id":599240,"date":"2025-03-05T02:18:22","date_gmt":"2025-03-05T01:18:22","guid":{"rendered":"https:\/\/shop.kustom.ch\/?post_type=product&#038;p=599240"},"modified":"2026-03-31T08:53:25","modified_gmt":"2026-03-31T07:53:25","slug":"multinorm-poloshirt-langaermelig-3","status":"publish","type":"product","link":"https:\/\/shop.kustom.ch\/fr\/produit\/multinorm-poloshirt-langaermelig-3\/","title":{"rendered":"Polo multi-normes \u00e0 manches longues"},"content":{"rendered":"<p>Polo confortable et ignifuge haute visibilit\u00e9 (classe 1) avec bandes r\u00e9fl\u00e9chissantes de transfert diagonales. Parfait si vous voulez \u00eatre bien habill\u00e9 au travail tout en assurant une protection ad\u00e9quate contre les flammes dans les environnements expos\u00e9s. Le polo a un col en tricot c\u00f4tel\u00e9 et des poignets \u00e9lastiques pour plus de confort. Certifi\u00e9 conforme aux normes EN ISO 20471, qui augmente la visibilit\u00e9 lors de travaux dans des environnements expos\u00e9s, EN ISO 11612, EN1149-5 et EN 61482-2.<\/p>\n<p>FERMETURE : Finition des manches avec poignets. D\u00c9TAILS : \u00c9tiquettes de certification ext\u00e9rieures. Encolure avec boutons. Col \u00e0 c\u00f4tes. CARACTERISTIQUES PRINCIPALES : Employ\u00e9 de service. EN 1149-5. REFLEX : Bandes r\u00e9fl\u00e9chissantes de transfert ignifuges interrompues. TISSU : Hommes. Bleu. Anti-flamme. INSTRUCTIONS DE LAVAGE : 60\u00b0 C. CERTIFICATION : EN 1149-5. EBT - 4,9 cal\/cm\u00b2. EN ISO 11612 A1, A2, B1, C1. EN ISO 20471, classe 1<\/p>\n<p>60% modacrylique, 39% coton, 1% autres fibres. Tricot piqu\u00e9, ignifug\u00e9, antistatique, 210g\/m<\/p>","protected":false},"excerpt":{"rendered":"<p>Bequemes, flammhemmendes High-Vis (Klasse 1) Poloshirt mit diagonalen Transfer-Reflexstreifen. Perfekt, wenn Sie bei der Arbeit gut gekleidet sein wollen und gleichzeitig einen angemessenen Flammschutz in exponierten Umgebungen sicherstellen wollen. Das Poloshirt hat einen Rippstrickkragen und elastische B\u00fcndchen f\u00fcr zus\u00e4tzlichen Komfort. Zertifiziert nach EN ISO 20471, die die Sichtbarkeit bei Arbeiten in exponierten Umgebungen erh\u00f6ht, EN [&hellip;]<\/p>\n","protected":false},"featured_media":0,"template":"","meta":[],"product_brand":[],"product_cat":[4201],"product_tag":[],"class_list":{"0":"post-599240","1":"product","2":"type-product","3":"status-publish","5":"product_cat-t-shirts","6":"pa_brand-blaklaeder","7":"pa_brand-type-workwear","8":"pa_filter-color-blau","9":"pa_filter-color-gelb","11":"first","12":"instock","13":"sale","14":"taxable","15":"shipping-taxable","16":"purchasable","17":"product-type-variable","18":"add-to-wishlist-before_image"},"exclude_global_add_ons":[],"addons":[],"acf":[],"_links":{"self":[{"href":"https:\/\/shop.kustom.ch\/fr\/wp-json\/wp\/v2\/product\/599240"}],"collection":[{"href":"https:\/\/shop.kustom.ch\/fr\/wp-json\/wp\/v2\/product"}],"about":[{"href":"https:\/\/shop.kustom.ch\/fr\/wp-json\/wp\/v2\/types\/product"}],"wp:attachment":[{"href":"https:\/\/shop.kustom.ch\/fr\/wp-json\/wp\/v2\/media?parent=599240"}],"wp:term":[{"taxonomy":"product_brand","embeddable":true,"href":"https:\/\/shop.kustom.ch\/fr\/wp-json\/wp\/v2\/product_brand?post=599240"},{"taxonomy":"product_cat","embeddable":true,"href":"https:\/\/shop.kustom.ch\/fr\/wp-json\/wp\/v2\/product_cat?post=599240"},{"taxonomy":"product_tag","embeddable":true,"href":"https:\/\/shop.kustom.ch\/fr\/wp-json\/wp\/v2\/product_tag?post=599240"}],"curies":[{"name":"wp","href":"https:\/\/api.w.org\/{rel}","templated":true}]}}