{"id":599069,"date":"2025-03-05T02:15:20","date_gmt":"2025-03-05T01:15:20","guid":{"rendered":"https:\/\/shop.kustom.ch\/?post_type=product&#038;p=599069"},"modified":"2026-03-31T08:39:06","modified_gmt":"2026-03-31T07:39:06","slug":"inherent-neck-protection","status":"publish","type":"product","link":"https:\/\/shop.kustom.ch\/fr\/produit\/inherent-neck-protection\/","title":{"rendered":"Protection du cou inh\u00e9rente"},"content":{"rendered":"<p>Protection du cou avec retardateur de flamme int\u00e9gr\u00e9 en qualit\u00e9 sweat-shirt. En raison de la forte demande, Bl\u00e5kl\u00e4der a d\u00e9velopp\u00e9 ce couvre-cou car ses deux couches \u00e0 une extr\u00e9mit\u00e9 prot\u00e8gent particuli\u00e8rement bien le cou et le visage. Elle peut \u00eatre utilis\u00e9e comme un chapeau ou un couvre-cou et peut \u00eatre relev\u00e9e pour prot\u00e9ger le visage en cas de besoin. Le v\u00eatement est certifi\u00e9 selon les normes EN 14116 indice 3, EN 1149-5 et le mat\u00e9riau a une valeur ATPV de 13,1 cal\/cm\u00b2).<\/p>\n<p>D\u00c9TAILS : \u00c9tiquettes de certification ext\u00e9rieures. FONCTIONNALIT\u00c9 : Tissu double \u00e0 une extr\u00e9mit\u00e9 pour une plus grande protection contre la chaleur. CARACT\u00c9RISTIQUES PRINCIPALES : Unisexe. EN ISO 14116. TISSU : bleu. Protection contre les flammes. INSTRUCTIONS DE LAVAGE : 40\u00b0 C. CERTIFICATION : EN 1149-5. EN ISO 14116, indice 3<\/p>\n<p>48% modacrylique, 42% coton, 5% aramide, 3% polyamide, 2% fibre antistatique, interlock, ignifug\u00e9, antistatique, 250 g\/m<\/p>","protected":false},"excerpt":{"rendered":"<p>Neck protection with inherent flame retardant in sweatshirt quality. Due to the high demand, Bl\u00e5kl\u00e4der has developed this neckline because its double layers at one end protects the neck and face particularly well. Can be used both as a hat or neck cover and can be pulled up as a face protection when needed. The [&hellip;]<\/p>\n","protected":false},"featured_media":0,"template":"","meta":[],"product_brand":[],"product_cat":[9643,4209],"product_tag":[],"class_list":{"0":"post-599069","1":"product","2":"type-product","3":"status-publish","5":"product_cat-equipment","6":"product_cat-zubehoer","7":"pa_brand-blaklaeder","8":"pa_brand-type-workwear","9":"pa_filter-color-blau","11":"first","12":"instock","13":"sale","14":"taxable","15":"shipping-taxable","16":"purchasable","17":"product-type-variable","18":"add-to-wishlist-before_image"},"exclude_global_add_ons":[],"addons":[],"acf":[],"_links":{"self":[{"href":"https:\/\/shop.kustom.ch\/fr\/wp-json\/wp\/v2\/product\/599069"}],"collection":[{"href":"https:\/\/shop.kustom.ch\/fr\/wp-json\/wp\/v2\/product"}],"about":[{"href":"https:\/\/shop.kustom.ch\/fr\/wp-json\/wp\/v2\/types\/product"}],"wp:attachment":[{"href":"https:\/\/shop.kustom.ch\/fr\/wp-json\/wp\/v2\/media?parent=599069"}],"wp:term":[{"taxonomy":"product_brand","embeddable":true,"href":"https:\/\/shop.kustom.ch\/fr\/wp-json\/wp\/v2\/product_brand?post=599069"},{"taxonomy":"product_cat","embeddable":true,"href":"https:\/\/shop.kustom.ch\/fr\/wp-json\/wp\/v2\/product_cat?post=599069"},{"taxonomy":"product_tag","embeddable":true,"href":"https:\/\/shop.kustom.ch\/fr\/wp-json\/wp\/v2\/product_tag?post=599069"}],"curies":[{"name":"wp","href":"https:\/\/api.w.org\/{rel}","templated":true}]}}