{"id":598884,"date":"2025-03-05T02:12:15","date_gmt":"2025-03-05T01:12:15","guid":{"rendered":"https:\/\/shop.kustom.ch\/?post_type=product&#038;p=598884"},"modified":"2025-03-05T23:35:22","modified_gmt":"2025-03-05T22:35:22","slug":"fall-protection-block-cresto-w35-96689680","status":"publish","type":"product","link":"https:\/\/shop.kustom.ch\/fr\/produit\/fall-protection-block-cresto-w35-96689680\/","title":{"rendered":"Bloc de protection contre les chutes Cresto W3,5 9668+9680"},"content":{"rendered":"<p>Cresto W3.5 est l'une des r\u00e9tractables de 3,5 m\u00e8tres les plus l\u00e9g\u00e8res du march\u00e9. Elle est n\u00e9anmoins robuste et pr\u00e9sente un design attrayant ainsi qu'une r\u00e9sistance et des performances exceptionnelles. Auto-r\u00e9tractable et auto-bloquante, la longe limite la longueur d'une chute \u00e0 un niveau minimum.Longueur : 3.5 mPoids : 1.1 kgLani\u00e8re : Polyester tiss\u00e9Indicateur de chute : Absorbeur de chocs externeHabillage : PC ABS plastique. Haute r\u00e9sistance et rigidit\u00e9Poids de l'utilisateur : 140 kg maximumMousqueton de t\u00eate : Swivel + aluminum screwgate, 9668Mousqueton de longe : Aluminum scaffold hook, 60 mm opening, 9680RFID\/NFC tag, to secure traceability and safe inspection. Tous les chevalets sont enregistr\u00e9s pendant la production dans la base de donn\u00e9es d'inspection en ligne de Cresto, InspectorService : Visual by Competent PersonUtilisation horizontale : No (please see W3.5HComplies avec EN360<\/p>\n<p>TISSU : noir<\/p>","protected":false},"excerpt":{"rendered":"<p>Cresto W3.5 is one of the lightest 3.5 meter retractables in the market. Still robust with an attractive design as well as outstanding strength and performance. Self-retractable, and self-locking, lanyards limits the length of a fall to a minimum level .Length: 3.5 mWeight: 1.1 kgLanyard: Polyester webbingFall indicator: External shock absorberHousing: PC ABS plastic. High [&hellip;]<\/p>\n","protected":false},"featured_media":598927,"template":"","meta":[],"product_brand":[],"product_cat":[9643,4209],"product_tag":[],"class_list":{"0":"post-598884","1":"product","2":"type-product","3":"status-publish","4":"has-post-thumbnail","6":"product_cat-equipment","7":"product_cat-zubehoer","8":"pa_brand-blaklaeder","9":"pa_brand-type-workwear","10":"pa_filter-color-schwarz","12":"first","13":"instock","14":"sale","15":"taxable","16":"shipping-taxable","17":"purchasable","18":"product-type-variable","19":"add-to-wishlist-before_image"},"exclude_global_add_ons":[],"addons":[],"acf":[],"_links":{"self":[{"href":"https:\/\/shop.kustom.ch\/fr\/wp-json\/wp\/v2\/product\/598884"}],"collection":[{"href":"https:\/\/shop.kustom.ch\/fr\/wp-json\/wp\/v2\/product"}],"about":[{"href":"https:\/\/shop.kustom.ch\/fr\/wp-json\/wp\/v2\/types\/product"}],"wp:featuredmedia":[{"embeddable":true,"href":"https:\/\/shop.kustom.ch\/fr\/wp-json\/wp\/v2\/media\/598927"}],"wp:attachment":[{"href":"https:\/\/shop.kustom.ch\/fr\/wp-json\/wp\/v2\/media?parent=598884"}],"wp:term":[{"taxonomy":"product_brand","embeddable":true,"href":"https:\/\/shop.kustom.ch\/fr\/wp-json\/wp\/v2\/product_brand?post=598884"},{"taxonomy":"product_cat","embeddable":true,"href":"https:\/\/shop.kustom.ch\/fr\/wp-json\/wp\/v2\/product_cat?post=598884"},{"taxonomy":"product_tag","embeddable":true,"href":"https:\/\/shop.kustom.ch\/fr\/wp-json\/wp\/v2\/product_tag?post=598884"}],"curies":[{"name":"wp","href":"https:\/\/api.w.org\/{rel}","templated":true}]}}