{"id":598809,"date":"2025-03-05T02:10:20","date_gmt":"2025-03-05T01:10:20","guid":{"rendered":"https:\/\/shop.kustom.ch\/?post_type=product&#038;p=598809"},"modified":"2025-05-09T10:26:01","modified_gmt":"2025-05-09T09:26:01","slug":"v-gard-950-class-2","status":"publish","type":"product","link":"https:\/\/shop.kustom.ch\/fr\/produit\/v-gard-950-class-2\/","title":{"rendered":"V-Gard 950 Classe 2"},"content":{"rendered":"<p>Le casque de s\u00e9curit\u00e9 V-Gard 950 Classe 2 a \u00e9t\u00e9 con\u00e7u pour les activit\u00e9s \u00e9lectriques n\u00e9cessitant une protection contre les arcs \u00e9lectriques jusqu'\u00e0 7 kA. Ce casque de s\u00e9curit\u00e9 \u00e9quilibr\u00e9 et l\u00e9ger pour \u00e9lectriciens inventifs est dot\u00e9 d'une visi\u00e8re transparente GS-ET-29 Classe 2 int\u00e9gr\u00e9e et d'une protection MSA-unique pour le cou et les oreilles, qui peut \u00eatre fix\u00e9e sur le casque. La visi\u00e8re transparente offre une transmission de la lumi\u00e8re sup\u00e9rieure \u00e0 75%, offrant \u00e0 l'utilisateur une reconnaissance optimale et s\u00e9curis\u00e9e des couleurs pour faire le travail en toute s\u00e9curit\u00e9. Caract\u00e9ristiques du casqueMade in ABS for strength and lateral crush protection (LD option). Moderne, dynamique avec une coque de style sportif. Profil bas (m\u00e9canisme de visi\u00e8re brevet\u00e9 qui minimise la taille de la coque du casque). Le canal autour du p\u00e9rim\u00e8tre du casque d\u00e9tourne la pluie et les d\u00e9bris de l'utilisateur. Assemblage antistatique ; certifi\u00e9 ELECTROSTATIC-INERIS pour une utilisation dans des environnements ATEX\/explosifs. Protection contre le m\u00e9tal fondu (option MM). Casque \u00e0 isolation \u00e9lectrique conforme aux normes EN 397 440 V AC et EN 50365 1000 V AC. Sangle \u00e0 4 points avec de multiples points de r\u00e9glage pour une meilleure r\u00e9tention du casque. Casque livr\u00e9 dans un sac de rangement r\u00e9utilisable et protecteur. Option : chin cup made with arc flash resistant materialsFace Shield FeaturesProtects against impact, chemical splash, ultra-violet radiation, molten metal splash and electric arc to GS-ET-29 Class 2 (7kA). Bouclier facial int\u00e9gr\u00e9 bleu clair teint\u00e9 avec transmission de la lumi\u00e8re sup\u00e9rieure ou \u00e9gale \u00e0 75%. Visi\u00e8re premium anti-bu\u00e9e\/anti-rayures qui s'adapte sur toutes les lunettes correctrices et de s\u00e9curit\u00e9. Couche de mousse r\u00e9sistante aux flammes sur le dessus de la visi\u00e8re pour une meilleure \u00e9tanch\u00e9it\u00e9 avec la coque. Mouvement fiable \u00e0 une main, m\u00eame en portant des gants. 2 positions de visi\u00e8re (vers le haut ou compl\u00e8tement vers le bas). Remplacement sans outil de la visi\u00e8reSuspension Features. Suspension \u00e0 cliquet Fas-Trac\u00ae III \u00e0 6 points avec bande de sweat premium lavable et rempla\u00e7able. Sangles de t\u00eate en polyester tiss\u00e9 offrant un grand confort et des performances d'absorption des chocs constantes \u00e0 long terme. \u00c9quilibre et stabilit\u00e9 gr\u00e2ce \u00e0 une sangle inf\u00e9rieure. Pad de confort pour s\u00e9parer le cliquet de la t\u00eate, ce qui augmente le confort et le flux d'air frais. Le cliquet offre une rotation douce. Attache facile \u00e0 prendre en main, r\u00e9glable m\u00eame avec des gants. Trois niveaux de r\u00e9glage de la hauteur de la boucle pour une meilleure adaptation. Syst\u00e8me unique de rabat d'oreille et de cou extended arc flash pour assurer la protection contre l'arc flash (textile r\u00e9sistant \u00e0 l'arc flash ; GS-ET-29 Class 2). Couleur orange \u00e0 l'int\u00e9rieur (visible en position haute\/de veille) et couleur grise \u00e0 l'ext\u00e9rieur (visible en position basse\/de s\u00e9curit\u00e9) pour que tu puisses voir visuellement quand les travailleurs sont prot\u00e9g\u00e9s. Lavage \u00e0 la main (40\u00b0C)<\/p>\n<p>TISSU : blanc<\/p>","protected":false},"excerpt":{"rendered":"<p>The V-Gard 950 Class 2 safety helmet has been developed for electrical activities requiring demanding arc flash protection up to 7 kA. This balanced and lightweight unvented electrician&#8217;s safety helmet features an integrated clear GS-ET-29 Class 2 faceshield and MSA-unique neck &amp; ear flap protection, which can be stowed on the helmet. The clear faceshield [&hellip;]<\/p>\n","protected":false},"featured_media":598873,"template":"","meta":[],"product_brand":[],"product_cat":[9643,4209],"product_tag":[],"class_list":{"0":"post-598809","1":"product","2":"type-product","3":"status-publish","4":"has-post-thumbnail","6":"product_cat-equipment","7":"product_cat-zubehoer","8":"pa_brand-blaklaeder","9":"pa_brand-type-workwear","10":"pa_filter-color-weiss","12":"first","13":"instock","14":"sale","15":"taxable","16":"shipping-taxable","17":"purchasable","18":"product-type-variable","19":"add-to-wishlist-before_image"},"exclude_global_add_ons":[],"addons":[],"acf":[],"_links":{"self":[{"href":"https:\/\/shop.kustom.ch\/fr\/wp-json\/wp\/v2\/product\/598809"}],"collection":[{"href":"https:\/\/shop.kustom.ch\/fr\/wp-json\/wp\/v2\/product"}],"about":[{"href":"https:\/\/shop.kustom.ch\/fr\/wp-json\/wp\/v2\/types\/product"}],"wp:featuredmedia":[{"embeddable":true,"href":"https:\/\/shop.kustom.ch\/fr\/wp-json\/wp\/v2\/media\/598873"}],"wp:attachment":[{"href":"https:\/\/shop.kustom.ch\/fr\/wp-json\/wp\/v2\/media?parent=598809"}],"wp:term":[{"taxonomy":"product_brand","embeddable":true,"href":"https:\/\/shop.kustom.ch\/fr\/wp-json\/wp\/v2\/product_brand?post=598809"},{"taxonomy":"product_cat","embeddable":true,"href":"https:\/\/shop.kustom.ch\/fr\/wp-json\/wp\/v2\/product_cat?post=598809"},{"taxonomy":"product_tag","embeddable":true,"href":"https:\/\/shop.kustom.ch\/fr\/wp-json\/wp\/v2\/product_tag?post=598809"}],"curies":[{"name":"wp","href":"https:\/\/api.w.org\/{rel}","templated":true}]}}