{"id":598711,"date":"2025-03-05T02:07:48","date_gmt":"2025-03-05T01:07:48","guid":{"rendered":"https:\/\/shop.kustom.ch\/?post_type=product&#038;p=598711"},"modified":"2025-03-05T23:34:07","modified_gmt":"2025-03-05T22:34:07","slug":"hearing-protector-3m-peltor-ws-alert-xp-5","status":"publish","type":"product","link":"https:\/\/shop.kustom.ch\/fr\/produit\/hearing-protector-3m-peltor-ws-alert-xp-5\/","title":{"rendered":"Protecteur auditif 3M Peltor WS Alert XP 5"},"content":{"rendered":"<p>Protection auditive avec serre-t\u00eate, Bluetooth et radio FM int\u00e9gr\u00e9e.Connexion Bluetooth au t\u00e9l\u00e9phone mobile.Microphone boom \u00e0 annulation de bruit pour une transmission claire de la parole dans les environnements bruyants.Microphones externes captant le son ambiant. Le son est analys\u00e9 \u00e9lectroniquement et les bruits forts sont automatiquement limit\u00e9s. La parole est isol\u00e9e, ce qui vous permet d'entendre les coll\u00e8gues \u00e0 proximit\u00e9 tout en \u00e9vitant les dommages auditifs. R\u00e9pondez d'une seule touche gr\u00e2ce \u00e0 la fonction Push To Listen. 78 heures d'autonomie en streaming et en appels via Bluetooth, 58 heures avec la radio FM.Contr\u00f4lez les fonctions du casque avec l'application mobile, qui vous rappelle \u00e9galement quand il est temps de remplacer le kit d'hygi\u00e8ne.Conforme aux normes EN 352-1:2002 \/ EN 352-3:2003 \/ EN 352-4:2001\/A1:2005 \/ EN 352-6:2002.Valeurs d'att\u00e9nuation:H = 34M = 28L = 18SNR = 30<\/p>\n<p>TISSU : noir<\/p>","protected":false},"excerpt":{"rendered":"<p>Hearing protector with headband, Bluetooth and integrated FM radio.Bluetooth connection to mobile phone.Noise-cancelling boom microphone for clear speech transmission in noisy environments.External microphones pick up ambient sound. The sound is analysed electronically and loud noise is automatically limited. Speech is isolated so you can still hear colleagues in your vicinity while avoiding hearing damage.Answer with [&hellip;]<\/p>\n","protected":false},"featured_media":598779,"template":"","meta":[],"product_brand":[],"product_cat":[9643,4209],"product_tag":[],"class_list":{"0":"post-598711","1":"product","2":"type-product","3":"status-publish","4":"has-post-thumbnail","6":"product_cat-equipment","7":"product_cat-zubehoer","8":"pa_brand-blaklaeder","9":"pa_brand-type-workwear","10":"pa_filter-color-schwarz","12":"first","13":"instock","14":"sale","15":"taxable","16":"shipping-taxable","17":"purchasable","18":"product-type-variable","19":"add-to-wishlist-before_image"},"exclude_global_add_ons":[],"addons":[],"acf":[],"_links":{"self":[{"href":"https:\/\/shop.kustom.ch\/fr\/wp-json\/wp\/v2\/product\/598711"}],"collection":[{"href":"https:\/\/shop.kustom.ch\/fr\/wp-json\/wp\/v2\/product"}],"about":[{"href":"https:\/\/shop.kustom.ch\/fr\/wp-json\/wp\/v2\/types\/product"}],"wp:featuredmedia":[{"embeddable":true,"href":"https:\/\/shop.kustom.ch\/fr\/wp-json\/wp\/v2\/media\/598779"}],"wp:attachment":[{"href":"https:\/\/shop.kustom.ch\/fr\/wp-json\/wp\/v2\/media?parent=598711"}],"wp:term":[{"taxonomy":"product_brand","embeddable":true,"href":"https:\/\/shop.kustom.ch\/fr\/wp-json\/wp\/v2\/product_brand?post=598711"},{"taxonomy":"product_cat","embeddable":true,"href":"https:\/\/shop.kustom.ch\/fr\/wp-json\/wp\/v2\/product_cat?post=598711"},{"taxonomy":"product_tag","embeddable":true,"href":"https:\/\/shop.kustom.ch\/fr\/wp-json\/wp\/v2\/product_tag?post=598711"}],"curies":[{"name":"wp","href":"https:\/\/api.w.org\/{rel}","templated":true}]}}