{"id":598656,"date":"2025-03-05T01:59:27","date_gmt":"2025-03-05T00:59:27","guid":{"rendered":"https:\/\/shop.kustom.ch\/?post_type=product&#038;p=598656"},"modified":"2026-03-31T09:06:11","modified_gmt":"2026-03-31T08:06:11","slug":"high-vis-microfleece-jacke","status":"publish","type":"product","link":"https:\/\/shop.kustom.ch\/fr\/produit\/high-vis-microfleece-jacke\/","title":{"rendered":"Veste en micropolaire haute visibilit\u00e9"},"content":{"rendered":"<p>Veste en micropolaire haute visibilit\u00e9 en polaire l\u00e9g\u00e8re anti-boulochage, convient comme veste ou couche interm\u00e9diaire. Lavable jusqu'\u00e0 60 degr\u00e9s. Certifi\u00e9e selon EN ISO 20471, XS-S classe 2, M-4XL classe 3.<\/p>\n<p>FERMETURE : Bande \u00e9lastique dans l'ourlet inf\u00e9rieur. Poignets avec \u00e9lastique. D\u00c9TAILS : Impression - Bl\u00e5kl\u00e4der. Col haut avec fermeture \u00e0 glissi\u00e8re. FERMETURE FRONTALE : Fermeture \u00e0 glissi\u00e8re robuste en plastique. CARACT\u00c9RISTIQUES PRINCIPALES : Artisan. EN ISO 20471. REFLEX : Mat\u00e9riau r\u00e9fl\u00e9chissant sur le torse, les manches et les \u00e9paules. TISSU : pour hommes. Jaune haute visibilit\u00e9. Protection haute visibilit\u00e9. POCHES : Poches avant avec fermetures \u00e0 glissi\u00e8re. INSTRUCTIONS DE LAVAGE : Nombre de lavages : x 5 - valable pour la couleur 5500. Ne pas repasser. CERTIFICATION : Groupe de certification C -&gt;M<\/p>\n<p>100 % polyester, micropolaire, anti-boulochage, 170 g\/m<\/p>","protected":false},"excerpt":{"rendered":"<p>High Vis Microfleece Jacke aus leichtem anti-pilling Fleece, geeignet als Jacke oder mittlere Lage. Waschbar bis zu 60 Grad. Zertifiziert nach EN ISO 20471, XS-S Klasse 2, M-4XL Klasse 3. ABSCHLUSS: Elastisches Band im unteren Saum. \u00c4rmelb\u00fcndchen mit Gummizug. DETAILS: Aufdruck &#8211; Bl\u00e5kl\u00e4der. Hoher Kragen mit Reissverschluss. FRONTVERSCHLUSS: Robuster Reissverschluss aus Kunststoff. HAUPTEIGENSCHAFTEN: Handwerker. EN [&hellip;]<\/p>\n","protected":false},"featured_media":598690,"template":"","meta":[],"product_brand":[],"product_cat":[4186],"product_tag":[],"class_list":{"0":"post-598656","1":"product","2":"type-product","3":"status-publish","4":"has-post-thumbnail","6":"product_cat-jacken","7":"pa_brand-blaklaeder","8":"pa_brand-type-workwear","9":"pa_filter-color-gelb","10":"pa_filter-color-orange","11":"pa_filter-color-rot","13":"first","14":"instock","15":"sale","16":"taxable","17":"shipping-taxable","18":"purchasable","19":"product-type-variable","20":"add-to-wishlist-before_image"},"exclude_global_add_ons":[],"addons":[],"acf":[],"_links":{"self":[{"href":"https:\/\/shop.kustom.ch\/fr\/wp-json\/wp\/v2\/product\/598656"}],"collection":[{"href":"https:\/\/shop.kustom.ch\/fr\/wp-json\/wp\/v2\/product"}],"about":[{"href":"https:\/\/shop.kustom.ch\/fr\/wp-json\/wp\/v2\/types\/product"}],"wp:featuredmedia":[{"embeddable":true,"href":"https:\/\/shop.kustom.ch\/fr\/wp-json\/wp\/v2\/media\/598690"}],"wp:attachment":[{"href":"https:\/\/shop.kustom.ch\/fr\/wp-json\/wp\/v2\/media?parent=598656"}],"wp:term":[{"taxonomy":"product_brand","embeddable":true,"href":"https:\/\/shop.kustom.ch\/fr\/wp-json\/wp\/v2\/product_brand?post=598656"},{"taxonomy":"product_cat","embeddable":true,"href":"https:\/\/shop.kustom.ch\/fr\/wp-json\/wp\/v2\/product_cat?post=598656"},{"taxonomy":"product_tag","embeddable":true,"href":"https:\/\/shop.kustom.ch\/fr\/wp-json\/wp\/v2\/product_tag?post=598656"}],"curies":[{"name":"wp","href":"https:\/\/api.w.org\/{rel}","templated":true}]}}