{"id":598635,"date":"2025-03-05T01:58:56","date_gmt":"2025-03-05T00:58:56","guid":{"rendered":"https:\/\/shop.kustom.ch\/?post_type=product&#038;p=598635"},"modified":"2026-03-31T09:06:10","modified_gmt":"2026-03-31T08:06:10","slug":"kapuzensweater-mit-pile-innenfutter","status":"publish","type":"product","link":"https:\/\/shop.kustom.ch\/fr\/produit\/kapuzensweater-mit-pile-innenfutter\/","title":{"rendered":"Sweat \u00e0 capuche avec doublure Pile"},"content":{"rendered":"<p>Sweat \u00e0 capuche avec capuche r\u00e9glable, coupe d\u00e9contract\u00e9e et doublure thermique douce. Fermetures \u00e0 glissi\u00e8re robustes et bordures en tricot aux poignets et \u00e0 la taille.<\/p>\n<p>FERMETURE : Ceinture \u00e0 c\u00f4tes. Finition des manches avec poignets. D\u00c9TAILS : Capuche fixe et r\u00e9glable. \u00c9tiquette cousue sur les manches. FERMETURE FRONTALE : Fermeture \u00e0 glissi\u00e8re en plastique. CARACTERISTIQUES PRINCIPALES : Artisan. TISSU : Homme. Bleu. Vent \/ humidit\u00e9 \/ froid. POCHES : Poches avant avec fermetures \u00e0 glissi\u00e8re. INSTRUCTIONS DE LAVAGE : Ne pas nettoyer \u00e0 sec.<\/p>\n<p>100% polyester, 2 couches de tricot et sherpa li\u00e9 430 g\/m<\/p>","protected":false},"excerpt":{"rendered":"<p>Kapuzensweater mit einstellbarer Kapuze, l\u00e4ssigem Schnitt und weichem Thermofutter. Robuste Reissverschl\u00fcsse und Strickb\u00fcndchen am Armabschluss und am Bund. ABSCHLUSS: Gerippter Bund. Armabschluss mit B\u00fcndchen. DETAILS: Feste, verstellbare Kapuze. Aufgen\u00e4htes Label auf den \u00c4rmeln. FRONTVERSCHLUSS: Reissverschluss aus Kunststoff. HAUPTEIGENSCHAFTEN: Handwerker. STOFF: Herren. blau. Wind \/ N\u00e4sse \/ K\u00e4lte. TASCHEN: Vordertaschen mit Reissverschl\u00fcssen. WASCHANLEITUNG: Nicht chemisch reinigen [&hellip;]<\/p>\n","protected":false},"featured_media":598688,"template":"","meta":[],"product_brand":[],"product_cat":[4184],"product_tag":[],"class_list":{"0":"post-598635","1":"product","2":"type-product","3":"status-publish","4":"has-post-thumbnail","6":"product_cat-hoodies-pullover","7":"pa_brand-blaklaeder","8":"pa_brand-type-workwear","9":"pa_filter-color-blau","10":"pa_filter-color-schwarz","12":"first","13":"instock","14":"sale","15":"taxable","16":"shipping-taxable","17":"purchasable","18":"product-type-variable","19":"add-to-wishlist-before_image"},"exclude_global_add_ons":[],"addons":[],"acf":[],"_links":{"self":[{"href":"https:\/\/shop.kustom.ch\/fr\/wp-json\/wp\/v2\/product\/598635"}],"collection":[{"href":"https:\/\/shop.kustom.ch\/fr\/wp-json\/wp\/v2\/product"}],"about":[{"href":"https:\/\/shop.kustom.ch\/fr\/wp-json\/wp\/v2\/types\/product"}],"wp:featuredmedia":[{"embeddable":true,"href":"https:\/\/shop.kustom.ch\/fr\/wp-json\/wp\/v2\/media\/598688"}],"wp:attachment":[{"href":"https:\/\/shop.kustom.ch\/fr\/wp-json\/wp\/v2\/media?parent=598635"}],"wp:term":[{"taxonomy":"product_brand","embeddable":true,"href":"https:\/\/shop.kustom.ch\/fr\/wp-json\/wp\/v2\/product_brand?post=598635"},{"taxonomy":"product_cat","embeddable":true,"href":"https:\/\/shop.kustom.ch\/fr\/wp-json\/wp\/v2\/product_cat?post=598635"},{"taxonomy":"product_tag","embeddable":true,"href":"https:\/\/shop.kustom.ch\/fr\/wp-json\/wp\/v2\/product_tag?post=598635"}],"curies":[{"name":"wp","href":"https:\/\/api.w.org\/{rel}","templated":true}]}}