{"id":598505,"date":"2025-03-05T01:57:00","date_gmt":"2025-03-05T00:57:00","guid":{"rendered":"https:\/\/shop.kustom.ch\/?post_type=product&#038;p=598505"},"modified":"2026-03-31T09:06:02","modified_gmt":"2026-03-31T08:06:02","slug":"strickjacke-mit-softshell-3","status":"publish","type":"product","link":"https:\/\/shop.kustom.ch\/fr\/produit\/strickjacke-mit-softshell-3\/","title":{"rendered":"Veste en tricot avec softshell"},"content":{"rendered":"<p>Veste en tricot avec une capuche design et confortable bien pens\u00e9e. Cette veste a des fermetures \u00e9clair de couleurs contrast\u00e9es et est renforc\u00e9e par un mat\u00e9riau softshell aux coudes, aux \u00e9paules et au dos pour augmenter la r\u00e9sistance \u00e0 la d\u00e9chirure. Une magnifique veste pour les loisirs et le travail.<\/p>\n<p>FERMETURE : Dos rallong\u00e9. Poignets avec \u00e9lastique. D\u00c9TAILS : Capuche fixe. \u00c9paules renforc\u00e9es. FERMETURE FRONTALE : Fermeture \u00e9clair \u00e0 l'avant avec protection du menton en polaire. CARACTERISTIQUES PRINCIPALES : Poseur de sol. TISSU : hommes. noir. Vent \/ humidit\u00e9 \/ froid. POCHES : poche de poitrine avec fermeture \u00e0 glissi\u00e8re. Poches avant avec fermetures \u00e0 glissi\u00e8re. INSTRUCTIONS DE LAVAGE : Ne pas nettoyer \u00e0 sec.<\/p>\n<p>100% Polyester, bross\u00e9 d'un c\u00f4t\u00e9, 380 g\/m<\/p>","protected":false},"excerpt":{"rendered":"<p>Strickjacke mit durchdachter bequemer Designerkapuze. Diese Jacke hat Reissverschl\u00fcsse in kontrastierenden Farben und ist mit Softshell-Material an Ellenbogen, Schultern und R\u00fccken verst\u00e4rkt, um die Reissfestigkeit zu erh\u00f6hen. Eine wunderbare Jacke f\u00fcr Freizeit und Arbeit. ABSCHLUSS: Verl\u00e4ngerter R\u00fccken. \u00c4rmelb\u00fcndchen mit Gummizug. DETAILS: Feste Kapuze. Verst\u00e4rkte Schultern. FRONTVERSCHLUSS: Reissverschluss vorne mit Kinnschutz aus Fleece. HAUPTEIGENSCHAFTEN: Bodenleger. STOFF: [&hellip;]<\/p>\n","protected":false},"featured_media":598551,"template":"","meta":[],"product_brand":[],"product_cat":[4186],"product_tag":[],"class_list":{"0":"post-598505","1":"product","2":"type-product","3":"status-publish","4":"has-post-thumbnail","6":"product_cat-jacken","7":"pa_brand-blaklaeder","8":"pa_brand-type-workwear","9":"pa_filter-color-blau","10":"pa_filter-color-gelb","11":"pa_filter-color-grau","12":"pa_filter-color-gruen","13":"pa_filter-color-orange","14":"pa_filter-color-rot","15":"pa_filter-color-schwarz","17":"first","18":"instock","19":"sale","20":"taxable","21":"shipping-taxable","22":"purchasable","23":"product-type-variable","24":"add-to-wishlist-before_image"},"exclude_global_add_ons":[],"addons":[],"acf":[],"_links":{"self":[{"href":"https:\/\/shop.kustom.ch\/fr\/wp-json\/wp\/v2\/product\/598505"}],"collection":[{"href":"https:\/\/shop.kustom.ch\/fr\/wp-json\/wp\/v2\/product"}],"about":[{"href":"https:\/\/shop.kustom.ch\/fr\/wp-json\/wp\/v2\/types\/product"}],"wp:featuredmedia":[{"embeddable":true,"href":"https:\/\/shop.kustom.ch\/fr\/wp-json\/wp\/v2\/media\/598551"}],"wp:attachment":[{"href":"https:\/\/shop.kustom.ch\/fr\/wp-json\/wp\/v2\/media?parent=598505"}],"wp:term":[{"taxonomy":"product_brand","embeddable":true,"href":"https:\/\/shop.kustom.ch\/fr\/wp-json\/wp\/v2\/product_brand?post=598505"},{"taxonomy":"product_cat","embeddable":true,"href":"https:\/\/shop.kustom.ch\/fr\/wp-json\/wp\/v2\/product_cat?post=598505"},{"taxonomy":"product_tag","embeddable":true,"href":"https:\/\/shop.kustom.ch\/fr\/wp-json\/wp\/v2\/product_tag?post=598505"}],"curies":[{"name":"wp","href":"https:\/\/api.w.org\/{rel}","templated":true}]}}