{"id":598451,"date":"2025-03-05T01:55:45","date_gmt":"2025-03-05T00:55:45","guid":{"rendered":"https:\/\/shop.kustom.ch\/?post_type=product&#038;p=598451"},"modified":"2026-03-31T09:05:51","modified_gmt":"2026-03-31T08:05:51","slug":"damen-microfleece-jacke-2","status":"publish","type":"product","link":"https:\/\/shop.kustom.ch\/fr\/produit\/damen-microfleece-jacke-2\/","title":{"rendered":"Veste en micropolaire pour femmes"},"content":{"rendered":"<p>Veste en micropolaire l\u00e9g\u00e8re et cintr\u00e9e, parfaite comme deuxi\u00e8me couche \u00e0 porter en dessous. Cette veste est trait\u00e9e anti-boulochage et poss\u00e8de un mat\u00e9riau stretch sur les c\u00f4t\u00e9s int\u00e9rieurs et les bras pour une libert\u00e9 de mouvement optimale. Le dos allong\u00e9 prot\u00e8ge la zone des reins du froid. Les deux poches lat\u00e9rales ont des fermetures \u00e0 glissi\u00e8re.<\/p>\n<p>FERMETURE : Dos rallong\u00e9. D\u00c9TAILS : Logo imprim\u00e9 sur la nuque. Empi\u00e8cement stretch sur le c\u00f4t\u00e9 et les manches. FERMETURE FRONTALE : Fermeture \u00e0 glissi\u00e8re plastique \u00e0 double sens. FONCTIONNALIT\u00c9 : Taille femme. CARACTERISTIQUES PRINCIPALES : Poseur de sol. TISSU : Disponible pour hommes et femmes. noir. Vent \/ humidit\u00e9 \/ froid. POCHES : Poches avant zipp\u00e9es et deux poches int\u00e9rieures. INSTRUCTIONS DE LAVAGE : Ne pas blanchir. CERTIFICATION : Non certifi\u00e9 High Vis.<\/p>\n<p>100 % polyester, micropolaire, anti-boulochage, 170 g\/m<\/p>","protected":false},"excerpt":{"rendered":"<p>Leichte, tailliert geschnittene Microfleece-Jacke, perfekt als zweite Lage f\u00fcr darunter. Diese Jacke ist Antipilling behandelt und hat ein Stretch-Material an den Innenseiten und den Armen f\u00fcr eine optimale Bewegungsfreiheit. Der verl\u00e4ngerte R\u00fccken sch\u00fctzt den Nierenbereich vor K\u00e4lte. Beide Seitentaschen haben Reissverschl\u00fcsse. ABSCHLUSS: Verl\u00e4ngerter R\u00fccken. DETAILS: Logo-Aufdruck im Nacken. Stretch-Einsatz an der Seite und den \u00c4rmeln. [&hellip;]<\/p>\n","protected":false},"featured_media":598514,"template":"","meta":[],"product_brand":[],"product_cat":[4186],"product_tag":[],"class_list":{"0":"post-598451","1":"product","2":"type-product","3":"status-publish","4":"has-post-thumbnail","6":"product_cat-jacken","7":"pa_brand-blaklaeder","8":"pa_brand-type-workwear","9":"pa_filter-color-gelb","10":"pa_filter-color-rot","11":"pa_filter-color-schwarz","13":"first","14":"instock","15":"sale","16":"taxable","17":"shipping-taxable","18":"purchasable","19":"product-type-variable","20":"add-to-wishlist-before_image"},"exclude_global_add_ons":[],"addons":[],"acf":[],"_links":{"self":[{"href":"https:\/\/shop.kustom.ch\/fr\/wp-json\/wp\/v2\/product\/598451"}],"collection":[{"href":"https:\/\/shop.kustom.ch\/fr\/wp-json\/wp\/v2\/product"}],"about":[{"href":"https:\/\/shop.kustom.ch\/fr\/wp-json\/wp\/v2\/types\/product"}],"wp:featuredmedia":[{"embeddable":true,"href":"https:\/\/shop.kustom.ch\/fr\/wp-json\/wp\/v2\/media\/598514"}],"wp:attachment":[{"href":"https:\/\/shop.kustom.ch\/fr\/wp-json\/wp\/v2\/media?parent=598451"}],"wp:term":[{"taxonomy":"product_brand","embeddable":true,"href":"https:\/\/shop.kustom.ch\/fr\/wp-json\/wp\/v2\/product_brand?post=598451"},{"taxonomy":"product_cat","embeddable":true,"href":"https:\/\/shop.kustom.ch\/fr\/wp-json\/wp\/v2\/product_cat?post=598451"},{"taxonomy":"product_tag","embeddable":true,"href":"https:\/\/shop.kustom.ch\/fr\/wp-json\/wp\/v2\/product_tag?post=598451"}],"curies":[{"name":"wp","href":"https:\/\/api.w.org\/{rel}","templated":true}]}}