{"id":598438,"date":"2025-03-05T01:55:43","date_gmt":"2025-03-05T00:55:43","guid":{"rendered":"https:\/\/shop.kustom.ch\/?post_type=product&#038;p=598438"},"modified":"2026-03-31T09:05:50","modified_gmt":"2026-03-31T08:05:50","slug":"high-vis-strickjacke-2","status":"publish","type":"product","link":"https:\/\/shop.kustom.ch\/fr\/produit\/high-vis-strickjacke-2\/","title":{"rendered":"Veste en tricot haute visibilit\u00e9"},"content":{"rendered":"<p>Veste tricot\u00e9e en mat\u00e9riau haute visibilit\u00e9 avec capuche, au design attrayant et \u00e0 la qualit\u00e9 confortable. Bandes r\u00e9fl\u00e9chissantes pour une bonne respirabilit\u00e9 et une bonne \u00e9lasticit\u00e9. La veste a des fermetures \u00e0 glissi\u00e8re et est renforc\u00e9e par un mat\u00e9riau Softshell aux \u00e9paules, aux manches et au dos pour une meilleure durabilit\u00e9. Cette veste est la bonne au travail et en dehors. Certifi\u00e9e selon la norme EN ISO 20471 classe 2.<\/p>\n<p>FERMETURE : Dos rallong\u00e9. Poignets avec \u00e9lastique. D\u00c9TAILS : Capuche fixe. FERMETURE FRONTALE : Fermeture \u00e9clair \u00e0 l'avant avec protection du menton en polaire. CARACT\u00c9RISTIQUES PRINCIPALES : Jardinier. EN ISO 20471. REFLEX : Bandes r\u00e9fl\u00e9chissantes sur le corps et les manches. TISSU : pour hommes. Jaune haute visibilit\u00e9. Protection haute visibilit\u00e9. POCHES : Poche de poitrine avec fermeture \u00e0 glissi\u00e8re. Poches frontales, dont une avec anneau en D. CONSEILS DE LAVAGE : Nombre de lavages : 20. Ne pas blanchir. RENFORCEMENT : Renforc\u00e9 aux \u00e9paules, aux manches et sur les c\u00f4t\u00e9s. CERTIFICATION : Groupe de certification B<\/p>\n<p>100% Polyester, tricot grossier, bross\u00e9 d'un c\u00f4t\u00e9, 380 g\/m<\/p>","protected":false},"excerpt":{"rendered":"<p>Strickjacke aus High Vis Material mit Kapuze in einem attraktiven Design und bequemer Qualit\u00e4t. Reflexstreifen f\u00fcr gute Atmungsaktivit\u00e4t und Elastizit\u00e4t. Die Jacke hat Reissverschl\u00fcsse und ist mit Softshell Material an den Schultern, den \u00c4rmeln und am R\u00fccken f\u00fcr eine bessere Lebensdauer verst\u00e4rkt. Diese Jacke ist die Richtige bei der Arbeit und Ausserhalb. Zertifiziert nach EN [&hellip;]<\/p>\n","protected":false},"featured_media":598487,"template":"","meta":[],"product_brand":[],"product_cat":[4186],"product_tag":[],"class_list":{"0":"post-598438","1":"product","2":"type-product","3":"status-publish","4":"has-post-thumbnail","6":"product_cat-jacken","7":"pa_brand-blaklaeder","8":"pa_brand-type-workwear","9":"pa_filter-color-blau","10":"pa_filter-color-gelb","11":"pa_filter-color-schwarz","13":"first","14":"instock","15":"sale","16":"taxable","17":"shipping-taxable","18":"purchasable","19":"product-type-variable","20":"add-to-wishlist-before_image"},"exclude_global_add_ons":[],"addons":[],"acf":[],"_links":{"self":[{"href":"https:\/\/shop.kustom.ch\/fr\/wp-json\/wp\/v2\/product\/598438"}],"collection":[{"href":"https:\/\/shop.kustom.ch\/fr\/wp-json\/wp\/v2\/product"}],"about":[{"href":"https:\/\/shop.kustom.ch\/fr\/wp-json\/wp\/v2\/types\/product"}],"wp:featuredmedia":[{"embeddable":true,"href":"https:\/\/shop.kustom.ch\/fr\/wp-json\/wp\/v2\/media\/598487"}],"wp:attachment":[{"href":"https:\/\/shop.kustom.ch\/fr\/wp-json\/wp\/v2\/media?parent=598438"}],"wp:term":[{"taxonomy":"product_brand","embeddable":true,"href":"https:\/\/shop.kustom.ch\/fr\/wp-json\/wp\/v2\/product_brand?post=598438"},{"taxonomy":"product_cat","embeddable":true,"href":"https:\/\/shop.kustom.ch\/fr\/wp-json\/wp\/v2\/product_cat?post=598438"},{"taxonomy":"product_tag","embeddable":true,"href":"https:\/\/shop.kustom.ch\/fr\/wp-json\/wp\/v2\/product_tag?post=598438"}],"curies":[{"name":"wp","href":"https:\/\/api.w.org\/{rel}","templated":true}]}}