{"id":598386,"date":"2025-03-05T01:54:32","date_gmt":"2025-03-05T00:54:32","guid":{"rendered":"https:\/\/shop.kustom.ch\/?post_type=product&#038;p=598386"},"modified":"2026-03-31T09:05:48","modified_gmt":"2026-03-31T08:05:48","slug":"winterjacke-10","status":"publish","type":"product","link":"https:\/\/shop.kustom.ch\/fr\/produit\/winterjacke-10\/","title":{"rendered":"Veste d'hiver"},"content":{"rendered":"<p>Veste de base pratique et stable pour les journ\u00e9es fra\u00eeches. Le choix id\u00e9al lorsqu'on a besoin d'une veste pratique et fonctionnelle qui tient chaud sans \u00eatre encombrante. Le mat\u00e9riau est imperm\u00e9able au vent et \u00e0 l'eau avec une bonne respirabilit\u00e9 et permet une bonne libert\u00e9 de mouvement avec une chaleur corporelle confortable. La veste est spacieuse et enti\u00e8rement doubl\u00e9e d'une chaude doublure matelass\u00e9e et poss\u00e8de un col doubl\u00e9 en polaire.<\/p>\n<p>FERMETURE : Ceinture r\u00e9glable avec cordon de serrage. Poignets r\u00e9glables. D\u00c9TAILS : Fermeture \u00e0 glissi\u00e8re dans la doublure, pour une finition textile facile. FERMETURE FRONTALE : Panneau coupe-vent avec fermeture Velcro. FONCTIONNALIT\u00c9 : Mat\u00e9riau coupe-vent et imperm\u00e9able, coutures non soud\u00e9es. CARACT\u00c9RISTIQUES PRINCIPALES : Artisan. REFLEX : D\u00e9tails r\u00e9fl\u00e9chissants sur les manches. TISSU : Hommes. Noir. Imperm\u00e9able. Vent \/ humidit\u00e9 \/ froid. POCHES : Poche de poitrine avec fermeture \u00e0 glissi\u00e8re. Poche int\u00e9rieure avec fermeture velcro. Poches avant avec fermetures \u00e0 glissi\u00e8re. INSTRUCTIONS DE LAVAGE : ne pas repasser.<\/p>\n<p>100% Polyester, Oxford, enduit, imperm\u00e9able 15.000 mm, coupe-vent, respirant Ret 8,5, 200g\/m<\/p>","protected":false},"excerpt":{"rendered":"<p>Praktische und stabile Basisjacke f\u00fcr k\u00fchle Tage. Die ideale Wahl wenn eine praktische und funktionelle Jacke ben\u00f6tigt wird, die warm h\u00e4lt ohne klobig zu wirken. Das Material ist wind- und wasserdicht mit guter Atmungsaktivit\u00e4t und erm\u00f6glicht gute Bewegungsfreiheit mit einer komfortablen K\u00f6rperw\u00e4rme. Die Jacke ist ger\u00e4umig und komplett gef\u00fcttert mit einem warmen Steppfutter und hat [&hellip;]<\/p>\n","protected":false},"featured_media":598426,"template":"","meta":[],"product_brand":[],"product_cat":[4186],"product_tag":[],"class_list":{"0":"post-598386","1":"product","2":"type-product","3":"status-publish","4":"has-post-thumbnail","6":"product_cat-jacken","7":"pa_brand-blaklaeder","8":"pa_brand-type-workwear","9":"pa_filter-color-grau","10":"pa_filter-color-schwarz","12":"first","13":"instock","14":"sale","15":"taxable","16":"shipping-taxable","17":"purchasable","18":"product-type-variable","19":"add-to-wishlist-before_image"},"exclude_global_add_ons":[],"addons":[],"acf":[],"_links":{"self":[{"href":"https:\/\/shop.kustom.ch\/fr\/wp-json\/wp\/v2\/product\/598386"}],"collection":[{"href":"https:\/\/shop.kustom.ch\/fr\/wp-json\/wp\/v2\/product"}],"about":[{"href":"https:\/\/shop.kustom.ch\/fr\/wp-json\/wp\/v2\/types\/product"}],"wp:featuredmedia":[{"embeddable":true,"href":"https:\/\/shop.kustom.ch\/fr\/wp-json\/wp\/v2\/media\/598426"}],"wp:attachment":[{"href":"https:\/\/shop.kustom.ch\/fr\/wp-json\/wp\/v2\/media?parent=598386"}],"wp:term":[{"taxonomy":"product_brand","embeddable":true,"href":"https:\/\/shop.kustom.ch\/fr\/wp-json\/wp\/v2\/product_brand?post=598386"},{"taxonomy":"product_cat","embeddable":true,"href":"https:\/\/shop.kustom.ch\/fr\/wp-json\/wp\/v2\/product_cat?post=598386"},{"taxonomy":"product_tag","embeddable":true,"href":"https:\/\/shop.kustom.ch\/fr\/wp-json\/wp\/v2\/product_tag?post=598386"}],"curies":[{"name":"wp","href":"https:\/\/api.w.org\/{rel}","templated":true}]}}