{"id":598350,"date":"2025-03-05T01:53:58","date_gmt":"2025-03-05T00:53:58","guid":{"rendered":"https:\/\/shop.kustom.ch\/?post_type=product&#038;p=598350"},"modified":"2026-03-31T09:05:39","modified_gmt":"2026-03-31T08:05:39","slug":"winterjacke-9","status":"publish","type":"product","link":"https:\/\/shop.kustom.ch\/fr\/produit\/winterjacke-9\/","title":{"rendered":"Veste d'hiver"},"content":{"rendered":"<p>Veste d'hiver chaude avec des d\u00e9tails de haute visibilit\u00e9 pour une visibilit\u00e9 accrue. Cette veste a des d\u00e9tails r\u00e9fl\u00e9chissants sur le corps, les bras et les \u00e9paules. Elle poss\u00e8de \u00e9galement des poches de poitrine avec des rabats et des boutons-pression et des poches avant doubl\u00e9es de polaire. Pour un plus grand confort, les bras sont pr\u00e9form\u00e9s et la veste a un dos allong\u00e9.<\/p>\n<p>FERMETURE : Taille r\u00e9glable avec bouton. Poignets r\u00e9glables avec bouton-pression. D\u00c9TAILS : Col haut. Empi\u00e8cements en haute visibilit\u00e9, pour une meilleure visibilit\u00e9. FERMETURE FRONTALE : Fermeture \u00e0 glissi\u00e8re invisible en plastique. FONCTIONNALIT\u00c9 : Doublure chaude. Manches pr\u00e9form\u00e9es. CARACT\u00c9RISTIQUES PRINCIPALES : \u00c9lectricien. REFLEX : r\u00e9flecteurs sur les \u00e9paules, les manches et l'ourlet arri\u00e8re. TISSU : pour hommes. Jaune haute visibilit\u00e9. Visible. POCHES : Poches poitrine avec rabats et bouton-pression. Poches int\u00e9rieures avec poche pour t\u00e9l\u00e9phone portable. Poches avant avec doublure en polaire. INSTRUCTIONS DE LAVAGE : Ne pas repasser. CERTIFICATION : non certifi\u00e9 High Vis<\/p>\n<p>100% Coton, serg\u00e9, 370 g\/m<\/p>","protected":false},"excerpt":{"rendered":"<p>Warme Winterjacke mit Warnschutz-Details f\u00fcr eine erh\u00f6hte Sichtbarkeit. Diese Jacke hat reflektierende Details am K\u00f6rper, an den Armen und Schultern. Sie hat ebenfalls Brusttaschen mit Patten und Druckkn\u00f6pfen und Fleece-gef\u00fctterte Vordertaschen. F\u00fcr einen erh\u00f6hten Komfort sind die Arme vorgeformt und die Jacke hat einen verl\u00e4ngerten R\u00fccken. ABSCHLUSS: Verstellbarer Bund mit Knopf. Verstellbare \u00c4rmelb\u00fcndchen mit Druckknopf. [&hellip;]<\/p>\n","protected":false},"featured_media":598401,"template":"","meta":[],"product_brand":[],"product_cat":[4186],"product_tag":[],"class_list":{"0":"post-598350","1":"product","2":"type-product","3":"status-publish","4":"has-post-thumbnail","6":"product_cat-jacken","7":"pa_brand-blaklaeder","8":"pa_brand-type-workwear","9":"pa_filter-color-blau","10":"pa_filter-color-gelb","11":"pa_filter-color-schwarz","13":"first","14":"instock","15":"sale","16":"taxable","17":"shipping-taxable","18":"purchasable","19":"product-type-variable","20":"add-to-wishlist-before_image"},"exclude_global_add_ons":[],"addons":[],"acf":[],"_links":{"self":[{"href":"https:\/\/shop.kustom.ch\/fr\/wp-json\/wp\/v2\/product\/598350"}],"collection":[{"href":"https:\/\/shop.kustom.ch\/fr\/wp-json\/wp\/v2\/product"}],"about":[{"href":"https:\/\/shop.kustom.ch\/fr\/wp-json\/wp\/v2\/types\/product"}],"wp:featuredmedia":[{"embeddable":true,"href":"https:\/\/shop.kustom.ch\/fr\/wp-json\/wp\/v2\/media\/598401"}],"wp:attachment":[{"href":"https:\/\/shop.kustom.ch\/fr\/wp-json\/wp\/v2\/media?parent=598350"}],"wp:term":[{"taxonomy":"product_brand","embeddable":true,"href":"https:\/\/shop.kustom.ch\/fr\/wp-json\/wp\/v2\/product_brand?post=598350"},{"taxonomy":"product_cat","embeddable":true,"href":"https:\/\/shop.kustom.ch\/fr\/wp-json\/wp\/v2\/product_cat?post=598350"},{"taxonomy":"product_tag","embeddable":true,"href":"https:\/\/shop.kustom.ch\/fr\/wp-json\/wp\/v2\/product_tag?post=598350"}],"curies":[{"name":"wp","href":"https:\/\/api.w.org\/{rel}","templated":true}]}}