{"id":598333,"date":"2025-03-05T01:53:55","date_gmt":"2025-03-05T00:53:55","guid":{"rendered":"https:\/\/shop.kustom.ch\/?post_type=product&#038;p=598333"},"modified":"2026-03-31T09:05:38","modified_gmt":"2026-03-31T08:05:38","slug":"damen-shell-jacke","status":"publish","type":"product","link":"https:\/\/shop.kustom.ch\/fr\/produit\/damen-shell-jacke\/","title":{"rendered":"Veste Shell pour femme"},"content":{"rendered":"<p>Veste shell coupe-vent et d\u00e9perlante avec coutures coll\u00e9es, fabriqu\u00e9e dans un mat\u00e9riau stretch l\u00e9ger et doux, offrant un grand confort et une grande libert\u00e9 de mouvement. Pour une coupe optimale, la veste a des coudes pr\u00e9form\u00e9s et une fermeture \u00e9clair \u00e0 double sens. La doublure en mesh gratt\u00e9 offre une excellente respirabilit\u00e9 et la membrane dans les couches ext\u00e9rieures emp\u00eache l'humidit\u00e9 de p\u00e9n\u00e9trer. La veste poss\u00e8de diff\u00e9rents d\u00e9tails fonctionnels, comme par exemple une grande poche int\u00e9rieure pratique accessible de l'ext\u00e9rieur, des poignets r\u00e9glables et une ceinture int\u00e9rieure avec trou pour le pouce. Elle poss\u00e8de \u00e9galement des d\u00e9tails r\u00e9fl\u00e9chissants sur le devant, le dos, la capuche et les manches. Certifi\u00e9e selon la norme EN 343.<\/p>\n<p>FERMETURE : Ceinture r\u00e9glable avec cordon de serrage. Poignet int\u00e9rieur avec trou pour le pouce. D\u00c9TAILS : Poche pour carte d'identit\u00e9 escamotable. Capuche amovible et r\u00e9glable. Col doubl\u00e9 en polaire. FERMETURE FRONTALE : Patte de boutonnage avec doublure en polaire \u00e0 l'int\u00e9rieur. FONCTIONNALIT\u00c9 : Mat\u00e9riau coupe-vent &amp; imperm\u00e9able avec respirabilit\u00e9, coutures soud\u00e9es. Manches pr\u00e9form\u00e9es. CARACTERISTIQUES PRINCIPALES : Ma\u00e7on \/ Carreleur. EN 343. REFLEX : d\u00e9tails r\u00e9fl\u00e9chissants sur le devant, le dos, la capuche et les manches. TISSU : Femmes. noir. coupe-vent. Vent \/ humidit\u00e9 \/ froid. POCHES : Poche de poitrine avec fermeture \u00e9clair. Poche int\u00e9rieure pour documents. Poches int\u00e9rieures. Poches de rangement avec fermeture \u00e9clair et doublure en polaire. INSTRUCTIONS DE LAVAGE : Ne pas repasser. CERTIFICATION : EN 343, classe 3.3<\/p>\n<p>100% Polyester, serg\u00e9, stretch, enduit, \u00e9tanche \u00e0 l'eau 11.000mm, coupe-vent, respirant Ret 6,3, 150 g\/m\u00b2.<\/p>","protected":false},"excerpt":{"rendered":"<p>Wind- und wasserabweisende Shell Jacke mit verklebten N\u00e4hten aus einem leichten und weichen Stretch Material bietet hohen Komfort und Bewegungsfreiheit. F\u00fcr einen optimalen Schnitt hat die Jacke vorgeformte Ellb\u00f6gen und einen Zwei-Wege Reissverschluss. Das aufgeraute Mesh Innenfutter liefert exzellente Atmungsaktivit\u00e4t und die Membran in den \u00e4usseren Lagen verhindert das Eindringen von Feuchtigkeit. Die Jacke hat [&hellip;]<\/p>\n","protected":false},"featured_media":598375,"template":"","meta":[],"product_brand":[],"product_cat":[4186],"product_tag":[],"class_list":{"0":"post-598333","1":"product","2":"type-product","3":"status-publish","4":"has-post-thumbnail","6":"product_cat-jacken","7":"pa_brand-blaklaeder","8":"pa_brand-type-workwear","9":"pa_filter-color-schwarz","11":"first","12":"instock","13":"sale","14":"taxable","15":"shipping-taxable","16":"purchasable","17":"product-type-variable","18":"add-to-wishlist-before_image"},"exclude_global_add_ons":[],"addons":[],"acf":[],"_links":{"self":[{"href":"https:\/\/shop.kustom.ch\/fr\/wp-json\/wp\/v2\/product\/598333"}],"collection":[{"href":"https:\/\/shop.kustom.ch\/fr\/wp-json\/wp\/v2\/product"}],"about":[{"href":"https:\/\/shop.kustom.ch\/fr\/wp-json\/wp\/v2\/types\/product"}],"wp:featuredmedia":[{"embeddable":true,"href":"https:\/\/shop.kustom.ch\/fr\/wp-json\/wp\/v2\/media\/598375"}],"wp:attachment":[{"href":"https:\/\/shop.kustom.ch\/fr\/wp-json\/wp\/v2\/media?parent=598333"}],"wp:term":[{"taxonomy":"product_brand","embeddable":true,"href":"https:\/\/shop.kustom.ch\/fr\/wp-json\/wp\/v2\/product_brand?post=598333"},{"taxonomy":"product_cat","embeddable":true,"href":"https:\/\/shop.kustom.ch\/fr\/wp-json\/wp\/v2\/product_cat?post=598333"},{"taxonomy":"product_tag","embeddable":true,"href":"https:\/\/shop.kustom.ch\/fr\/wp-json\/wp\/v2\/product_tag?post=598333"}],"curies":[{"name":"wp","href":"https:\/\/api.w.org\/{rel}","templated":true}]}}