{"id":598310,"date":"2025-03-05T01:53:20","date_gmt":"2025-03-05T00:53:20","guid":{"rendered":"https:\/\/shop.kustom.ch\/?post_type=product&#038;p=598310"},"modified":"2026-03-31T09:05:37","modified_gmt":"2026-03-31T08:05:37","slug":"high-vis-softshell-jacke-7","status":"publish","type":"product","link":"https:\/\/shop.kustom.ch\/fr\/produit\/high-vis-softshell-jacke-7\/","title":{"rendered":"Veste Softshell haute visibilit\u00e9"},"content":{"rendered":"<p>Veste de s\u00e9curit\u00e9 avec col haut, peut \u00eatre port\u00e9e toute l'ann\u00e9e, soit comme 2e couche pour les dessous, soit comme veste ext\u00e9rieure normale - selon les conditions m\u00e9t\u00e9orologiques. La veste softshell a des finitions \u00e9lastiques avec des passants pour les pouces et une finition \u00e9lastique \u00e0 la taille. Toutes les poches ont une fermeture \u00e0 glissi\u00e8re. Certifi\u00e9e selon la norme EN ISO 20471, classe 3.<\/p>\n<p>FERMETURE : Bande \u00e9lastique dans l'ourlet inf\u00e9rieur. Poignets \u00e9largis avec ouverture pour le pouce et ourlet \u00e9lastique. D\u00c9TAILS : Anneau en D. Col haut. FERMETURE FRONTALE : Fermeture \u00e0 glissi\u00e8re robuste en plastique. CARACTERISTIQUES PRINCIPALES : Conducteur. EN ISO 20471. REFLEX : Bandes r\u00e9fl\u00e9chissantes de transfert de 50 mm de large. TISSU : Hommes. Jaune haute visibilit\u00e9. Hydrofuge. Protection haute visibilit\u00e9. POCHES : Poches de poitrine avec fermeture \u00e0 glissi\u00e8re. Poches avant avec fermetures \u00e0 glissi\u00e8re. CONSEILS DE LAVAGE : Nombre de lavages : 25. 60\u00b0 C. CERTIFICATION : EN ISO 20471, classe 3<\/p>\n<p>100% Polyester, interlock double tricot, 290g\/m<\/p>","protected":false},"excerpt":{"rendered":"<p>Warnschutz Jacke mit hohem Kragen, kann das gesamte Jahr getragen werden, entweder als 2. Lage f\u00fcr darunter oder als normale Aussenjacke &#8211; je nach Wetterlage. Die Softshelljacke hat elastische Abschl\u00fcsse mit Daumenschlaufen und einen elastischen Abschluss am Bund. Alle Taschen haben einen Reissverschluss. Zertifiziert nach EN ISO 20471, Klasse 3. ABSCHLUSS: Elastisches Band im unteren [&hellip;]<\/p>\n","protected":false},"featured_media":598372,"template":"","meta":[],"product_brand":[],"product_cat":[4186],"product_tag":[],"class_list":{"0":"post-598310","1":"product","2":"type-product","3":"status-publish","4":"has-post-thumbnail","6":"product_cat-jacken","7":"pa_brand-blaklaeder","8":"pa_brand-type-workwear","9":"pa_filter-color-gelb","10":"pa_filter-color-orange","11":"pa_filter-color-rot","13":"first","14":"instock","15":"sale","16":"taxable","17":"shipping-taxable","18":"purchasable","19":"product-type-variable","20":"add-to-wishlist-before_image"},"exclude_global_add_ons":[],"addons":[],"acf":[],"_links":{"self":[{"href":"https:\/\/shop.kustom.ch\/fr\/wp-json\/wp\/v2\/product\/598310"}],"collection":[{"href":"https:\/\/shop.kustom.ch\/fr\/wp-json\/wp\/v2\/product"}],"about":[{"href":"https:\/\/shop.kustom.ch\/fr\/wp-json\/wp\/v2\/types\/product"}],"wp:featuredmedia":[{"embeddable":true,"href":"https:\/\/shop.kustom.ch\/fr\/wp-json\/wp\/v2\/media\/598372"}],"wp:attachment":[{"href":"https:\/\/shop.kustom.ch\/fr\/wp-json\/wp\/v2\/media?parent=598310"}],"wp:term":[{"taxonomy":"product_brand","embeddable":true,"href":"https:\/\/shop.kustom.ch\/fr\/wp-json\/wp\/v2\/product_brand?post=598310"},{"taxonomy":"product_cat","embeddable":true,"href":"https:\/\/shop.kustom.ch\/fr\/wp-json\/wp\/v2\/product_cat?post=598310"},{"taxonomy":"product_tag","embeddable":true,"href":"https:\/\/shop.kustom.ch\/fr\/wp-json\/wp\/v2\/product_tag?post=598310"}],"curies":[{"name":"wp","href":"https:\/\/api.w.org\/{rel}","templated":true}]}}