{"id":598289,"date":"2025-03-05T01:52:50","date_gmt":"2025-03-05T00:52:50","guid":{"rendered":"https:\/\/shop.kustom.ch\/?post_type=product&#038;p=598289"},"modified":"2026-03-31T09:05:31","modified_gmt":"2026-03-31T08:05:31","slug":"damen-high-vis-shell-jacke-3","status":"publish","type":"product","link":"https:\/\/shop.kustom.ch\/fr\/produit\/damen-high-vis-shell-jacke-3\/","title":{"rendered":"Veste femme High Vis Shell"},"content":{"rendered":"<p>Veste ext\u00e9rieure coupe-vent et imperm\u00e9able pour femmes. La veste poss\u00e8de une doublure en mesh gratt\u00e9e et toutes les coutures sont soud\u00e9es. Des couleurs contrast\u00e9es fonc\u00e9es ont \u00e9t\u00e9 utilis\u00e9es aux endroits les plus sollicit\u00e9s afin de prot\u00e9ger contre les salissures. Une capuche amovible et un col haut doubl\u00e9 de polaire assurent un confort accru. La libert\u00e9 de mouvement est accrue par une fermeture \u00e9clair \u00e0 double sens, des bras pr\u00e9form\u00e9s et un dos allong\u00e9. Des bandes r\u00e9fl\u00e9chissantes de 50 mm assurent la visibilit\u00e9. Des solutions de poches intelligentes offrent d'\u00e9normes possibilit\u00e9s de rangement. Certifi\u00e9 selon EN 343. EN ISO 20471, classe 2.<\/p>\n<p>FERMETURE : Ceinture r\u00e9glable avec cordon de serrage. Poignet int\u00e9rieur avec trou pour le pouce. D\u00c9TAILS : Poche pour carte d'identit\u00e9 amovible. Capuche amovible et r\u00e9glable. Col doubl\u00e9 en polaire. FERMETURE FRONTALE : Patte de boutonnage avec doublure en polaire \u00e0 l'int\u00e9rieur. FONCTIONNALIT\u00c9 : Mat\u00e9riau coupe-vent &amp; imperm\u00e9able avec respirabilit\u00e9, coutures soud\u00e9es. Manches pr\u00e9form\u00e9es. CARACT\u00c9RISTIQUES PRINCIPALES : Artisan. EN ISO 20471. REFLEX : Bandes r\u00e9fl\u00e9chissantes de transfert de 50 mm de large. TISSU : Disponible pour hommes et femmes. Jaune haute visibilit\u00e9. Imperm\u00e9able \u00e0 l'eau. Protection haute visibilit\u00e9. POCHES : Poche de poitrine avec fermeture \u00e0 glissi\u00e8re. Poche pour documents \u00e0 l'avant. Poche int\u00e9rieure avec fermeture velcro. Poches de rangement avec fermeture \u00e9clair et doublure en polaire. INSTRUCTIONS DE LAVAGE : Nombre de lavages : 20. Ne pas essorer. CERTIFICATION : EN 343, classe 4,4. Les v\u00eatements de classe 2 et 3 en orange sont conformes \u00e0 la norme RIS-3279-TOM Issue 2.<\/p>\n<p>100% Polyester, serg\u00e9, stretch, enduit, \u00e9tanche \u00e0 l'eau 11.000mm, coupe-vent, respirant Ret 6,3, 150 g\/m\u00b2.<\/p>","protected":false},"excerpt":{"rendered":"<p>Wind- und wasserdichte Aussenjacke f\u00fcr Damen. Die Jacke besitzt ein aufgerautes Mesh Futter und alle N\u00e4hte sind verschweisst. An den beanspruchtesten Stellen wurden dunkle Kontrastfarben eingesetzt, um vor Verschmutzung zu sch\u00fctzen. F\u00fcr einen erh\u00f6hten Tragekomfort sorgen eine abnehmbare Kapuze und ein hoher, mit Fleece gef\u00fctterter, Kragen. Die Bewegungsfreiheit wird durch einen Zwei-Wege-Reissverschluss, vorgeformte Arme und [&hellip;]<\/p>\n","protected":false},"featured_media":598329,"template":"","meta":[],"product_brand":[],"product_cat":[4186],"product_tag":[],"class_list":{"0":"post-598289","1":"product","2":"type-product","3":"status-publish","4":"has-post-thumbnail","6":"product_cat-jacken","7":"pa_brand-blaklaeder","8":"pa_brand-type-workwear","9":"pa_filter-color-blau","10":"pa_filter-color-gelb","11":"pa_filter-color-orange","12":"pa_filter-color-rot","13":"pa_filter-color-schwarz","15":"first","16":"instock","17":"sale","18":"taxable","19":"shipping-taxable","20":"purchasable","21":"product-type-variable","22":"add-to-wishlist-before_image"},"exclude_global_add_ons":[],"addons":[],"acf":[],"_links":{"self":[{"href":"https:\/\/shop.kustom.ch\/fr\/wp-json\/wp\/v2\/product\/598289"}],"collection":[{"href":"https:\/\/shop.kustom.ch\/fr\/wp-json\/wp\/v2\/product"}],"about":[{"href":"https:\/\/shop.kustom.ch\/fr\/wp-json\/wp\/v2\/types\/product"}],"wp:featuredmedia":[{"embeddable":true,"href":"https:\/\/shop.kustom.ch\/fr\/wp-json\/wp\/v2\/media\/598329"}],"wp:attachment":[{"href":"https:\/\/shop.kustom.ch\/fr\/wp-json\/wp\/v2\/media?parent=598289"}],"wp:term":[{"taxonomy":"product_brand","embeddable":true,"href":"https:\/\/shop.kustom.ch\/fr\/wp-json\/wp\/v2\/product_brand?post=598289"},{"taxonomy":"product_cat","embeddable":true,"href":"https:\/\/shop.kustom.ch\/fr\/wp-json\/wp\/v2\/product_cat?post=598289"},{"taxonomy":"product_tag","embeddable":true,"href":"https:\/\/shop.kustom.ch\/fr\/wp-json\/wp\/v2\/product_tag?post=598289"}],"curies":[{"name":"wp","href":"https:\/\/api.w.org\/{rel}","templated":true}]}}