{"id":598254,"date":"2025-03-05T01:52:09","date_gmt":"2025-03-05T00:52:09","guid":{"rendered":"https:\/\/shop.kustom.ch\/?post_type=product&#038;p=598254"},"modified":"2026-03-31T09:05:30","modified_gmt":"2026-03-31T08:05:30","slug":"damen-high-vis-jacke","status":"publish","type":"product","link":"https:\/\/shop.kustom.ch\/fr\/produit\/damen-high-vis-jacke\/","title":{"rendered":"Veste haute visibilit\u00e9 pour femmes"},"content":{"rendered":"<p>La veste est fabriqu\u00e9e dans un mat\u00e9riau robuste, l\u00e9ger et imperm\u00e9able pour garantir un meilleur confort et de meilleures performances. La veste n'est pas doubl\u00e9e et a \u00e9t\u00e9 con\u00e7ue pour vous rendre visible sous tous les angles gr\u00e2ce \u00e0 des bandes r\u00e9fl\u00e9chissantes, m\u00eame sur les \u00e9paules, afin que vous puissiez \u00eatre vu d'en haut lorsque vous vous penchez. La veste est plus courte \u00e0 l'avant pour offrir une libert\u00e9 de mouvement maximale et plus longue \u00e0 l'arri\u00e8re pour prot\u00e9ger le bas du dos. Certifi\u00e9 selon la norme EN ISO 20471, classe 2 v\u00eatements haute visibilit\u00e9.<\/p>\n<p>FERMETURE : Ceinture r\u00e9glable avec fermeture Velcro. Poignets r\u00e9glables avec fermeture velcro. D\u00c9TAILS : Poche pour carte d'identit\u00e9 amovible. Soufflet au dos. Col haut avec fermeture \u00e0 glissi\u00e8re. FERMETURE FRONTALE : Fermeture \u00e0 glissi\u00e8re plastique \u00e0 double sens dissimul\u00e9e. FONCTIONNALIT\u00c9 : Champs de couleur fonc\u00e9e dans les zones expos\u00e9es \u00e0 la salet\u00e9. Taille pour femmes. CARACT\u00c9RISTIQUES PRINCIPALES : Conducteur. EN ISO 20471. TISSU : Femmes. Jaune haute visibilit\u00e9. L\u00e9ger. Protection haute visibilit\u00e9. POCHES : Poche de poitrine avec fermeture \u00e9clair. Poche pour t\u00e9l\u00e9phone portable \u00e0 l'int\u00e9rieur. Poches int\u00e9rieures. Poches avant avec fermetures \u00e0 glissi\u00e8re. INSTRUCTIONS DE LAVAGE : Nombre de lavages : 40. Ne pas blanchir. LAVAGE : lavage industriel EN ISO 15797. CERTIFICATION : groupe de certification B<\/p>\n<p>65% polyester, 35% coton, serg\u00e9, ext\u00e9rieur hydrofuge, 240g\/m<\/p>","protected":false},"excerpt":{"rendered":"<p>Die Jacke besteht aus einem robusten, leichten und wasserabweisenden Material, um besseren Komfort und Leistung zu garantieren. Die Jacke ist nicht gef\u00fcttert und wurde entwickelt, um Sie mit Reflexstreifen aus allen Richtungen sichtbar zu machen &#8211; sogar an den Schultern, damit Sie von oben sichtbar sind, wenn Sie sich b\u00fccken. Die Jacke ist vorne k\u00fcrzer, [&hellip;]<\/p>\n","protected":false},"featured_media":598302,"template":"","meta":[],"product_brand":[],"product_cat":[4186],"product_tag":[],"class_list":{"0":"post-598254","1":"product","2":"type-product","3":"status-publish","4":"has-post-thumbnail","6":"product_cat-jacken","7":"pa_brand-blaklaeder","8":"pa_brand-type-workwear","9":"pa_filter-color-blau","10":"pa_filter-color-gelb","11":"pa_filter-color-orange","12":"pa_filter-color-schwarz","14":"first","15":"instock","16":"sale","17":"taxable","18":"shipping-taxable","19":"purchasable","20":"product-type-variable","21":"add-to-wishlist-before_image"},"exclude_global_add_ons":[],"addons":[],"acf":[],"_links":{"self":[{"href":"https:\/\/shop.kustom.ch\/fr\/wp-json\/wp\/v2\/product\/598254"}],"collection":[{"href":"https:\/\/shop.kustom.ch\/fr\/wp-json\/wp\/v2\/product"}],"about":[{"href":"https:\/\/shop.kustom.ch\/fr\/wp-json\/wp\/v2\/types\/product"}],"wp:featuredmedia":[{"embeddable":true,"href":"https:\/\/shop.kustom.ch\/fr\/wp-json\/wp\/v2\/media\/598302"}],"wp:attachment":[{"href":"https:\/\/shop.kustom.ch\/fr\/wp-json\/wp\/v2\/media?parent=598254"}],"wp:term":[{"taxonomy":"product_brand","embeddable":true,"href":"https:\/\/shop.kustom.ch\/fr\/wp-json\/wp\/v2\/product_brand?post=598254"},{"taxonomy":"product_cat","embeddable":true,"href":"https:\/\/shop.kustom.ch\/fr\/wp-json\/wp\/v2\/product_cat?post=598254"},{"taxonomy":"product_tag","embeddable":true,"href":"https:\/\/shop.kustom.ch\/fr\/wp-json\/wp\/v2\/product_tag?post=598254"}],"curies":[{"name":"wp","href":"https:\/\/api.w.org\/{rel}","templated":true}]}}