{"id":598237,"date":"2025-03-05T01:52:06","date_gmt":"2025-03-05T00:52:06","guid":{"rendered":"https:\/\/shop.kustom.ch\/?post_type=product&#038;p=598237"},"modified":"2026-03-31T09:05:29","modified_gmt":"2026-03-31T08:05:29","slug":"damen-high-vis-softshell-jacke-3","status":"publish","type":"product","link":"https:\/\/shop.kustom.ch\/fr\/produit\/damen-high-vis-softshell-jacke-3\/","title":{"rendered":"Veste Softshell haute visibilit\u00e9 pour femmes"},"content":{"rendered":"<p>Veste softshell haute visibilit\u00e9 de coupe classique pour femmes, fabriqu\u00e9e dans un mat\u00e9riau imperm\u00e9able au vent et \u00e0 l'eau et respirant. La veste est dot\u00e9e d'une fermeture \u00e9clair \u00e0 double sens et de bras pr\u00e9form\u00e9s, d'un col haut doubl\u00e9 de polaire pour une grande libert\u00e9 de mouvement et un grand confort. Le dos allong\u00e9 \u00e9vite les tiraillements d\u00e9sagr\u00e9ables dans le bas du dos. Certifi\u00e9e selon la norme EN ISO 20471 classe 2.<\/p>\n<p>FERMETURE : Ceinture r\u00e9glable avec cordon de serrage. Poignets r\u00e9glables. D\u00c9TAILS : Poche amovible pour carte d'identit\u00e9. Col doubl\u00e9 en polaire. FERMETURE FRONTALE : Fermeture \u00e0 glissi\u00e8re plastique \u00e0 double sens. FONCTIONNALIT\u00c9 : Imperm\u00e9able au vent et \u00e0 l'eau, coutures non scell\u00e9es, respirant. Taille pour femmes. CARACT\u00c9RISTIQUES PRINCIPALES : Conducteur. EN ISO 20471. R\u00c9FLEXE : bandes r\u00e9fl\u00e9chissantes de 50 mm de large. TISSU : Femme. Jaune haute visibilit\u00e9. Respirabilit\u00e9 de la peau. Protection contre la haute visibilit\u00e9. POCHES : Poches poitrine avec fermetures \u00e0 glissi\u00e8re et anneau en D. Poches int\u00e9rieures. Poches avant avec fermeture \u00e9clair, doubl\u00e9es de polaire. INSTRUCTIONS DE LAVAGE : Nombre de lavages : 25. Ne pas essorer. CERTIFICATION : Groupe de certification B<\/p>\n<p>100% polyester, tissu softshell 3 couches, imperm\u00e9able 17.000mm, coupe-vent, respirant Ret 7,2, 300 g\/m<\/p>","protected":false},"excerpt":{"rendered":"<p>High-Vis Softshelljacke im klassischen Damen-Schnitt aus einem wind-und wasserdichten und atmungsaktiven Material. Die Jacke hat einen 2-Wege-Reissverschluss und vorgeformte Arme, einen hohen, mit Fleece gef\u00fctterten, Kragen f\u00fcr hohe Bewegungsfreiheit und Tragekomfort. Der verl\u00e4ngerte R\u00fccken verhindert unangenehmen Zug am unteren R\u00fccken. Zertifiziert nach EN ISO 20471 Klasse 2. ABSCHLUSS: Verstellbarer Bund mit Kordelzug. Verstellbare \u00c4rmelb\u00fcndchen. DETAILS: [&hellip;]<\/p>\n","protected":false},"featured_media":598300,"template":"","meta":[],"product_brand":[],"product_cat":[4186],"product_tag":[],"class_list":{"0":"post-598237","1":"product","2":"type-product","3":"status-publish","4":"has-post-thumbnail","6":"product_cat-jacken","7":"pa_brand-blaklaeder","8":"pa_brand-type-workwear","9":"pa_filter-color-blau","10":"pa_filter-color-gelb","11":"pa_filter-color-orange","12":"pa_filter-color-schwarz","14":"first","15":"instock","16":"sale","17":"taxable","18":"shipping-taxable","19":"purchasable","20":"product-type-variable","21":"add-to-wishlist-before_image"},"exclude_global_add_ons":[],"addons":[],"acf":[],"_links":{"self":[{"href":"https:\/\/shop.kustom.ch\/fr\/wp-json\/wp\/v2\/product\/598237"}],"collection":[{"href":"https:\/\/shop.kustom.ch\/fr\/wp-json\/wp\/v2\/product"}],"about":[{"href":"https:\/\/shop.kustom.ch\/fr\/wp-json\/wp\/v2\/types\/product"}],"wp:featuredmedia":[{"embeddable":true,"href":"https:\/\/shop.kustom.ch\/fr\/wp-json\/wp\/v2\/media\/598300"}],"wp:attachment":[{"href":"https:\/\/shop.kustom.ch\/fr\/wp-json\/wp\/v2\/media?parent=598237"}],"wp:term":[{"taxonomy":"product_brand","embeddable":true,"href":"https:\/\/shop.kustom.ch\/fr\/wp-json\/wp\/v2\/product_brand?post=598237"},{"taxonomy":"product_cat","embeddable":true,"href":"https:\/\/shop.kustom.ch\/fr\/wp-json\/wp\/v2\/product_cat?post=598237"},{"taxonomy":"product_tag","embeddable":true,"href":"https:\/\/shop.kustom.ch\/fr\/wp-json\/wp\/v2\/product_tag?post=598237"}],"curies":[{"name":"wp","href":"https:\/\/api.w.org\/{rel}","templated":true}]}}