{"id":598216,"date":"2025-03-05T01:51:26","date_gmt":"2025-03-05T00:51:26","guid":{"rendered":"https:\/\/shop.kustom.ch\/?post_type=product&#038;p=598216"},"modified":"2026-03-31T09:05:24","modified_gmt":"2026-03-31T08:05:24","slug":"high-vis-softshell-jacke-6","status":"publish","type":"product","link":"https:\/\/shop.kustom.ch\/fr\/produit\/high-vis-softshell-jacke-6\/","title":{"rendered":"Veste Softshell haute visibilit\u00e9"},"content":{"rendered":"<p>Veste softshell moderne dans des couleurs high-vis en tissu respirant et hydrofuge. La veste a un col haut et large, dont le tissu polaire doux est tr\u00e8s confortable ! Une veste avec laquelle il faut compter, que vous travailliez dans le b\u00e2timent, dans les transports ou dans l'industrie. Certifi\u00e9e selon la norme EN ISO 20471 classe 2 - meilleure visibilit\u00e9 au travail.<\/p>\n<p>FERMETURE : Ceinture r\u00e9glable avec cordon de serrage. Poignets r\u00e9glables avec fermeture velcro. D\u00c9TAILS : Poche amovible pour carte d'identit\u00e9. Col doubl\u00e9 en polaire. FERMETURE FRONTALE : Fermeture \u00e0 glissi\u00e8re en plastique. FONCTIONNALIT\u00c9 : Imperm\u00e9able au vent et \u00e0 l'eau, coutures non scell\u00e9es, respirant. TRAVAILLEURS PRINCIPAUX : Travailleurs de la route et du b\u00e2timent. EN ISO 20471. REFLEX : Mat\u00e9riau r\u00e9fl\u00e9chissant sur le torse, les manches et les \u00e9paules. TISSU : pour hommes. Jaune haute visibilit\u00e9. Coupe-vent. Protection haute visibilit\u00e9. POCHES : Poches poitrine avec fermetures \u00e0 glissi\u00e8re et anneau en D. Poches int\u00e9rieures. Poches avant avec fermeture \u00e9clair, doubl\u00e9es de polaire. INSTRUCTIONS DE LAVAGE : Nombre de lavages : 20. 40\u00b0 C. CERTIFICATION : EN ISO 20471, classe 2<\/p>\n<p>100% polyester, tissu softshell 3 couches, imperm\u00e9able 17.000mm, coupe-vent, respirant Ret 7,2, 300 g\/m<\/p>","protected":false},"excerpt":{"rendered":"<p>Moderne Softshell-Jacke in High-Vis Farben aus atmungsaktivem wasserabweisenden Stoff. Die Jacke hat einen hohen, breiten Kragen, dessen weicher Fleecestoff sehr bequem ist! Eine Jacke mit der man rechnen kann, egal ob Sie beim Bau, im Verkehr oder in der Industrie arbeiten. Zertifiziert nach EN ISO 20471 Klasse 2 &#8211; bessere Sichtbarkeit bei der Arbeit. ABSCHLUSS: [&hellip;]<\/p>\n","protected":false},"featured_media":598265,"template":"","meta":[],"product_brand":[],"product_cat":[4186],"product_tag":[],"class_list":{"0":"post-598216","1":"product","2":"type-product","3":"status-publish","4":"has-post-thumbnail","6":"product_cat-jacken","7":"pa_brand-blaklaeder","8":"pa_brand-type-workwear","9":"pa_filter-color-blau","10":"pa_filter-color-gelb","11":"pa_filter-color-orange","12":"pa_filter-color-schwarz","14":"first","15":"instock","16":"sale","17":"taxable","18":"shipping-taxable","19":"purchasable","20":"product-type-variable","21":"add-to-wishlist-before_image"},"exclude_global_add_ons":[],"addons":[],"acf":[],"_links":{"self":[{"href":"https:\/\/shop.kustom.ch\/fr\/wp-json\/wp\/v2\/product\/598216"}],"collection":[{"href":"https:\/\/shop.kustom.ch\/fr\/wp-json\/wp\/v2\/product"}],"about":[{"href":"https:\/\/shop.kustom.ch\/fr\/wp-json\/wp\/v2\/types\/product"}],"wp:featuredmedia":[{"embeddable":true,"href":"https:\/\/shop.kustom.ch\/fr\/wp-json\/wp\/v2\/media\/598265"}],"wp:attachment":[{"href":"https:\/\/shop.kustom.ch\/fr\/wp-json\/wp\/v2\/media?parent=598216"}],"wp:term":[{"taxonomy":"product_brand","embeddable":true,"href":"https:\/\/shop.kustom.ch\/fr\/wp-json\/wp\/v2\/product_brand?post=598216"},{"taxonomy":"product_cat","embeddable":true,"href":"https:\/\/shop.kustom.ch\/fr\/wp-json\/wp\/v2\/product_cat?post=598216"},{"taxonomy":"product_tag","embeddable":true,"href":"https:\/\/shop.kustom.ch\/fr\/wp-json\/wp\/v2\/product_tag?post=598216"}],"curies":[{"name":"wp","href":"https:\/\/api.w.org\/{rel}","templated":true}]}}